{"id":51,"date":"2024-08-04T09:16:28","date_gmt":"2024-08-04T12:16:28","guid":{"rendered":"http:\/\/137.116.112.48:8080\/?page_id=51"},"modified":"2025-06-02T15:43:41","modified_gmt":"2025-06-02T18:43:41","slug":"mangueira-zomo","status":"publish","type":"page","link":"https:\/\/zomoofficial.com\/es\/mangueira-zomo\/","title":{"rendered":"Manguera Zomo"},"content":{"rendered":"<div data-elementor-type=\"wp-page\" data-elementor-id=\"51\" class=\"elementor elementor-51\" data-elementor-settings=\"{&quot;element_pack_global_tooltip_width&quot;:{&quot;unit&quot;:&quot;px&quot;,&quot;size&quot;:&quot;&quot;,&quot;sizes&quot;:[]},&quot;element_pack_global_tooltip_width_tablet&quot;:{&quot;unit&quot;:&quot;px&quot;,&quot;size&quot;:&quot;&quot;,&quot;sizes&quot;:[]},&quot;element_pack_global_tooltip_width_mobile&quot;:{&quot;unit&quot;:&quot;px&quot;,&quot;size&quot;:&quot;&quot;,&quot;sizes&quot;:[]},&quot;element_pack_global_tooltip_padding&quot;:{&quot;unit&quot;:&quot;px&quot;,&quot;top&quot;:&quot;&quot;,&quot;right&quot;:&quot;&quot;,&quot;bottom&quot;:&quot;&quot;,&quot;left&quot;:&quot;&quot;,&quot;isLinked&quot;:true},&quot;element_pack_global_tooltip_padding_tablet&quot;:{&quot;unit&quot;:&quot;px&quot;,&quot;top&quot;:&quot;&quot;,&quot;right&quot;:&quot;&quot;,&quot;bottom&quot;:&quot;&quot;,&quot;left&quot;:&quot;&quot;,&quot;isLinked&quot;:true},&quot;element_pack_global_tooltip_padding_mobile&quot;:{&quot;unit&quot;:&quot;px&quot;,&quot;top&quot;:&quot;&quot;,&quot;right&quot;:&quot;&quot;,&quot;bottom&quot;:&quot;&quot;,&quot;left&quot;:&quot;&quot;,&quot;isLinked&quot;:true},&quot;element_pack_global_tooltip_border_radius&quot;:{&quot;unit&quot;:&quot;px&quot;,&quot;top&quot;:&quot;&quot;,&quot;right&quot;:&quot;&quot;,&quot;bottom&quot;:&quot;&quot;,&quot;left&quot;:&quot;&quot;,&quot;isLinked&quot;:true},&quot;element_pack_global_tooltip_border_radius_tablet&quot;:{&quot;unit&quot;:&quot;px&quot;,&quot;top&quot;:&quot;&quot;,&quot;right&quot;:&quot;&quot;,&quot;bottom&quot;:&quot;&quot;,&quot;left&quot;:&quot;&quot;,&quot;isLinked&quot;:true},&quot;element_pack_global_tooltip_border_radius_mobile&quot;:{&quot;unit&quot;:&quot;px&quot;,&quot;top&quot;:&quot;&quot;,&quot;right&quot;:&quot;&quot;,&quot;bottom&quot;:&quot;&quot;,&quot;left&quot;:&quot;&quot;,&quot;isLinked&quot;:true}}\" data-elementor-post-type=\"page\">\n\t\t\t\t<div class=\"elementor-element elementor-element-7254ed3e e-con-full e-flex e-con e-parent\" data-id=\"7254ed3e\" data-element_type=\"container\">\n\t\t\t\t<\/div>\n\t\t<div class=\"elementor-element elementor-element-72990115 e-flex e-con-boxed e-con e-parent\" data-id=\"72990115\" data-element_type=\"container\">\n\t\t\t\t\t<div class=\"e-con-inner\">\n\t\t\t\t<div class=\"elementor-element elementor-element-8076671 elementor-widget elementor-widget-image\" data-id=\"8076671\" data-element_type=\"widget\" data-widget_type=\"image.default\">\n\t\t\t\t<div class=\"elementor-widget-container\">\n\t\t\t\t\t\t\t\t\t\t\t\t\t\t\t<img fetchpriority=\"high\" decoding=\"async\" width=\"540\" height=\"100\" src=\"https:\/\/zomoofficial.com\/wp-content\/uploads\/2025\/02\/myShishaHose.png\" class=\"attachment-full size-full wp-image-2703\" alt=\"\" srcset=\"https:\/\/zomoofficial.com\/wp-content\/uploads\/2025\/02\/myShishaHose.png 540w, https:\/\/zomoofficial.com\/wp-content\/uploads\/2025\/02\/myShishaHose-300x56.png 300w, https:\/\/zomoofficial.com\/wp-content\/uploads\/2025\/02\/myShishaHose-18x3.png 18w\" sizes=\"(max-width: 540px) 100vw, 540px\" \/>\t\t\t\t\t\t\t\t\t\t\t\t\t\t\t<\/div>\n\t\t\t\t<\/div>\n\t\t\t\t\t<\/div>\n\t\t\t\t<\/div>\n\t\t<div class=\"elementor-element elementor-element-16dc801a e-flex e-con-boxed e-con e-parent\" data-id=\"16dc801a\" data-element_type=\"container\">\n\t\t\t\t\t<div class=\"e-con-inner\">\n\t\t<div class=\"elementor-element elementor-element-60a1b819 e-con-full e-flex e-con e-child\" data-id=\"60a1b819\" data-element_type=\"container\">\n\t\t\t\t<div class=\"elementor-element elementor-element-565b2fda elementor-widget elementor-widget-heading\" data-id=\"565b2fda\" data-element_type=\"widget\" data-widget_type=\"heading.default\">\n\t\t\t\t<div class=\"elementor-widget-container\">\n\t\t\t\t\t<h2 class=\"elementor-heading-title elementor-size-default\">F\u00c1CIL LIMPIEZA<\/h2>\t\t\t\t<\/div>\n\t\t\t\t<\/div>\n\t\t\t\t<div class=\"elementor-element elementor-element-214b1bbe elementor-widget__width-initial elementor-widget elementor-widget-text-editor\" data-id=\"214b1bbe\" data-element_type=\"widget\" data-widget_type=\"text-editor.default\">\n\t\t\t\t<div class=\"elementor-widget-container\">\n\t\t\t\t\t\t\t\t\tAl estar hecho de material 100 % no t\u00f3xico, tu sesi\u00f3n no tendr\u00e1 sabor a pl\u00e1stico ni siquiera al usarlo por primera vez. Es r\u00e1pido y f\u00e1cil de limpiar, as\u00ed que tendr\u00e1s m\u00e1s tiempo para disfrutar de lo que m\u00e1s te gusta.\t\t\t\t\t\t\t\t<\/div>\n\t\t\t\t<\/div>\n\t\t\t\t<\/div>\n\t\t<div class=\"elementor-element elementor-element-790e01df e-con-full e-flex e-con e-child\" data-id=\"790e01df\" data-element_type=\"container\">\n\t\t\t\t<div class=\"elementor-element elementor-element-c35514d elementor-widget elementor-widget-heading\" data-id=\"c35514d\" data-element_type=\"widget\" data-widget_type=\"heading.default\">\n\t\t\t\t<div class=\"elementor-widget-container\">\n\t\t\t\t\t<h2 class=\"elementor-heading-title elementor-size-default\">MALEABILIDAD<\/h2>\t\t\t\t<\/div>\n\t\t\t\t<\/div>\n\t\t\t\t<div class=\"elementor-element elementor-element-aa3bd6b elementor-widget__width-initial elementor-widget elementor-widget-text-editor\" data-id=\"aa3bd6b\" data-element_type=\"widget\" data-widget_type=\"text-editor.default\">\n\t\t\t\t<div class=\"elementor-widget-container\">\n\t\t\t\t\t\t\t\t\tFlexibilidad para hacer la sesi\u00f3n con amigos y no tener miedo de pasar la manguera, porque no es un micr\u00f3fono. \u00a1Qu\u00e9 locura, amigo! Consigue tu manguera superior en Zomo.\t\t\t\t\t\t\t\t<\/div>\n\t\t\t\t<\/div>\n\t\t\t\t<\/div>\n\t\t\t\t\t<\/div>\n\t\t\t\t<\/div>\n\t\t<div class=\"elementor-element elementor-element-7fb0a305 e-flex e-con-boxed e-con e-parent\" data-id=\"7fb0a305\" data-element_type=\"container\">\n\t\t\t\t\t<div class=\"e-con-inner\">\n\t\t<div class=\"elementor-element elementor-element-52d3f307 e-con-full e-flex e-con e-child\" data-id=\"52d3f307\" data-element_type=\"container\">\n\t\t\t\t<div class=\"elementor-element elementor-element-e13e8ec elementor-widget elementor-widget-image\" data-id=\"e13e8ec\" data-element_type=\"widget\" data-widget_type=\"image.default\">\n\t\t\t\t<div class=\"elementor-widget-container\">\n\t\t\t\t\t\t\t\t\t\t\t\t\t\t\t<img decoding=\"async\" width=\"550\" height=\"334\" src=\"https:\/\/zomoofficial.com\/wp-content\/uploads\/2025\/02\/cores-das-mangueiras.png\" class=\"attachment-full size-full wp-image-2704\" alt=\"\" srcset=\"https:\/\/zomoofficial.com\/wp-content\/uploads\/2025\/02\/cores-das-mangueiras.png 550w, https:\/\/zomoofficial.com\/wp-content\/uploads\/2025\/02\/cores-das-mangueiras-300x182.png 300w, https:\/\/zomoofficial.com\/wp-content\/uploads\/2025\/02\/cores-das-mangueiras-18x12.png 18w\" sizes=\"(max-width: 550px) 100vw, 550px\" \/>\t\t\t\t\t\t\t\t\t\t\t\t\t\t\t<\/div>\n\t\t\t\t<\/div>\n\t\t\t\t<\/div>\n\t\t<div class=\"elementor-element elementor-element-14a47a0c e-con-full e-flex e-con e-child\" data-id=\"14a47a0c\" data-element_type=\"container\">\n\t\t\t\t<div class=\"elementor-element elementor-element-50271734 elementor-widget elementor-widget-heading\" data-id=\"50271734\" data-element_type=\"widget\" data-widget_type=\"heading.default\">\n\t\t\t\t<div class=\"elementor-widget-container\">\n\t\t\t\t\t<h2 class=\"elementor-heading-title elementor-size-default\">ELIGE TU COLOR<\/h2>\t\t\t\t<\/div>\n\t\t\t\t<\/div>\n\t\t\t\t<div class=\"elementor-element elementor-element-115d9845 elementor-widget__width-initial elementor-widget elementor-widget-text-editor\" data-id=\"115d9845\" data-element_type=\"widget\" data-widget_type=\"text-editor.default\">\n\t\t\t\t<div class=\"elementor-widget-container\">\n\t\t\t\t\t\t\t\t\tPara que tu configuraci\u00f3n destaque, nada mejor que tener varias opciones de color. Te ofrecemos varios colores para que tu cachimba sea incre\u00edble.\t\t\t\t\t\t\t\t<\/div>\n\t\t\t\t<\/div>\n\t\t\t\t<\/div>\n\t\t\t\t\t<\/div>\n\t\t\t\t<\/div>\n\t\t<div class=\"elementor-element elementor-element-2dcd713f e-flex e-con-boxed e-con e-parent\" data-id=\"2dcd713f\" data-element_type=\"container\">\n\t\t\t\t\t<div class=\"e-con-inner\">\n\t\t<div class=\"elementor-element elementor-element-508f794a e-con-full e-flex e-con e-child\" data-id=\"508f794a\" data-element_type=\"container\">\n\t\t\t\t<div class=\"elementor-element elementor-element-731baeae elementor-widget elementor-widget-heading\" data-id=\"731baeae\" data-element_type=\"widget\" data-widget_type=\"heading.default\">\n\t\t\t\t<div class=\"elementor-widget-container\">\n\t\t\t\t\t<h2 class=\"elementor-heading-title elementor-size-default\">100% NO T\u00d3XICO Y MUY RESISTENTE<\/h2>\t\t\t\t<\/div>\n\t\t\t\t<\/div>\n\t\t\t\t<div class=\"elementor-element elementor-element-20dddcac elementor-widget__width-initial elementor-widget elementor-widget-text-editor\" data-id=\"20dddcac\" data-element_type=\"widget\" data-widget_type=\"text-editor.default\">\n\t\t\t\t<div class=\"elementor-widget-container\">\n\t\t\t\t\t\t\t\t\tNuestras mangueras est\u00e1n libres de componentes t\u00f3xicos, lo que garantiza la seguridad y una sesi\u00f3n tranquila. Puedes carburar sin preocupaciones.\nEl material utilizado es pol\u00edmero termopl\u00e1stico, lo que garantiza mayor resistencia y calidad del producto.\t\t\t\t\t\t\t\t<\/div>\n\t\t\t\t<\/div>\n\t\t\t\t<\/div>\n\t\t<div class=\"elementor-element elementor-element-1c85c17e e-con-full e-flex e-con e-child\" data-id=\"1c85c17e\" data-element_type=\"container\">\n\t\t\t\t<div class=\"elementor-element elementor-element-fbdd2cf elementor-widget elementor-widget-image\" data-id=\"fbdd2cf\" data-element_type=\"widget\" data-widget_type=\"image.default\">\n\t\t\t\t<div class=\"elementor-widget-container\">\n\t\t\t\t\t\t\t\t\t\t\t\t\t\t\t<img decoding=\"async\" width=\"575\" height=\"334\" src=\"https:\/\/zomoofficial.com\/wp-content\/uploads\/2025\/02\/mangueira-roxa-hose-zomo.png\" class=\"attachment-full size-full wp-image-2705\" alt=\"\" srcset=\"https:\/\/zomoofficial.com\/wp-content\/uploads\/2025\/02\/mangueira-roxa-hose-zomo.png 575w, https:\/\/zomoofficial.com\/wp-content\/uploads\/2025\/02\/mangueira-roxa-hose-zomo-300x174.png 300w, https:\/\/zomoofficial.com\/wp-content\/uploads\/2025\/02\/mangueira-roxa-hose-zomo-18x10.png 18w\" sizes=\"(max-width: 575px) 100vw, 575px\" \/>\t\t\t\t\t\t\t\t\t\t\t\t\t\t\t<\/div>\n\t\t\t\t<\/div>\n\t\t\t\t<\/div>\n\t\t\t\t\t<\/div>\n\t\t\t\t<\/div>\n\t\t<div class=\"elementor-element elementor-element-6eb99644 e-flex e-con-boxed e-con e-parent\" data-id=\"6eb99644\" data-element_type=\"container\" data-settings=\"{&quot;background_background&quot;:&quot;classic&quot;}\">\n\t\t\t\t\t<div class=\"e-con-inner\">\n\t\t\t\t\t<\/div>\n\t\t\t\t<\/div>\n\t\t<div class=\"elementor-element elementor-element-f3b3afe e-flex e-con-boxed e-con e-parent\" data-id=\"f3b3afe\" data-element_type=\"container\">\n\t\t\t\t\t<div class=\"e-con-inner\">\n\t\t\t\t<div class=\"elementor-element elementor-element-54aa82a6 elementor-widget elementor-widget-heading\" data-id=\"54aa82a6\" data-element_type=\"widget\" data-widget_type=\"heading.default\">\n\t\t\t\t<div class=\"elementor-widget-container\">\n\t\t\t\t\t<h2 class=\"elementor-heading-title elementor-size-default\">Productos relacionados<\/h2>\t\t\t\t<\/div>\n\t\t\t\t<\/div>\n\t\t\t\t\t<\/div>\n\t\t\t\t<\/div>\n\t\t<div class=\"elementor-element elementor-element-44f3866c e-flex e-con-boxed e-con e-parent\" data-id=\"44f3866c\" data-element_type=\"container\">\n\t\t\t\t\t<div class=\"e-con-inner\">\n\t\t<div class=\"elementor-element elementor-element-67982032 e-con-full e-flex e-con e-child\" data-id=\"67982032\" data-element_type=\"container\">\n\t\t\t\t<div class=\"elementor-element elementor-element-ef380c5 elementor-widget elementor-widget-image\" data-id=\"ef380c5\" data-element_type=\"widget\" data-widget_type=\"image.default\">\n\t\t\t\t<div class=\"elementor-widget-container\">\n\t\t\t\t\t\t\t\t\t\t\t\t\t\t\t\t<a href=\"https:\/\/zomoofficial.com\/es\/zomo-zona-narguiles\/\">\n\t\t\t\t\t\t\t<img loading=\"lazy\" decoding=\"async\" width=\"800\" height=\"800\" src=\"https:\/\/zomoofficial.com\/wp-content\/uploads\/2025\/01\/zomo_narguiles_site-1024x1024.png\" class=\"attachment-large size-large wp-image-2036\" alt=\"\" srcset=\"https:\/\/zomoofficial.com\/wp-content\/uploads\/2025\/01\/zomo_narguiles_site-1024x1024.png 1024w, https:\/\/zomoofficial.com\/wp-content\/uploads\/2025\/01\/zomo_narguiles_site-300x300.png 300w, https:\/\/zomoofficial.com\/wp-content\/uploads\/2025\/01\/zomo_narguiles_site-150x150.png 150w, https:\/\/zomoofficial.com\/wp-content\/uploads\/2025\/01\/zomo_narguiles_site-768x768.png 768w, https:\/\/zomoofficial.com\/wp-content\/uploads\/2025\/01\/zomo_narguiles_site-12x12.png 12w, https:\/\/zomoofficial.com\/wp-content\/uploads\/2025\/01\/zomo_narguiles_site.png 1080w\" sizes=\"(max-width: 800px) 100vw, 800px\" \/>\t\t\t\t\t\t\t\t<\/a>\n\t\t\t\t\t\t\t\t\t\t\t\t\t\t\t<\/div>\n\t\t\t\t<\/div>\n\t\t\t\t<div class=\"elementor-element elementor-element-39258d7 elementor-widget elementor-widget-heading\" data-id=\"39258d7\" data-element_type=\"widget\" data-widget_type=\"heading.default\">\n\t\t\t\t<div class=\"elementor-widget-container\">\n\t\t\t\t\t<h2 class=\"elementor-heading-title elementor-size-default\">Narguiles<\/h2>\t\t\t\t<\/div>\n\t\t\t\t<\/div>\n\t\t\t\t<div class=\"elementor-element elementor-element-6e0e6910 elementor-widget elementor-widget-text-editor\" data-id=\"6e0e6910\" data-element_type=\"widget\" data-widget_type=\"text-editor.default\">\n\t\t\t\t<div class=\"elementor-widget-container\">\n\t\t\t\t\t\t\t\t\t<p>Disfruta de sesiones m\u00e1s largas, las shishas Zomo son sin\u00f3nimo de calidad y\u2026<\/p>\t\t\t\t\t\t\t\t<\/div>\n\t\t\t\t<\/div>\n\t\t\t\t<div class=\"elementor-element elementor-element-39f61389 elementor-widget elementor-widget-button\" data-id=\"39f61389\" data-element_type=\"widget\" data-widget_type=\"button.default\">\n\t\t\t\t<div class=\"elementor-widget-container\">\n\t\t\t\t\t\t\t\t\t<div class=\"elementor-button-wrapper\">\n\t\t\t\t\t<a class=\"elementor-button elementor-button-link elementor-size-sm\" href=\"https:\/\/zomoofficial.com\/es\/zomo-zona-narguiles\/\">\n\t\t\t\t\t\t<span class=\"elementor-button-content-wrapper\">\n\t\t\t\t\t\t<span class=\"elementor-button-icon\">\n\t\t\t\t<svg aria-hidden=\"true\" class=\"e-font-icon-svg e-fas-arrow-alt-circle-right\" viewbox=\"0 0 512 512\" xmlns=\"http:\/\/www.w3.org\/2000\/svg\"><path d=\"M256 8c137 0 248 111 248 248S393 504 256 504 8 393 8 256 119 8 256 8zM140 300h116v70.9c0 10.7 13 16.1 20.5 8.5l114.3-114.9c4.7-4.7 4.7-12.2 0-16.9l-114.3-115c-7.6-7.6-20.5-2.2-20.5 8.5V212H140c-6.6 0-12 5.4-12 12v64c0 6.6 5.4 12 12 12z\"><\/path><\/svg>\t\t\t<\/span>\n\t\t\t\t\t\t\t\t\t<span class=\"elementor-button-text\">VER M\u00c1S<\/span>\n\t\t\t\t\t<\/span>\n\t\t\t\t\t<\/a>\n\t\t\t\t<\/div>\n\t\t\t\t\t\t\t\t<\/div>\n\t\t\t\t<\/div>\n\t\t\t\t<\/div>\n\t\t<div class=\"elementor-element elementor-element-5d79c0ce e-con-full e-flex e-con e-child\" data-id=\"5d79c0ce\" data-element_type=\"container\">\n\t\t\t\t<div class=\"elementor-element elementor-element-33155481 elementor-widget elementor-widget-image\" data-id=\"33155481\" data-element_type=\"widget\" data-widget_type=\"image.default\">\n\t\t\t\t<div class=\"elementor-widget-container\">\n\t\t\t\t\t\t\t\t\t\t\t\t\t\t\t<img loading=\"lazy\" decoding=\"async\" width=\"800\" height=\"800\" src=\"https:\/\/zomoofficial.com\/wp-content\/uploads\/2025\/01\/zomo_carvao_site-1024x1024.png\" class=\"attachment-large size-large wp-image-2037\" alt=\"\" srcset=\"https:\/\/zomoofficial.com\/wp-content\/uploads\/2025\/01\/zomo_carvao_site-1024x1024.png 1024w, https:\/\/zomoofficial.com\/wp-content\/uploads\/2025\/01\/zomo_carvao_site-300x300.png 300w, https:\/\/zomoofficial.com\/wp-content\/uploads\/2025\/01\/zomo_carvao_site-150x150.png 150w, https:\/\/zomoofficial.com\/wp-content\/uploads\/2025\/01\/zomo_carvao_site-768x768.png 768w, https:\/\/zomoofficial.com\/wp-content\/uploads\/2025\/01\/zomo_carvao_site-12x12.png 12w, https:\/\/zomoofficial.com\/wp-content\/uploads\/2025\/01\/zomo_carvao_site.png 1080w\" sizes=\"(max-width: 800px) 100vw, 800px\" \/>\t\t\t\t\t\t\t\t\t\t\t\t\t\t\t<\/div>\n\t\t\t\t<\/div>\n\t\t\t\t<div class=\"elementor-element elementor-element-2f1ab3ca elementor-widget elementor-widget-heading\" data-id=\"2f1ab3ca\" data-element_type=\"widget\" data-widget_type=\"heading.default\">\n\t\t\t\t<div class=\"elementor-widget-container\">\n\t\t\t\t\t<h2 class=\"elementor-heading-title elementor-size-default\">Carb\u00f3n<\/h2>\t\t\t\t<\/div>\n\t\t\t\t<\/div>\n\t\t\t\t<div class=\"elementor-element elementor-element-4b8013b5 elementor-widget elementor-widget-text-editor\" data-id=\"4b8013b5\" data-element_type=\"widget\" data-widget_type=\"text-editor.default\">\n\t\t\t\t<div class=\"elementor-widget-container\">\n\t\t\t\t\t\t\t\t\t<p>Carb\u00f3n 100% ecol\u00f3gico, elaborado a partir de fibra de coco, ultra resistente, completamente libre de\u2026<\/p>\t\t\t\t\t\t\t\t<\/div>\n\t\t\t\t<\/div>\n\t\t\t\t<div class=\"elementor-element elementor-element-3f86ca6f elementor-widget elementor-widget-button\" data-id=\"3f86ca6f\" data-element_type=\"widget\" data-widget_type=\"button.default\">\n\t\t\t\t<div class=\"elementor-widget-container\">\n\t\t\t\t\t\t\t\t\t<div class=\"elementor-button-wrapper\">\n\t\t\t\t\t<a class=\"elementor-button elementor-button-link elementor-size-sm\" href=\"#\">\n\t\t\t\t\t\t<span class=\"elementor-button-content-wrapper\">\n\t\t\t\t\t\t<span class=\"elementor-button-icon\">\n\t\t\t\t<svg aria-hidden=\"true\" class=\"e-font-icon-svg e-fas-arrow-alt-circle-right\" viewbox=\"0 0 512 512\" xmlns=\"http:\/\/www.w3.org\/2000\/svg\"><path d=\"M256 8c137 0 248 111 248 248S393 504 256 504 8 393 8 256 119 8 256 8zM140 300h116v70.9c0 10.7 13 16.1 20.5 8.5l114.3-114.9c4.7-4.7 4.7-12.2 0-16.9l-114.3-115c-7.6-7.6-20.5-2.2-20.5 8.5V212H140c-6.6 0-12 5.4-12 12v64c0 6.6 5.4 12 12 12z\"><\/path><\/svg>\t\t\t<\/span>\n\t\t\t\t\t\t\t\t\t<span class=\"elementor-button-text\">VER M\u00c1S<\/span>\n\t\t\t\t\t<\/span>\n\t\t\t\t\t<\/a>\n\t\t\t\t<\/div>\n\t\t\t\t\t\t\t\t<\/div>\n\t\t\t\t<\/div>\n\t\t\t\t<\/div>\n\t\t<div class=\"elementor-element elementor-element-4386573f e-con-full e-flex e-con e-child\" data-id=\"4386573f\" data-element_type=\"container\">\n\t\t\t\t<div class=\"elementor-element elementor-element-332868fa elementor-widget elementor-widget-image\" data-id=\"332868fa\" data-element_type=\"widget\" data-widget_type=\"image.default\">\n\t\t\t\t<div class=\"elementor-widget-container\">\n\t\t\t\t\t\t\t\t\t\t\t\t\t\t\t\t<a href=\"https:\/\/zomoofficial.com\/es\/mangueira-zomo\/\">\n\t\t\t\t\t\t\t<img loading=\"lazy\" decoding=\"async\" width=\"800\" height=\"800\" src=\"https:\/\/zomoofficial.com\/wp-content\/uploads\/2025\/01\/zomo_mangueira_site-1024x1024.png\" class=\"attachment-large size-large wp-image-2035\" alt=\"\" srcset=\"https:\/\/zomoofficial.com\/wp-content\/uploads\/2025\/01\/zomo_mangueira_site-1024x1024.png 1024w, https:\/\/zomoofficial.com\/wp-content\/uploads\/2025\/01\/zomo_mangueira_site-300x300.png 300w, https:\/\/zomoofficial.com\/wp-content\/uploads\/2025\/01\/zomo_mangueira_site-150x150.png 150w, https:\/\/zomoofficial.com\/wp-content\/uploads\/2025\/01\/zomo_mangueira_site-768x768.png 768w, https:\/\/zomoofficial.com\/wp-content\/uploads\/2025\/01\/zomo_mangueira_site-12x12.png 12w, https:\/\/zomoofficial.com\/wp-content\/uploads\/2025\/01\/zomo_mangueira_site.png 1080w\" sizes=\"(max-width: 800px) 100vw, 800px\" \/>\t\t\t\t\t\t\t\t<\/a>\n\t\t\t\t\t\t\t\t\t\t\t\t\t\t\t<\/div>\n\t\t\t\t<\/div>\n\t\t\t\t<div class=\"elementor-element elementor-element-58581393 elementor-widget elementor-widget-heading\" data-id=\"58581393\" data-element_type=\"widget\" data-widget_type=\"heading.default\">\n\t\t\t\t<div class=\"elementor-widget-container\">\n\t\t\t\t\t<h2 class=\"elementor-heading-title elementor-size-default\">Manguera<\/h2>\t\t\t\t<\/div>\n\t\t\t\t<\/div>\n\t\t\t\t<div class=\"elementor-element elementor-element-1414e02e elementor-widget elementor-widget-text-editor\" data-id=\"1414e02e\" data-element_type=\"widget\" data-widget_type=\"text-editor.default\">\n\t\t\t\t<div class=\"elementor-widget-container\">\n\t\t\t\t\t\t\t\t\t<p>La manguera est\u00e1 hecha de pol\u00edmero termopl\u00e1stico ultraresistente, f\u00e1cil de limpiar\u2026<\/p>\t\t\t\t\t\t\t\t<\/div>\n\t\t\t\t<\/div>\n\t\t\t\t<div class=\"elementor-element elementor-element-74d76614 elementor-widget elementor-widget-button\" data-id=\"74d76614\" data-element_type=\"widget\" data-widget_type=\"button.default\">\n\t\t\t\t<div class=\"elementor-widget-container\">\n\t\t\t\t\t\t\t\t\t<div class=\"elementor-button-wrapper\">\n\t\t\t\t\t<a class=\"elementor-button elementor-button-link elementor-size-sm\" href=\"https:\/\/zomoofficial.com\/es\/mangueira-zomo\/\">\n\t\t\t\t\t\t<span class=\"elementor-button-content-wrapper\">\n\t\t\t\t\t\t<span class=\"elementor-button-icon\">\n\t\t\t\t<svg aria-hidden=\"true\" class=\"e-font-icon-svg e-fas-arrow-alt-circle-right\" viewbox=\"0 0 512 512\" xmlns=\"http:\/\/www.w3.org\/2000\/svg\"><path d=\"M256 8c137 0 248 111 248 248S393 504 256 504 8 393 8 256 119 8 256 8zM140 300h116v70.9c0 10.7 13 16.1 20.5 8.5l114.3-114.9c4.7-4.7 4.7-12.2 0-16.9l-114.3-115c-7.6-7.6-20.5-2.2-20.5 8.5V212H140c-6.6 0-12 5.4-12 12v64c0 6.6 5.4 12 12 12z\"><\/path><\/svg>\t\t\t<\/span>\n\t\t\t\t\t\t\t\t\t<span class=\"elementor-button-text\">VER M\u00c1S<\/span>\n\t\t\t\t\t<\/span>\n\t\t\t\t\t<\/a>\n\t\t\t\t<\/div>\n\t\t\t\t\t\t\t\t<\/div>\n\t\t\t\t<\/div>\n\t\t\t\t<\/div>\n\t\t<div class=\"elementor-element elementor-element-66f2f30c e-con-full e-flex e-con e-child\" data-id=\"66f2f30c\" data-element_type=\"container\">\n\t\t\t\t<div class=\"elementor-element elementor-element-66e949ee elementor-widget elementor-widget-image\" data-id=\"66e949ee\" data-element_type=\"widget\" data-widget_type=\"image.default\">\n\t\t\t\t<div class=\"elementor-widget-container\">\n\t\t\t\t\t\t\t\t\t\t\t\t\t\t\t<img loading=\"lazy\" decoding=\"async\" width=\"800\" height=\"800\" src=\"https:\/\/zomoofficial.com\/wp-content\/uploads\/2025\/01\/zomo_aluminio_site-1024x1024.png\" class=\"attachment-large size-large wp-image-2038\" alt=\"\" srcset=\"https:\/\/zomoofficial.com\/wp-content\/uploads\/2025\/01\/zomo_aluminio_site-1024x1024.png 1024w, https:\/\/zomoofficial.com\/wp-content\/uploads\/2025\/01\/zomo_aluminio_site-300x300.png 300w, https:\/\/zomoofficial.com\/wp-content\/uploads\/2025\/01\/zomo_aluminio_site-150x150.png 150w, https:\/\/zomoofficial.com\/wp-content\/uploads\/2025\/01\/zomo_aluminio_site-768x768.png 768w, https:\/\/zomoofficial.com\/wp-content\/uploads\/2025\/01\/zomo_aluminio_site-12x12.png 12w, https:\/\/zomoofficial.com\/wp-content\/uploads\/2025\/01\/zomo_aluminio_site.png 1080w\" sizes=\"(max-width: 800px) 100vw, 800px\" \/>\t\t\t\t\t\t\t\t\t\t\t\t\t\t\t<\/div>\n\t\t\t\t<\/div>\n\t\t\t\t<div class=\"elementor-element elementor-element-3b6bcc42 elementor-widget elementor-widget-heading\" data-id=\"3b6bcc42\" data-element_type=\"widget\" data-widget_type=\"heading.default\">\n\t\t\t\t<div class=\"elementor-widget-container\">\n\t\t\t\t\t<h2 class=\"elementor-heading-title elementor-size-default\">Papel Alum\u00ednio<\/h2>\t\t\t\t<\/div>\n\t\t\t\t<\/div>\n\t\t\t\t<div class=\"elementor-element elementor-element-9a21102 elementor-widget elementor-widget-text-editor\" data-id=\"9a21102\" data-element_type=\"widget\" data-widget_type=\"text-editor.default\">\n\t\t\t\t<div class=\"elementor-widget-container\">\n\t\t\t\t\t\t\t\t\t<p>Con dos capas integradas estrat\u00e9gicamente, mantiene el calor en un\u2026<\/p>\t\t\t\t\t\t\t\t<\/div>\n\t\t\t\t<\/div>\n\t\t\t\t<div class=\"elementor-element elementor-element-eea613b elementor-widget elementor-widget-button\" data-id=\"eea613b\" data-element_type=\"widget\" data-widget_type=\"button.default\">\n\t\t\t\t<div class=\"elementor-widget-container\">\n\t\t\t\t\t\t\t\t\t<div class=\"elementor-button-wrapper\">\n\t\t\t\t\t<a class=\"elementor-button elementor-button-link elementor-size-sm\" href=\"#\">\n\t\t\t\t\t\t<span class=\"elementor-button-content-wrapper\">\n\t\t\t\t\t\t<span class=\"elementor-button-icon\">\n\t\t\t\t<svg aria-hidden=\"true\" class=\"e-font-icon-svg e-fas-arrow-alt-circle-right\" viewbox=\"0 0 512 512\" xmlns=\"http:\/\/www.w3.org\/2000\/svg\"><path d=\"M256 8c137 0 248 111 248 248S393 504 256 504 8 393 8 256 119 8 256 8zM140 300h116v70.9c0 10.7 13 16.1 20.5 8.5l114.3-114.9c4.7-4.7 4.7-12.2 0-16.9l-114.3-115c-7.6-7.6-20.5-2.2-20.5 8.5V212H140c-6.6 0-12 5.4-12 12v64c0 6.6 5.4 12 12 12z\"><\/path><\/svg>\t\t\t<\/span>\n\t\t\t\t\t\t\t\t\t<span class=\"elementor-button-text\">VER M\u00c1S<\/span>\n\t\t\t\t\t<\/span>\n\t\t\t\t\t<\/a>\n\t\t\t\t<\/div>\n\t\t\t\t\t\t\t\t<\/div>\n\t\t\t\t<\/div>\n\t\t\t\t<\/div>\n\t\t\t\t\t<\/div>\n\t\t\t\t<\/div>\n\t\t\t\t<\/div>","protected":false},"excerpt":{"rendered":"<p>LIMPEZA F\u00c1CIL Por ser produzida com um material 100% at\u00f3xico, sua sess\u00e3o n\u00e3o ter\u00e1 gosto de pl\u00e1stico nem na primeira utiliza\u00e7\u00e3o. Tem limpeza f\u00e1cil e r\u00e1pida pra voc\u00ea ter mais tempo para curtir com o oque realmente mais gosta. MALEABILIDADE Maleabilidade pra fazer a sess\u00e3o com os amigos e n\u00e3o ter medo de passar a [&hellip;]<\/p>","protected":false},"author":3,"featured_media":0,"parent":0,"menu_order":0,"comment_status":"closed","ping_status":"closed","template":"","meta":{"_acf_changed":false,"footnotes":""},"class_list":["post-51","page","type-page","status-publish","hentry"],"acf":[],"_links":{"self":[{"href":"https:\/\/zomoofficial.com\/es\/wp-json\/wp\/v2\/pages\/51","targetHints":{"allow":["GET"]}}],"collection":[{"href":"https:\/\/zomoofficial.com\/es\/wp-json\/wp\/v2\/pages"}],"about":[{"href":"https:\/\/zomoofficial.com\/es\/wp-json\/wp\/v2\/types\/page"}],"author":[{"embeddable":true,"href":"https:\/\/zomoofficial.com\/es\/wp-json\/wp\/v2\/users\/3"}],"replies":[{"embeddable":true,"href":"https:\/\/zomoofficial.com\/es\/wp-json\/wp\/v2\/comments?post=51"}],"version-history":[{"count":10,"href":"https:\/\/zomoofficial.com\/es\/wp-json\/wp\/v2\/pages\/51\/revisions"}],"predecessor-version":[{"id":3000,"href":"https:\/\/zomoofficial.com\/es\/wp-json\/wp\/v2\/pages\/51\/revisions\/3000"}],"wp:attachment":[{"href":"https:\/\/zomoofficial.com\/es\/wp-json\/wp\/v2\/media?parent=51"}],"curies":[{"name":"wp","href":"https:\/\/api.w.org\/{rel}","templated":true}]}}