{"id":37,"date":"2024-08-04T09:15:09","date_gmt":"2024-08-04T12:15:09","guid":{"rendered":"http:\/\/137.116.112.48:8080\/?page_id=37"},"modified":"2025-06-14T21:13:48","modified_gmt":"2025-06-15T00:13:48","slug":"zomo-vivir","status":"publish","type":"page","link":"https:\/\/zomoofficial.com\/es\/zomo-vivir\/","title":{"rendered":"Zomo Vivir"},"content":{"rendered":"<div data-elementor-type=\"wp-page\" data-elementor-id=\"37\" class=\"elementor elementor-37\" data-elementor-settings=\"{&quot;element_pack_global_tooltip_width&quot;:{&quot;unit&quot;:&quot;px&quot;,&quot;size&quot;:&quot;&quot;,&quot;sizes&quot;:[]},&quot;element_pack_global_tooltip_width_tablet&quot;:{&quot;unit&quot;:&quot;px&quot;,&quot;size&quot;:&quot;&quot;,&quot;sizes&quot;:[]},&quot;element_pack_global_tooltip_width_mobile&quot;:{&quot;unit&quot;:&quot;px&quot;,&quot;size&quot;:&quot;&quot;,&quot;sizes&quot;:[]},&quot;element_pack_global_tooltip_padding&quot;:{&quot;unit&quot;:&quot;px&quot;,&quot;top&quot;:&quot;&quot;,&quot;right&quot;:&quot;&quot;,&quot;bottom&quot;:&quot;&quot;,&quot;left&quot;:&quot;&quot;,&quot;isLinked&quot;:true},&quot;element_pack_global_tooltip_padding_tablet&quot;:{&quot;unit&quot;:&quot;px&quot;,&quot;top&quot;:&quot;&quot;,&quot;right&quot;:&quot;&quot;,&quot;bottom&quot;:&quot;&quot;,&quot;left&quot;:&quot;&quot;,&quot;isLinked&quot;:true},&quot;element_pack_global_tooltip_padding_mobile&quot;:{&quot;unit&quot;:&quot;px&quot;,&quot;top&quot;:&quot;&quot;,&quot;right&quot;:&quot;&quot;,&quot;bottom&quot;:&quot;&quot;,&quot;left&quot;:&quot;&quot;,&quot;isLinked&quot;:true},&quot;element_pack_global_tooltip_border_radius&quot;:{&quot;unit&quot;:&quot;px&quot;,&quot;top&quot;:&quot;&quot;,&quot;right&quot;:&quot;&quot;,&quot;bottom&quot;:&quot;&quot;,&quot;left&quot;:&quot;&quot;,&quot;isLinked&quot;:true},&quot;element_pack_global_tooltip_border_radius_tablet&quot;:{&quot;unit&quot;:&quot;px&quot;,&quot;top&quot;:&quot;&quot;,&quot;right&quot;:&quot;&quot;,&quot;bottom&quot;:&quot;&quot;,&quot;left&quot;:&quot;&quot;,&quot;isLinked&quot;:true},&quot;element_pack_global_tooltip_border_radius_mobile&quot;:{&quot;unit&quot;:&quot;px&quot;,&quot;top&quot;:&quot;&quot;,&quot;right&quot;:&quot;&quot;,&quot;bottom&quot;:&quot;&quot;,&quot;left&quot;:&quot;&quot;,&quot;isLinked&quot;:true}}\" data-elementor-post-type=\"page\">\n\t\t\t\t<div class=\"elementor-element elementor-element-1bee0c8 e-con-full e-flex e-con e-parent\" data-id=\"1bee0c8\" data-element_type=\"container\">\n\t\t\t\t<\/div>\n\t\t<div class=\"elementor-element elementor-element-3adc788 e-flex e-con-boxed e-con e-parent\" data-id=\"3adc788\" data-element_type=\"container\">\n\t\t\t\t\t<div class=\"e-con-inner\">\n\t\t\t\t<div class=\"elementor-element elementor-element-ddb1e43 elementor-widget elementor-widget-heading\" data-id=\"ddb1e43\" data-element_type=\"widget\" data-widget_type=\"heading.default\">\n\t\t\t\t<div class=\"elementor-widget-container\">\n\t\t\t\t\t<h1 class=\"elementor-heading-title elementor-size-default\">ZOMO VIVIR<\/h1>\t\t\t\t<\/div>\n\t\t\t\t<\/div>\n\t\t\t\t\t<\/div>\n\t\t\t\t<\/div>\n\t\t<div class=\"elementor-element elementor-element-1b7793e e-flex e-con-boxed e-con e-parent\" data-id=\"1b7793e\" data-element_type=\"container\">\n\t\t\t\t\t<div class=\"e-con-inner\">\n\t\t\t\t<div class=\"elementor-element elementor-element-6a814e5 elementor-widget__width-initial elementor-widget elementor-widget-text-editor\" data-id=\"6a814e5\" data-element_type=\"widget\" data-widget_type=\"text-editor.default\">\n\t\t\t\t<div class=\"elementor-widget-container\">\n\t\t\t\t\t\t\t\t\t<p>Conozca el programa que apoya proyectos sociales con m\u00e1s de 50 ni\u00f1os en riesgo, haciendo una diferencia en la vida de muchos.<\/p>\t\t\t\t\t\t\t\t<\/div>\n\t\t\t\t<\/div>\n\t\t\t\t\t<\/div>\n\t\t\t\t<\/div>\n\t\t<div class=\"elementor-element elementor-element-db7f098 e-flex e-con-boxed e-con e-parent\" data-id=\"db7f098\" data-element_type=\"container\">\n\t\t\t\t\t<div class=\"e-con-inner\">\n\t\t<div class=\"elementor-element elementor-element-ff947e3 e-con-full e-flex e-con e-child\" data-id=\"ff947e3\" data-element_type=\"container\">\n\t\t\t\t<div class=\"elementor-element elementor-element-d9045af elementor-widget elementor-widget-text-editor\" data-id=\"d9045af\" data-element_type=\"widget\" data-widget_type=\"text-editor.default\">\n\t\t\t\t<div class=\"elementor-widget-container\">\n\t\t\t\t\t\t\t\t\t<div>\u00a0<\/div><p>Uno de los lemas de Zomo es llevar alegr\u00eda dondequiera que vayamos. Queremos que todos puedan vivir con gran felicidad. Es de estas ganas de cambiar el mundo que nace Zomo Vivir, un programa que apoya proyectos sociales con m\u00e1s de 50 ni\u00f1os en riesgo, marcando una diferencia en la vida de estos j\u00f3venes.<\/p>\t\t\t\t\t\t\t\t<\/div>\n\t\t\t\t<\/div>\n\t\t\t\t<div class=\"elementor-element elementor-element-1889861 elementor-widget elementor-widget-text-editor\" data-id=\"1889861\" data-element_type=\"widget\" data-widget_type=\"text-editor.default\">\n\t\t\t\t<div class=\"elementor-widget-container\">\n\t\t\t\t\t\t\t\t\t<p>Com esse apoio levamos mais alegria para as crian\u00e7as e trazemos esperan\u00e7a em momentos dif\u00edceis. Por isso, queremos que voc\u00ea conhe\u00e7a a Zomo Vivir e abrace um projeto na sua cidade. Fa\u00e7a sua parte voc\u00ea tamb\u00e9m e ajude uma causa social! O mundo se tornar\u00e1 um lugar mais feliz se cada um fizer sua parte.<\/p>\t\t\t\t\t\t\t\t<\/div>\n\t\t\t\t<\/div>\n\t\t\t\t<\/div>\n\t\t<div class=\"elementor-element elementor-element-74b3107 e-con-full e-flex e-con e-child\" data-id=\"74b3107\" data-element_type=\"container\">\n\t\t\t\t<div class=\"elementor-element elementor-element-cbf2007 elementor-widget elementor-widget-image\" data-id=\"cbf2007\" data-element_type=\"widget\" data-widget_type=\"image.default\">\n\t\t\t\t<div class=\"elementor-widget-container\">\n\t\t\t\t\t\t\t\t\t\t\t\t\t\t\t<img fetchpriority=\"high\" decoding=\"async\" width=\"589\" height=\"368\" src=\"https:\/\/zomoofficial.com\/wp-content\/uploads\/2024\/10\/BANNER-ZOMO-VIVIR.png\" class=\"attachment-large size-large wp-image-997\" alt=\"Banner zomo vivir flavors of americas\" srcset=\"https:\/\/zomoofficial.com\/wp-content\/uploads\/2024\/10\/BANNER-ZOMO-VIVIR.png 589w, https:\/\/zomoofficial.com\/wp-content\/uploads\/2024\/10\/BANNER-ZOMO-VIVIR-300x187.png 300w\" sizes=\"(max-width: 589px) 100vw, 589px\" \/>\t\t\t\t\t\t\t\t\t\t\t\t\t\t\t<\/div>\n\t\t\t\t<\/div>\n\t\t\t\t<\/div>\n\t\t\t\t\t<\/div>\n\t\t\t\t<\/div>\n\t\t<div class=\"elementor-element elementor-element-6f75468 e-flex e-con-boxed e-con e-parent\" data-id=\"6f75468\" data-element_type=\"container\">\n\t\t\t\t\t<div class=\"e-con-inner\">\n\t\t\t\t<div class=\"elementor-element elementor-element-1f460c2 elementor-widget elementor-widget-heading\" data-id=\"1f460c2\" data-element_type=\"widget\" data-widget_type=\"heading.default\">\n\t\t\t\t<div class=\"elementor-widget-container\">\n\t\t\t\t\t<h2 class=\"elementor-heading-title elementor-size-default\">Fundaci\u00f3n Las Tias<\/h2>\t\t\t\t<\/div>\n\t\t\t\t<\/div>\n\t\t\t\t\t<\/div>\n\t\t\t\t<\/div>\n\t\t<div class=\"elementor-element elementor-element-2f928a4 e-flex e-con-boxed e-con e-parent\" data-id=\"2f928a4\" data-element_type=\"container\">\n\t\t\t\t\t<div class=\"e-con-inner\">\n\t\t<div class=\"elementor-element elementor-element-cbccfe8 e-con-full e-flex e-con e-child\" data-id=\"cbccfe8\" data-element_type=\"container\">\n\t\t\t\t<div class=\"elementor-element elementor-element-9907ec8 elementor-widget elementor-widget-image\" data-id=\"9907ec8\" data-element_type=\"widget\" data-widget_type=\"image.default\">\n\t\t\t\t<div class=\"elementor-widget-container\">\n\t\t\t\t\t\t\t\t\t\t\t\t\t\t\t<img decoding=\"async\" width=\"589\" height=\"368\" src=\"https:\/\/zomoofficial.com\/wp-content\/uploads\/2024\/10\/fundacao-las-tias.png\" class=\"attachment-large size-large wp-image-998\" alt=\"Imagem de pessoas representando fundacao las tias e zomo\" srcset=\"https:\/\/zomoofficial.com\/wp-content\/uploads\/2024\/10\/fundacao-las-tias.png 589w, https:\/\/zomoofficial.com\/wp-content\/uploads\/2024\/10\/fundacao-las-tias-300x187.png 300w\" sizes=\"(max-width: 589px) 100vw, 589px\" \/>\t\t\t\t\t\t\t\t\t\t\t\t\t\t\t<\/div>\n\t\t\t\t<\/div>\n\t\t\t\t<\/div>\n\t\t<div class=\"elementor-element elementor-element-9d7bea3 e-con-full e-flex e-con e-child\" data-id=\"9d7bea3\" data-element_type=\"container\">\n\t\t\t\t<div class=\"elementor-element elementor-element-b423e05 elementor-widget elementor-widget-text-editor\" data-id=\"b423e05\" data-element_type=\"widget\" data-widget_type=\"text-editor.default\">\n\t\t\t\t<div class=\"elementor-widget-container\">\n\t\t\t\t\t\t\t\t\t<p>Desde lejos ya podemos ver una casa colorida, risas de ni\u00f1os por todas partes. En la puerta, una chica mira a la calle, nos ve y nos deja entrar. Esta es la Fundaci\u00f3n Las T\u00edas, un lugar para ni\u00f1os que no han tenido la oportunidad de ser parte de un hogar. La Fundaci\u00f3n Las T\u00edas trabaja con ni\u00f1as y ni\u00f1os abandonados que se encontraban en situaci\u00f3n de riesgo. En un primer momento pudimos ver la cantidad de ni\u00f1as que hay all\u00ed, son 31 ni\u00f1as que, lamentablemente, sufrieron alg\u00fan tipo de maltrato, principalmente por parte de sus familiares.<\/p>\t\t\t\t\t\t\t\t<\/div>\n\t\t\t\t<\/div>\n\t\t\t\t<div class=\"elementor-element elementor-element-f6707d7 elementor-widget elementor-widget-text-editor\" data-id=\"f6707d7\" data-element_type=\"widget\" data-widget_type=\"text-editor.default\">\n\t\t\t\t<div class=\"elementor-widget-container\">\n\t\t\t\t\t\t\t\t\t<p>La t\u00eda Cristina, responsable de la casa, nos cuenta y nos muestra c\u00f3mo es construir un hogar para estos ni\u00f1os. Estudian, realizan actividades en la casa y desde peque\u00f1os se les ense\u00f1a a vivir en equipo, aportando cada uno un poquito para mantener la casa como una familia. Podemos ver lo felices que est\u00e1n estos ni\u00f1os, y cualquier demostraci\u00f3n de cari\u00f1o por nuestra parte es suficiente para hacerlos sonre\u00edr enormemente. Y qu\u00e9 sonrisa, \u00bfno? \u00a1Qu\u00e9 bueno es ver la felicidad de un ni\u00f1o!<\/p>\t\t\t\t\t\t\t\t<\/div>\n\t\t\t\t<\/div>\n\t\t\t\t<\/div>\n\t\t\t\t\t<\/div>\n\t\t\t\t<\/div>\n\t\t<div class=\"elementor-element elementor-element-c03f466 e-flex e-con-boxed e-con e-parent\" data-id=\"c03f466\" data-element_type=\"container\">\n\t\t\t\t\t<div class=\"e-con-inner\">\n\t\t\t\t<div class=\"elementor-element elementor-element-6248501 elementor-widget elementor-widget-text-editor\" data-id=\"6248501\" data-element_type=\"widget\" data-widget_type=\"text-editor.default\">\n\t\t\t\t<div class=\"elementor-widget-container\">\n\t\t\t\t\t\t\t\t\t<p>El Hogar Las T\u00edas cuenta con 41 ni\u00f1os. La se\u00f1orita que nos esperaba en la puerta tiene autismo, y la t\u00eda Cristina cuida mucho de ella, adem\u00e1s cuenta con la ayuda de otras 4 \u201ct\u00edas\u201d, como ellas mismas se llaman. Desgraciadamente el gobierno no ayuda al hogar, por lo que todas las personas y empresas que pueden, contribuyen de alguna manera al buen funcionamiento de la casa. Zomo y el proyecto Zomo Viver han sido parte de esta historia durante 7 a\u00f1os, transformando el sue\u00f1o de T\u00eda Cristina en realidad. Este hogar brinda a estos ni\u00f1os que vienen de una realidad infeliz la oportunidad de tener una familia. Algunos de ellos ya han tenido contacto con las drogas y hoy pueden disfrutar de una verdadera infancia, viviendo momentos que s\u00f3lo un ni\u00f1o tiene derecho a experimentar.<\/p>\t\t\t\t\t\t\t\t<\/div>\n\t\t\t\t<\/div>\n\t\t\t\t\t<\/div>\n\t\t\t\t<\/div>\n\t\t<div class=\"elementor-element elementor-element-e60f309 e-flex e-con-boxed e-con e-parent\" data-id=\"e60f309\" data-element_type=\"container\">\n\t\t\t\t\t<div class=\"e-con-inner\">\n\t\t<div class=\"elementor-element elementor-element-c86c60d e-con-full e-flex e-con e-child\" data-id=\"c86c60d\" data-element_type=\"container\">\n\t\t\t\t<div class=\"elementor-element elementor-element-fda047e elementor-widget elementor-widget-image\" data-id=\"fda047e\" data-element_type=\"widget\" data-widget_type=\"image.default\">\n\t\t\t\t<div class=\"elementor-widget-container\">\n\t\t\t\t\t\t\t\t\t\t\t\t\t\t\t<img decoding=\"async\" width=\"589\" height=\"368\" src=\"https:\/\/zomoofficial.com\/wp-content\/uploads\/2024\/10\/menino-chupando-picole-zomo-vivir.png\" class=\"attachment-full size-full wp-image-1002\" alt=\"\" srcset=\"https:\/\/zomoofficial.com\/wp-content\/uploads\/2024\/10\/menino-chupando-picole-zomo-vivir.png 589w, https:\/\/zomoofficial.com\/wp-content\/uploads\/2024\/10\/menino-chupando-picole-zomo-vivir-300x187.png 300w\" sizes=\"(max-width: 589px) 100vw, 589px\" \/>\t\t\t\t\t\t\t\t\t\t\t\t\t\t\t<\/div>\n\t\t\t\t<\/div>\n\t\t\t\t<\/div>\n\t\t<div class=\"elementor-element elementor-element-5d3ba34 e-con-full e-flex e-con e-child\" data-id=\"5d3ba34\" data-element_type=\"container\">\n\t\t\t\t<div class=\"elementor-element elementor-element-f65f5ba elementor-widget elementor-widget-image\" data-id=\"f65f5ba\" data-element_type=\"widget\" data-widget_type=\"image.default\">\n\t\t\t\t<div class=\"elementor-widget-container\">\n\t\t\t\t\t\t\t\t\t\t\t\t\t\t\t<img loading=\"lazy\" decoding=\"async\" width=\"589\" height=\"368\" src=\"https:\/\/zomoofficial.com\/wp-content\/uploads\/2024\/10\/menina-sentada-na-cadeira-zomo-vivir.png\" class=\"attachment-full size-full wp-image-1001\" alt=\"\" srcset=\"https:\/\/zomoofficial.com\/wp-content\/uploads\/2024\/10\/menina-sentada-na-cadeira-zomo-vivir.png 589w, https:\/\/zomoofficial.com\/wp-content\/uploads\/2024\/10\/menina-sentada-na-cadeira-zomo-vivir-300x187.png 300w\" sizes=\"(max-width: 589px) 100vw, 589px\" \/>\t\t\t\t\t\t\t\t\t\t\t\t\t\t\t<\/div>\n\t\t\t\t<\/div>\n\t\t\t\t<\/div>\n\t\t\t\t\t<\/div>\n\t\t\t\t<\/div>\n\t\t<div class=\"elementor-element elementor-element-47cd36a e-flex e-con-boxed e-con e-parent\" data-id=\"47cd36a\" data-element_type=\"container\">\n\t\t\t\t\t<div class=\"e-con-inner\">\n\t\t\t\t<div class=\"elementor-element elementor-element-a532a79 elementor-widget elementor-widget-heading\" data-id=\"a532a79\" data-element_type=\"widget\" data-widget_type=\"heading.default\">\n\t\t\t\t<div class=\"elementor-widget-container\">\n\t\t\t\t\t<p class=\"elementor-heading-title elementor-size-default\">Mira el v\u00eddeo a continuaci\u00f3n que cuenta la historia de Lar Fundaci\u00f3n Las T\u00edas:<\/p>\t\t\t\t<\/div>\n\t\t\t\t<\/div>\n\t\t\t\t\t<\/div>\n\t\t\t\t<\/div>\n\t\t<div class=\"elementor-element elementor-element-e81eb4b e-flex e-con-boxed e-con e-parent\" data-id=\"e81eb4b\" data-element_type=\"container\">\n\t\t\t\t\t<div class=\"e-con-inner\">\n\t\t\t\t<div class=\"elementor-element elementor-element-3df770a elementor-widget elementor-widget-video\" data-id=\"3df770a\" data-element_type=\"widget\" data-settings=\"{&quot;youtube_url&quot;:&quot;https:\\\/\\\/www.youtube.com\\\/watch?v=c6_s5CAgiZk&quot;,&quot;show_image_overlay&quot;:&quot;yes&quot;,&quot;image_overlay&quot;:{&quot;url&quot;:&quot;https:\\\/\\\/zomoofficial.com\\\/wp-content\\\/uploads\\\/2024\\\/10\\\/capa-do-video-zomo-vivir.png&quot;,&quot;id&quot;:1003,&quot;size&quot;:&quot;&quot;,&quot;alt&quot;:&quot;&quot;,&quot;source&quot;:&quot;library&quot;},&quot;video_type&quot;:&quot;youtube&quot;,&quot;controls&quot;:&quot;yes&quot;}\" data-widget_type=\"video.default\">\n\t\t\t\t<div class=\"elementor-widget-container\">\n\t\t\t\t\t\t\t<div class=\"elementor-wrapper elementor-open-inline\">\n\t\t\t<div class=\"elementor-video\"><\/div>\t\t\t\t<div class=\"elementor-custom-embed-image-overlay\" style=\"background-image: url(https:\/\/zomoofficial.com\/wp-content\/uploads\/2024\/10\/capa-do-video-zomo-vivir.png);\">\n\t\t\t\t\t\t\t\t\t\t\t\t\t\t<\/div>\n\t\t\t\t\t<\/div>\n\t\t\t\t\t\t<\/div>\n\t\t\t\t<\/div>\n\t\t\t\t\t<\/div>\n\t\t\t\t<\/div>\n\t\t<div class=\"elementor-element elementor-element-2e95fde e-flex e-con-boxed e-con e-parent\" data-id=\"2e95fde\" data-element_type=\"container\">\n\t\t\t\t\t<div class=\"e-con-inner\">\n\t\t\t\t<div class=\"elementor-element elementor-element-0cd2806 elementor-widget elementor-widget-heading\" data-id=\"0cd2806\" data-element_type=\"widget\" data-widget_type=\"heading.default\">\n\t\t\t\t<div class=\"elementor-widget-container\">\n\t\t\t\t\t<h2 class=\"elementor-heading-title elementor-size-default\">Fundaci\u00f3n Las Tias<\/h2>\t\t\t\t<\/div>\n\t\t\t\t<\/div>\n\t\t\t\t\t<\/div>\n\t\t\t\t<\/div>\n\t\t<div class=\"elementor-element elementor-element-24a60c9 e-flex e-con-boxed e-con e-parent\" data-id=\"24a60c9\" data-element_type=\"container\">\n\t\t\t\t\t<div class=\"e-con-inner\">\n\t\t<div class=\"elementor-element elementor-element-53df634 e-con-full e-flex e-con e-child\" data-id=\"53df634\" data-element_type=\"container\">\n\t\t\t\t<div class=\"elementor-element elementor-element-ddd4e23 elementor-widget elementor-widget-text-editor\" data-id=\"ddd4e23\" data-element_type=\"widget\" data-widget_type=\"text-editor.default\">\n\t\t\t\t<div class=\"elementor-widget-container\">\n\t\t\t\t\t\t\t\t\t<p>HOGAR REVIVIR tambi\u00e9n es un lugar para ni\u00f1os abandonados, pero con una diferencia, estos ni\u00f1os viven con VIH. Una enfermedad que hoy en d\u00eda permite a quienes la padecen llevar una vida normal. Desgraciadamente, lo que no es normal es el prejuicio que provoca.<\/p>\t\t\t\t\t\t\t\t<\/div>\n\t\t\t\t<\/div>\n\t\t\t\t<div class=\"elementor-element elementor-element-183d803 elementor-widget elementor-widget-text-editor\" data-id=\"183d803\" data-element_type=\"widget\" data-widget_type=\"text-editor.default\">\n\t\t\t\t<div class=\"elementor-widget-container\">\n\t\t\t\t\t\t\t\t\t<p>Esta casa est\u00e1 formada por 13 ni\u00f1os, atendidos por una familia formada por Elimar (padre), Nilda (madre) y Camila (hija), pero, como dice la propia Camila, aqu\u00ed todos son familia. Si salen a comer, van todos. Si se van de viaje, todos se van. Pelean, son felices, almuerzan los domingos, son una familia como todos.<\/p>\t\t\t\t\t\t\t\t<\/div>\n\t\t\t\t<\/div>\n\t\t\t\t<div class=\"elementor-element elementor-element-9d34ca4 elementor-widget elementor-widget-text-editor\" data-id=\"9d34ca4\" data-element_type=\"widget\" data-widget_type=\"text-editor.default\">\n\t\t\t\t<div class=\"elementor-widget-container\">\n\t\t\t\t\t\t\t\t\t<p>Camila nos cont\u00f3 su historia. Los ni\u00f1os pasaron por varias escuelas, tratando de mantener el anonimato porque la desinformaci\u00f3n de los padres de los dem\u00e1s estudiantes hace horrible la convivencia, trayendo el bullying a sus vidas. Liz, que ahora tiene 15 a\u00f1os, fue la primera ni\u00f1a en llegar cuando ten\u00eda s\u00f3lo 5 a\u00f1os. Hoy Camila dice que tiene la dif\u00edcil tarea de explicar el tema de las relaciones de pareja, pues ni siquiera han tenido su primer beso, y se pregunta \u201c\u00bfPor qu\u00e9 yo debo tener esta enfermedad y otros ni\u00f1os no?\u201d.<\/p>\t\t\t\t\t\t\t\t<\/div>\n\t\t\t\t<\/div>\n\t\t\t\t<\/div>\n\t\t<div class=\"elementor-element elementor-element-dddf0ca e-con-full e-flex e-con e-child\" data-id=\"dddf0ca\" data-element_type=\"container\">\n\t\t\t\t<div class=\"elementor-element elementor-element-da321d5 elementor-widget elementor-widget-image\" data-id=\"da321d5\" data-element_type=\"widget\" data-widget_type=\"image.default\">\n\t\t\t\t<div class=\"elementor-widget-container\">\n\t\t\t\t\t\t\t\t\t\t\t\t\t\t\t<img loading=\"lazy\" decoding=\"async\" width=\"589\" height=\"368\" src=\"https:\/\/zomoofficial.com\/wp-content\/uploads\/2024\/10\/crianca-comendo-zomo-vivir.png\" class=\"attachment-large size-large wp-image-1011\" alt=\"\" srcset=\"https:\/\/zomoofficial.com\/wp-content\/uploads\/2024\/10\/crianca-comendo-zomo-vivir.png 589w, https:\/\/zomoofficial.com\/wp-content\/uploads\/2024\/10\/crianca-comendo-zomo-vivir-300x187.png 300w\" sizes=\"(max-width: 589px) 100vw, 589px\" \/>\t\t\t\t\t\t\t\t\t\t\t\t\t\t\t<\/div>\n\t\t\t\t<\/div>\n\t\t\t\t<\/div>\n\t\t\t\t\t<\/div>\n\t\t\t\t<\/div>\n\t\t<div class=\"elementor-element elementor-element-d96de53 e-flex e-con-boxed e-con e-parent\" data-id=\"d96de53\" data-element_type=\"container\">\n\t\t\t\t\t<div class=\"e-con-inner\">\n\t\t\t\t<div class=\"elementor-element elementor-element-5a6a15b elementor-widget elementor-widget-text-editor\" data-id=\"5a6a15b\" data-element_type=\"widget\" data-widget_type=\"text-editor.default\">\n\t\t\t\t<div class=\"elementor-widget-container\">\n\t\t\t\t\t\t\t\t\t<p>El trabajo que realiza la familia es a\u00fan m\u00e1s importante: hacen que los visitantes de la universidad les cuenten la historia y un poco de la enfermedad y demuestran que es posible tener una vida normal con el tratamiento correcto. El gobierno paga los medicamentos de estos ni\u00f1os, lo que permite que la carga viral sea indetectable, es decir, es imposible que transmitan el virus a otras personas en situaciones de riesgo.\u00a0<br \/><br \/>El buen ambiente de esta familia es inmensurable. El amor y el afecto que podemos sentir en los ojos de todos, no solo de los ni\u00f1os, es inspirador. El cuidado que los hijos mayores tienen por sus hermanos menores nos muestra el verdadero significado de una familia, y Madre Nilda dice: \u201cTodos son mis hijos\u201d.<\/p>\t\t\t\t\t\t\t\t<\/div>\n\t\t\t\t<\/div>\n\t\t\t\t\t<\/div>\n\t\t\t\t<\/div>\n\t\t<div class=\"elementor-element elementor-element-c92d246 e-flex e-con-boxed e-con e-parent\" data-id=\"c92d246\" data-element_type=\"container\">\n\t\t\t\t\t<div class=\"e-con-inner\">\n\t\t<div class=\"elementor-element elementor-element-67a8032 e-con-full e-flex e-con e-child\" data-id=\"67a8032\" data-element_type=\"container\">\n\t\t\t\t<div class=\"elementor-element elementor-element-aa9a540 elementor-widget elementor-widget-image\" data-id=\"aa9a540\" data-element_type=\"widget\" data-widget_type=\"image.default\">\n\t\t\t\t<div class=\"elementor-widget-container\">\n\t\t\t\t\t\t\t\t\t\t\t\t\t\t\t<img loading=\"lazy\" decoding=\"async\" width=\"589\" height=\"368\" src=\"https:\/\/zomoofficial.com\/wp-content\/uploads\/2024\/10\/criancas-na-comunidade-zomo-vivir.png\" class=\"attachment-full size-full wp-image-1014\" alt=\"\" srcset=\"https:\/\/zomoofficial.com\/wp-content\/uploads\/2024\/10\/criancas-na-comunidade-zomo-vivir.png 589w, https:\/\/zomoofficial.com\/wp-content\/uploads\/2024\/10\/criancas-na-comunidade-zomo-vivir-300x187.png 300w\" sizes=\"(max-width: 589px) 100vw, 589px\" \/>\t\t\t\t\t\t\t\t\t\t\t\t\t\t\t<\/div>\n\t\t\t\t<\/div>\n\t\t\t\t<\/div>\n\t\t<div class=\"elementor-element elementor-element-f701f27 e-con-full e-flex e-con e-child\" data-id=\"f701f27\" data-element_type=\"container\">\n\t\t\t\t<div class=\"elementor-element elementor-element-49a4f22 elementor-widget elementor-widget-image\" data-id=\"49a4f22\" data-element_type=\"widget\" data-widget_type=\"image.default\">\n\t\t\t\t<div class=\"elementor-widget-container\">\n\t\t\t\t\t\t\t\t\t\t\t\t\t\t\t<img loading=\"lazy\" decoding=\"async\" width=\"589\" height=\"368\" src=\"https:\/\/zomoofficial.com\/wp-content\/uploads\/2024\/10\/criancas-na-comunidade-zomo-vivir-2-1.png\" class=\"attachment-full size-full wp-image-1015\" alt=\"\" srcset=\"https:\/\/zomoofficial.com\/wp-content\/uploads\/2024\/10\/criancas-na-comunidade-zomo-vivir-2-1.png 589w, https:\/\/zomoofficial.com\/wp-content\/uploads\/2024\/10\/criancas-na-comunidade-zomo-vivir-2-1-300x187.png 300w\" sizes=\"(max-width: 589px) 100vw, 589px\" \/>\t\t\t\t\t\t\t\t\t\t\t\t\t\t\t<\/div>\n\t\t\t\t<\/div>\n\t\t\t\t<\/div>\n\t\t\t\t\t<\/div>\n\t\t\t\t<\/div>\n\t\t\t\t<\/div>","protected":false},"excerpt":{"rendered":"<p>ZOMO VIVIR Conhe\u00e7a o programa que apoia projetos sociais com mais de 50 crian\u00e7as em situa\u00e7\u00e3o de risco, fazendo a diferen\u00e7a na vida de muitos. \u00a0 Um dos lemas da Zomo \u00e9 trazer alegria por onde for. Queremos que todos possam viver com muita felicidade. \u00c9 dessa vontade de mudar o mundo que nasceu o [&hellip;]<\/p>","protected":false},"author":3,"featured_media":0,"parent":0,"menu_order":0,"comment_status":"closed","ping_status":"closed","template":"","meta":{"_acf_changed":false,"footnotes":""},"class_list":["post-37","page","type-page","status-publish","hentry"],"acf":[],"_links":{"self":[{"href":"https:\/\/zomoofficial.com\/es\/wp-json\/wp\/v2\/pages\/37","targetHints":{"allow":["GET"]}}],"collection":[{"href":"https:\/\/zomoofficial.com\/es\/wp-json\/wp\/v2\/pages"}],"about":[{"href":"https:\/\/zomoofficial.com\/es\/wp-json\/wp\/v2\/types\/page"}],"author":[{"embeddable":true,"href":"https:\/\/zomoofficial.com\/es\/wp-json\/wp\/v2\/users\/3"}],"replies":[{"embeddable":true,"href":"https:\/\/zomoofficial.com\/es\/wp-json\/wp\/v2\/comments?post=37"}],"version-history":[{"count":22,"href":"https:\/\/zomoofficial.com\/es\/wp-json\/wp\/v2\/pages\/37\/revisions"}],"predecessor-version":[{"id":3465,"href":"https:\/\/zomoofficial.com\/es\/wp-json\/wp\/v2\/pages\/37\/revisions\/3465"}],"wp:attachment":[{"href":"https:\/\/zomoofficial.com\/es\/wp-json\/wp\/v2\/media?parent=37"}],"curies":[{"name":"wp","href":"https:\/\/api.w.org\/{rel}","templated":true}]}}