{"id":33,"date":"2024-08-04T09:14:53","date_gmt":"2024-08-04T12:14:53","guid":{"rendered":"http:\/\/137.116.112.48:8080\/?page_id=33"},"modified":"2024-11-14T17:28:09","modified_gmt":"2024-11-14T20:28:09","slug":"termos-e-condicoes","status":"publish","type":"page","link":"https:\/\/zomoofficial.com\/es\/termos-e-condicoes\/","title":{"rendered":"T\u00e9rminos y condiciones"},"content":{"rendered":"<div data-elementor-type=\"wp-page\" data-elementor-id=\"33\" class=\"elementor elementor-33\" data-elementor-settings=\"{&quot;element_pack_global_tooltip_width&quot;:{&quot;unit&quot;:&quot;px&quot;,&quot;size&quot;:&quot;&quot;,&quot;sizes&quot;:[]},&quot;element_pack_global_tooltip_width_tablet&quot;:{&quot;unit&quot;:&quot;px&quot;,&quot;size&quot;:&quot;&quot;,&quot;sizes&quot;:[]},&quot;element_pack_global_tooltip_width_mobile&quot;:{&quot;unit&quot;:&quot;px&quot;,&quot;size&quot;:&quot;&quot;,&quot;sizes&quot;:[]},&quot;element_pack_global_tooltip_padding&quot;:{&quot;unit&quot;:&quot;px&quot;,&quot;top&quot;:&quot;&quot;,&quot;right&quot;:&quot;&quot;,&quot;bottom&quot;:&quot;&quot;,&quot;left&quot;:&quot;&quot;,&quot;isLinked&quot;:true},&quot;element_pack_global_tooltip_padding_tablet&quot;:{&quot;unit&quot;:&quot;px&quot;,&quot;top&quot;:&quot;&quot;,&quot;right&quot;:&quot;&quot;,&quot;bottom&quot;:&quot;&quot;,&quot;left&quot;:&quot;&quot;,&quot;isLinked&quot;:true},&quot;element_pack_global_tooltip_padding_mobile&quot;:{&quot;unit&quot;:&quot;px&quot;,&quot;top&quot;:&quot;&quot;,&quot;right&quot;:&quot;&quot;,&quot;bottom&quot;:&quot;&quot;,&quot;left&quot;:&quot;&quot;,&quot;isLinked&quot;:true},&quot;element_pack_global_tooltip_border_radius&quot;:{&quot;unit&quot;:&quot;px&quot;,&quot;top&quot;:&quot;&quot;,&quot;right&quot;:&quot;&quot;,&quot;bottom&quot;:&quot;&quot;,&quot;left&quot;:&quot;&quot;,&quot;isLinked&quot;:true},&quot;element_pack_global_tooltip_border_radius_tablet&quot;:{&quot;unit&quot;:&quot;px&quot;,&quot;top&quot;:&quot;&quot;,&quot;right&quot;:&quot;&quot;,&quot;bottom&quot;:&quot;&quot;,&quot;left&quot;:&quot;&quot;,&quot;isLinked&quot;:true},&quot;element_pack_global_tooltip_border_radius_mobile&quot;:{&quot;unit&quot;:&quot;px&quot;,&quot;top&quot;:&quot;&quot;,&quot;right&quot;:&quot;&quot;,&quot;bottom&quot;:&quot;&quot;,&quot;left&quot;:&quot;&quot;,&quot;isLinked&quot;:true}}\" data-elementor-post-type=\"page\">\n\t\t\t\t<div class=\"elementor-element elementor-element-d597451 e-flex e-con-boxed e-con e-parent\" data-id=\"d597451\" data-element_type=\"container\">\n\t\t\t\t\t<div class=\"e-con-inner\">\n\t\t\t\t<div class=\"elementor-element elementor-element-2600315 elementor-widget elementor-widget-heading\" data-id=\"2600315\" data-element_type=\"widget\" data-widget_type=\"heading.default\">\n\t\t\t\t<div class=\"elementor-widget-container\">\n\t\t\t\t\t<h1 class=\"elementor-heading-title elementor-size-default\">Termos e Condi\u00e7\u00f5es de Uso do Site<\/h1>\t\t\t\t<\/div>\n\t\t\t\t<\/div>\n\t\t\t\t\t<\/div>\n\t\t\t\t<\/div>\n\t\t<div class=\"elementor-element elementor-element-a38c5f2 e-flex e-con-boxed e-con e-parent\" data-id=\"a38c5f2\" data-element_type=\"container\">\n\t\t\t\t\t<div class=\"e-con-inner\">\n\t\t\t\t<div class=\"elementor-element elementor-element-ee0277f elementor-widget elementor-widget-text-editor\" data-id=\"ee0277f\" data-element_type=\"widget\" data-widget_type=\"text-editor.default\">\n\t\t\t\t<div class=\"elementor-widget-container\">\n\t\t\t\t\t\t\t\t\t<p><strong>PROPRIEDADE<\/strong><br \/>https:\/\/www.zomoofficial.com \u00e9 um site de propriedade da FLAVORS OF AMERICAS S.A., com endere\u00e7o no Paraguai, na cidade de Ciudad del Este e com o RUC N\u00ba80084022-4, aqui denominada \u201cZOMO\u201d.<br \/><br \/><strong>TERMOS E CONDI\u00c7\u00d5ES<\/strong><br \/>Este documento indica os termos e condi\u00e7\u00f5es de uso, que devem ser observados por qualquer pessoa que acesse este site e use suas funcionalidades, doravante \u201co visitante\u201d. O acesso e uso do site significar\u00e1 a aceita\u00e7\u00e3o destes termos e condi\u00e7\u00f5es, se o visitante n\u00e3o concorda com nenhuma das suas disposi\u00e7\u00f5es, deve abster-se de utilizar este site.<br \/><br \/><strong>CONTE\u00daDO<\/strong><br \/>O uso do site e seu conte\u00fado n\u00e3o criam rela\u00e7\u00e3o comercial, profissional ou qualquer outro tipo de relacionamento com ZOMO simplesmente pelo acesso a ele por parte dos visitantes. Pelo caso de existir links para v\u00e1rias p\u00e1ginas da web existente, ZOMO, n\u00e3o ser\u00e1 considerado respons\u00e1vel pelo seu conte\u00fado ao n\u00e3o ter controle sobre eles, e \u00e9 a responsabilidade do visitante a correspondente leitura e aceita\u00e7\u00e3o dos termos de uso e \/ ou pol\u00edtica de privacidade do site acessado, bem como a sua conformidade.<br \/><br \/><strong>CAPACIDADE<\/strong><br \/>O site est\u00e1 dispon\u00edvel apenas para pessoas com capacidade jur\u00eddica para navegar, por isso o seu acesso n\u00e3o \u00e9 permitido a menores de idade ou sobre quem tenha alguma incapacidade de contratar.<br \/><br \/><strong>RESPONSABILIDADE DA ZOMO<\/strong><br \/>ZOMO faz seus melhores esfor\u00e7os para assegurar a disponibilidade cont\u00ednua e permanente do website, no entanto, a eventos extraordin\u00e1rios, como cat\u00e1strofes naturais, falhas nos sistemas de comunica\u00e7\u00f5es centrais, falhas no fornecimento de acesso ou a\u00e7\u00f5es tomadas por terceiros na internet, ou qualquer outro que exceda sua esfera de vigil\u00e2ncia e responsabilidade, n\u00e3o ser\u00e1 respons\u00e1vel por:<br \/>Qualquer interrup\u00e7\u00e3o, erros ou falhas do site;<br \/>Os erros ou inconsist\u00eancias nos dados ou a qualidade ou disponibilidade do sinal de Internet, causando falhas no funcionamento normal dos mesmos, por qualquer dano, preju\u00edzo ou perda causados \u200b\u200b\u00e0s falhas do sistema de equipamentos visitantes, servidor ou liga\u00e7\u00e3o \u00e0 Internet, mesmo por causa de atos de terceiros por a\u00e7\u00f5es de software malicioso, como v\u00edrus, trojans, ou outro que de alguma forma pode danificar o equipamento ou visitantes de conex\u00e3o, como resultado do acesso, utiliza\u00e7\u00e3o ou navega\u00e7\u00e3o neste site, bem como a transfer\u00eancia de dados, arquivos, imagens, texto, \u00e1udio ou v\u00eddeos contidos nele;<br \/>Por danos de qualquer natureza que possam surgir a partir do conhecimento que terceiros n\u00e3o autorizados podem ter de qualquer informa\u00e7\u00e3o fornecida pelo site, ou por motivos imput\u00e1veis \u200b\u200bao visitante exclusiva ou a uma terceira parte, escapando do controle leg\u00edtimo e razo\u00e1vel de ZOMO.<br \/>Este Portal est\u00e1 sujeita a constantes melhorias e atualiza\u00e7\u00f5es, ZOMO n\u00e3o \u00e9 obrigado a manter a sua estrutura, layout, funcionalidade e \/ ou ferramentas, a menos que seja para sua pr\u00f3pria conveni\u00eancia; nenhuma compensa\u00e7\u00e3o \u00e9 paga a visitantes ou terceiros em caso de eventuais mudan\u00e7as.<br \/>ZOMO n\u00e3o se responsabiliza por quaisquer a\u00e7\u00f5es tomadas pelos visitantes no site, de modo que, no momento da aceita\u00e7\u00e3o desses termos e condi\u00e7\u00f5es, o visitante reconhece que \u00e9 o \u00fanico respons\u00e1vel pelo uso do site.<br \/><br \/><strong>PROPRIEDADE INTELECTUAL<\/strong><br \/>Todo o conte\u00fado deste site, incluindo texto, imagens, arquivos de som, todo o material expostos ou colocados no site, entre outros exemplos, mas n\u00e3o limitados a: obras de arte, documentos, v\u00eddeo, \u00e1udio, ilustra\u00e7\u00f5es, frases, marcas, logotipos, combina\u00e7\u00f5es de cores ou qualquer outro elemento, sua estrutura e design, sele\u00e7\u00e3o e apresenta\u00e7\u00e3o dos conte\u00fados nele inclu\u00eddos, patentes, programas de computador necess\u00e1rios para o seu funcionamento e c\u00f3digo HTML e qualquer outra obra de autor e direitos conexos e outros direitos de propriedade industrial e \/ ou intelectual (coletivamente, o \u201cconte\u00fado\u201d), \u00e9 de propriedade exclusiva da ZOMO ou de seus respectivos propriet\u00e1rios.<br \/>O conte\u00fado \u00e9 protegido por leis de direitos autorais e direitos conexos, Lei de Marcas e outras leis, regras e regulamentos aplic\u00e1veis \u200b\u200baos direitos de propriedade intelectual existentes na Rep\u00fablica do Paraguai.<br \/>O visitante reconhece que o mero acesso ao site n\u00e3o confere qualquer direito de uso dos nomes, t\u00edtulos, textos, imagens, gr\u00e1ficos, frases, marcas, patentes, obras, imagens, dados e informa\u00e7\u00f5es, obras de autor e direitos conexos ou qualquer outro direito de propriedade industrial e \/ ou intelectual e \/ ou outros materiais que est\u00e3o ou estiveram dispon\u00edveis no site, sendo proibida a sua reprodu\u00e7\u00e3o, c\u00f3pia, distribui\u00e7\u00e3o ou uso para fins comerciais, publicidade ou qualquer outro contr\u00e1rio \u00e0 realidade para a qual eles foram criados, exceto com a permiss\u00e3o pr\u00e9via por escrito da ZOMO que a aquisi\u00e7\u00e3o de qualquer direito sobre o Conte\u00fado n\u00e3o importar\u00e1.<br \/>O visitante reconhece que ele n\u00e3o est\u00e1 permitido a realizar ou permitir engenharia reversa, traduzir, decompilar, copiar, modificar, reproduzir, alugar, sublicenciar, publicar, transmitir, emprestar, distribuir ou dispor de ferramentas de consulta deste site, seu conte\u00fado e funcionalidades.<br \/><br \/><strong>PROTE\u00c7\u00c3O DE DADOS PESSOAIS<\/strong><br \/>Em conformidade com as disposi\u00e7\u00f5es da Constitui\u00e7\u00e3o, a Lei \u201cdados confidenciais protegidos pelo Privacy Act regular a informa\u00e7\u00e3o privada (Lei n\u00ba 1682\/2001 -. Nro.1969 \/ 2002 Act)\u201d e outra legisla\u00e7\u00e3o que \u00e9 de aplica\u00e7\u00e3o na Rep\u00fablica do Paraguai, todas as informa\u00e7\u00f5es recebidas na web, por meio de consultas, envio de dados ou qualquer outro meio, ser\u00e3o tratadas com a mais estrita e absoluta confidencialidade. Os dados pessoais que possam ter sido obtidos atrav\u00e9s do site, ter\u00e3o a prote\u00e7\u00e3o necess\u00e1ria para evitar sua altera\u00e7\u00e3o, perda, tratamento ou acesso n\u00e3o autorizado, de acordo com a legisla\u00e7\u00e3o vigente.<br \/>Todos os visitantes que prestam os seus dados atrav\u00e9s da web t\u00eam os direitos de acesso, retifica\u00e7\u00e3o e \/ ou supress\u00e3o de dados a partir do momento que voc\u00ea solicit\u00e1-lo, sem oposi\u00e7\u00e3o, bem como o direito de revogar o consentimento para a transfer\u00eancia de seus dados. Os direitos acima mencionados podem ser exercidos por escrito, no endere\u00e7o do propriet\u00e1rio do site fornecido na se\u00e7\u00e3o \u201cPropriedade\u201d destes termos e condi\u00e7\u00f5es de uso.<br \/><br \/><strong>ALTERA\u00c7\u00c3O DE TERMOS E CONDI\u00c7\u00d5ES<\/strong><br \/>Estes termos e condi\u00e7\u00f5es podem ser alterados ou substitu\u00eddos a qualquer momento. A ZOMO se reserva o direito de modificar este documento unilateralmente a qualquer momento, com as novas vers\u00f5es entrando em vigor a partir do momento de sua publica\u00e7\u00e3o no site.<br \/><br \/><strong>LEI APLIC\u00c1VEL E JURISDI\u00c7\u00c3O<\/strong><br \/>Estes termos e condi\u00e7\u00f5es s\u00e3o regidos pela lei paraguaia, sendo tribunais competentes da Rep\u00fablica do Paraguai para entreter quaisquer d\u00favidas que possam surgir sobre a interpreta\u00e7\u00e3o, aplica\u00e7\u00e3o e cumprimento das mesmas.<\/p>\t\t\t\t\t\t\t\t<\/div>\n\t\t\t\t<\/div>\n\t\t\t\t\t<\/div>\n\t\t\t\t<\/div>\n\t\t\t\t<\/div>","protected":false},"excerpt":{"rendered":"<p>Termos e Condi\u00e7\u00f5es de Uso do Site PROPRIEDADEhttps:\/\/www.zomoofficial.com \u00e9 um site de propriedade da FLAVORS OF AMERICAS S.A., com endere\u00e7o no Paraguai, na cidade de Ciudad del Este e com o RUC N\u00ba80084022-4, aqui denominada \u201cZOMO\u201d. TERMOS E CONDI\u00c7\u00d5ESEste documento indica os termos e condi\u00e7\u00f5es de uso, que devem ser observados por qualquer pessoa que [&hellip;]<\/p>","protected":false},"author":3,"featured_media":0,"parent":0,"menu_order":0,"comment_status":"closed","ping_status":"closed","template":"","meta":{"_acf_changed":false,"footnotes":""},"class_list":["post-33","page","type-page","status-publish","hentry"],"acf":[],"_links":{"self":[{"href":"https:\/\/zomoofficial.com\/es\/wp-json\/wp\/v2\/pages\/33","targetHints":{"allow":["GET"]}}],"collection":[{"href":"https:\/\/zomoofficial.com\/es\/wp-json\/wp\/v2\/pages"}],"about":[{"href":"https:\/\/zomoofficial.com\/es\/wp-json\/wp\/v2\/types\/page"}],"author":[{"embeddable":true,"href":"https:\/\/zomoofficial.com\/es\/wp-json\/wp\/v2\/users\/3"}],"replies":[{"embeddable":true,"href":"https:\/\/zomoofficial.com\/es\/wp-json\/wp\/v2\/comments?post=33"}],"version-history":[{"count":7,"href":"https:\/\/zomoofficial.com\/es\/wp-json\/wp\/v2\/pages\/33\/revisions"}],"predecessor-version":[{"id":1333,"href":"https:\/\/zomoofficial.com\/es\/wp-json\/wp\/v2\/pages\/33\/revisions\/1333"}],"wp:attachment":[{"href":"https:\/\/zomoofficial.com\/es\/wp-json\/wp\/v2\/media?parent=33"}],"curies":[{"name":"wp","href":"https:\/\/api.w.org\/{rel}","templated":true}]}}