{"id":55,"date":"2024-08-04T09:16:54","date_gmt":"2024-08-04T12:16:54","guid":{"rendered":"http:\/\/137.116.112.48:8080\/?page_id=55"},"modified":"2025-06-02T14:50:59","modified_gmt":"2025-06-02T17:50:59","slug":"papel-aluminio","status":"publish","type":"page","link":"https:\/\/zomoofficial.com\/en\/papel-aluminio\/","title":{"rendered":"Aluminum foil"},"content":{"rendered":"<div data-elementor-type=\"wp-page\" data-elementor-id=\"55\" class=\"elementor elementor-55\" data-elementor-settings=\"{&quot;element_pack_global_tooltip_width&quot;:{&quot;unit&quot;:&quot;px&quot;,&quot;size&quot;:&quot;&quot;,&quot;sizes&quot;:[]},&quot;element_pack_global_tooltip_width_tablet&quot;:{&quot;unit&quot;:&quot;px&quot;,&quot;size&quot;:&quot;&quot;,&quot;sizes&quot;:[]},&quot;element_pack_global_tooltip_width_mobile&quot;:{&quot;unit&quot;:&quot;px&quot;,&quot;size&quot;:&quot;&quot;,&quot;sizes&quot;:[]},&quot;element_pack_global_tooltip_padding&quot;:{&quot;unit&quot;:&quot;px&quot;,&quot;top&quot;:&quot;&quot;,&quot;right&quot;:&quot;&quot;,&quot;bottom&quot;:&quot;&quot;,&quot;left&quot;:&quot;&quot;,&quot;isLinked&quot;:true},&quot;element_pack_global_tooltip_padding_tablet&quot;:{&quot;unit&quot;:&quot;px&quot;,&quot;top&quot;:&quot;&quot;,&quot;right&quot;:&quot;&quot;,&quot;bottom&quot;:&quot;&quot;,&quot;left&quot;:&quot;&quot;,&quot;isLinked&quot;:true},&quot;element_pack_global_tooltip_padding_mobile&quot;:{&quot;unit&quot;:&quot;px&quot;,&quot;top&quot;:&quot;&quot;,&quot;right&quot;:&quot;&quot;,&quot;bottom&quot;:&quot;&quot;,&quot;left&quot;:&quot;&quot;,&quot;isLinked&quot;:true},&quot;element_pack_global_tooltip_border_radius&quot;:{&quot;unit&quot;:&quot;px&quot;,&quot;top&quot;:&quot;&quot;,&quot;right&quot;:&quot;&quot;,&quot;bottom&quot;:&quot;&quot;,&quot;left&quot;:&quot;&quot;,&quot;isLinked&quot;:true},&quot;element_pack_global_tooltip_border_radius_tablet&quot;:{&quot;unit&quot;:&quot;px&quot;,&quot;top&quot;:&quot;&quot;,&quot;right&quot;:&quot;&quot;,&quot;bottom&quot;:&quot;&quot;,&quot;left&quot;:&quot;&quot;,&quot;isLinked&quot;:true},&quot;element_pack_global_tooltip_border_radius_mobile&quot;:{&quot;unit&quot;:&quot;px&quot;,&quot;top&quot;:&quot;&quot;,&quot;right&quot;:&quot;&quot;,&quot;bottom&quot;:&quot;&quot;,&quot;left&quot;:&quot;&quot;,&quot;isLinked&quot;:true}}\" data-elementor-post-type=\"page\">\n\t\t\t\t<div class=\"elementor-element elementor-element-4350100 e-con-full e-flex e-con e-parent\" data-id=\"4350100\" data-element_type=\"container\">\n\t\t\t\t<\/div>\n\t\t<div class=\"elementor-element elementor-element-a5fedad e-flex e-con-boxed e-con e-parent\" data-id=\"a5fedad\" data-element_type=\"container\" data-settings=\"{&quot;background_background&quot;:&quot;classic&quot;}\">\n\t\t\t\t\t<div class=\"e-con-inner\">\n\t\t\t\t<div class=\"elementor-element elementor-element-0f8c03f elementor-widget elementor-widget-heading\" data-id=\"0f8c03f\" data-element_type=\"widget\" data-widget_type=\"heading.default\">\n\t\t\t\t<div class=\"elementor-widget-container\">\n\t\t\t\t\t<h1 class=\"elementor-heading-title elementor-size-default\">DUAL SIDE TEC<\/h1>\t\t\t\t<\/div>\n\t\t\t\t<\/div>\n\t\t\t\t<div class=\"elementor-element elementor-element-eef8c49 elementor-widget__width-initial elementor-widget elementor-widget-text-editor\" data-id=\"eef8c49\" data-element_type=\"widget\" data-widget_type=\"text-editor.default\">\n\t\t\t\t<div class=\"elementor-widget-container\">\n\t\t\t\t\t\t\t\t\t<p>Integrated dual-layer technology with 42-micron reflective surface optimized for more even heating. With precision and ingenuity, we present the Zomo Max <strong>DUAL SIDE TEC<\/strong>. This advanced technology is designed to take thermal performance to a new level. With its two strategically integrated layers, it intelligently maintains heat for a longer session.. This advanced technology is designed to take thermal performance to a new level. With its two strategically integrated layers, it intelligently maintains heat for a longer session.<\/p>\t\t\t\t\t\t\t\t<\/div>\n\t\t\t\t<\/div>\n\t\t\t\t\t<\/div>\n\t\t\t\t<\/div>\n\t\t<div class=\"elementor-element elementor-element-dbb9d75 e-flex e-con-boxed e-con e-parent\" data-id=\"dbb9d75\" data-element_type=\"container\" data-settings=\"{&quot;background_background&quot;:&quot;classic&quot;}\">\n\t\t\t\t\t<div class=\"e-con-inner\">\n\t\t<div class=\"elementor-element elementor-element-3c9d27a e-con-full e-flex e-con e-child\" data-id=\"3c9d27a\" data-element_type=\"container\">\n\t\t\t\t<div class=\"elementor-element elementor-element-bd8c12f elementor-widget elementor-widget-image\" data-id=\"bd8c12f\" data-element_type=\"widget\" data-widget_type=\"image.default\">\n\t\t\t\t<div class=\"elementor-widget-container\">\n\t\t\t\t\t\t\t\t\t\t\t\t\t\t\t<img fetchpriority=\"high\" decoding=\"async\" width=\"488\" height=\"850\" src=\"https:\/\/zomoofficial.com\/wp-content\/uploads\/2025\/01\/cabeca_papel_aluminio.jpg\" class=\"attachment-full size-full wp-image-2633\" alt=\"\" srcset=\"https:\/\/zomoofficial.com\/wp-content\/uploads\/2025\/01\/cabeca_papel_aluminio.jpg 488w, https:\/\/zomoofficial.com\/wp-content\/uploads\/2025\/01\/cabeca_papel_aluminio-172x300.jpg 172w, https:\/\/zomoofficial.com\/wp-content\/uploads\/2025\/01\/cabeca_papel_aluminio-7x12.jpg 7w\" sizes=\"(max-width: 488px) 100vw, 488px\" \/>\t\t\t\t\t\t\t\t\t\t\t\t\t\t\t<\/div>\n\t\t\t\t<\/div>\n\t\t\t\t<\/div>\n\t\t<div class=\"elementor-element elementor-element-57c5b92 e-con-full e-flex e-con e-child\" data-id=\"57c5b92\" data-element_type=\"container\">\n\t\t\t\t<div class=\"elementor-element elementor-element-17421e7 elementor-widget elementor-widget-heading\" data-id=\"17421e7\" data-element_type=\"widget\" data-widget_type=\"heading.default\">\n\t\t\t\t<div class=\"elementor-widget-container\">\n\t\t\t\t\t<h2 class=\"elementor-heading-title elementor-size-default\">MAXIMUM DURATION<\/h2>\t\t\t\t<\/div>\n\t\t\t\t<\/div>\n\t\t\t\t<div class=\"elementor-element elementor-element-d98d3a7 elementor-widget elementor-widget-text-editor\" data-id=\"d98d3a7\" data-element_type=\"widget\" data-widget_type=\"text-editor.default\">\n\t\t\t\t<div class=\"elementor-widget-container\">\n\t\t\t\t\t\t\t\t\t<p>Enjoy longer hookah sessions. This foil intelligently retains heat, ensuring a longer session and more satisfaction for you.<\/p>\t\t\t\t\t\t\t\t<\/div>\n\t\t\t\t<\/div>\n\t\t\t\t<div class=\"elementor-element elementor-element-ccd8d57 elementor-widget elementor-widget-heading\" data-id=\"ccd8d57\" data-element_type=\"widget\" data-widget_type=\"heading.default\">\n\t\t\t\t<div class=\"elementor-widget-container\">\n\t\t\t\t\t<h2 class=\"elementor-heading-title elementor-size-default\">MAXIMUM RESISTANCE<\/h2>\t\t\t\t<\/div>\n\t\t\t\t<\/div>\n\t\t\t\t<div class=\"elementor-element elementor-element-446059a elementor-widget elementor-widget-text-editor\" data-id=\"446059a\" data-element_type=\"widget\" data-widget_type=\"text-editor.default\">\n\t\t\t\t<div class=\"elementor-widget-container\">\n\t\t\t\t\t\t\t\t\t<p>Zomo Max <strong>DUAL SIDE TEC\u00a0<\/strong>is synonymous with maximum resistance. At 42 microns thick, this aluminum foil is robust and durable, ensuring that you can enjoy your hookah sessions to the fullest.<\/p>\t\t\t\t\t\t\t\t<\/div>\n\t\t\t\t<\/div>\n\t\t\t\t<div class=\"elementor-element elementor-element-8d150f6 elementor-widget elementor-widget-heading\" data-id=\"8d150f6\" data-element_type=\"widget\" data-widget_type=\"heading.default\">\n\t\t\t\t<div class=\"elementor-widget-container\">\n\t\t\t\t\t<h2 class=\"elementor-heading-title elementor-size-default\">MAXIMUM EXPERIENCE<\/h2>\t\t\t\t<\/div>\n\t\t\t\t<\/div>\n\t\t\t\t<div class=\"elementor-element elementor-element-ecb7209 elementor-widget elementor-widget-text-editor\" data-id=\"ecb7209\" data-element_type=\"widget\" data-widget_type=\"text-editor.default\">\n\t\t\t\t<div class=\"elementor-widget-container\">\n\t\t\t\t\t\t\t\t\t<p>Elevate your hookah experience. With our technology <strong>DUAL SIDE TEC\u00a0<\/strong>and 42 micron reflective surface, this foil optimizes heating for a more intense and satisfying session.<\/p>\t\t\t\t\t\t\t\t<\/div>\n\t\t\t\t<\/div>\n\t\t\t\t<\/div>\n\t\t\t\t\t<\/div>\n\t\t\t\t<\/div>\n\t\t<div class=\"elementor-element elementor-element-f73ab59 e-flex e-con-boxed e-con e-parent\" data-id=\"f73ab59\" data-element_type=\"container\" data-settings=\"{&quot;background_background&quot;:&quot;classic&quot;}\">\n\t\t\t\t\t<div class=\"e-con-inner\">\n\t\t\t\t\t<\/div>\n\t\t\t\t<\/div>\n\t\t<div class=\"elementor-element elementor-element-342f252 e-flex e-con-boxed e-con e-parent\" data-id=\"342f252\" data-element_type=\"container\" data-settings=\"{&quot;background_background&quot;:&quot;classic&quot;}\">\n\t\t\t\t\t<div class=\"e-con-inner\">\n\t\t\t\t<div class=\"elementor-element elementor-element-238ea92 elementor-widget elementor-widget-heading\" data-id=\"238ea92\" data-element_type=\"widget\" data-widget_type=\"heading.default\">\n\t\t\t\t<div class=\"elementor-widget-container\">\n\t\t\t\t\t<h2 class=\"elementor-heading-title elementor-size-default\">Related Products<\/h2>\t\t\t\t<\/div>\n\t\t\t\t<\/div>\n\t\t\t\t\t<\/div>\n\t\t\t\t<\/div>\n\t\t<div class=\"elementor-element elementor-element-de88f89 e-flex e-con-boxed e-con e-parent\" data-id=\"de88f89\" data-element_type=\"container\" data-settings=\"{&quot;background_background&quot;:&quot;classic&quot;}\">\n\t\t\t\t\t<div class=\"e-con-inner\">\n\t\t<div class=\"elementor-element elementor-element-07b538d e-con-full e-flex e-con e-child\" data-id=\"07b538d\" data-element_type=\"container\">\n\t\t\t\t<div class=\"elementor-element elementor-element-63dd117 elementor-widget elementor-widget-image\" data-id=\"63dd117\" data-element_type=\"widget\" data-widget_type=\"image.default\">\n\t\t\t\t<div class=\"elementor-widget-container\">\n\t\t\t\t\t\t\t\t\t\t\t\t\t\t\t<img decoding=\"async\" width=\"800\" height=\"800\" src=\"https:\/\/zomoofficial.com\/wp-content\/uploads\/2025\/01\/zomo_narguiles_site-1024x1024.png\" class=\"attachment-large size-large wp-image-2036\" alt=\"\" srcset=\"https:\/\/zomoofficial.com\/wp-content\/uploads\/2025\/01\/zomo_narguiles_site-1024x1024.png 1024w, https:\/\/zomoofficial.com\/wp-content\/uploads\/2025\/01\/zomo_narguiles_site-300x300.png 300w, https:\/\/zomoofficial.com\/wp-content\/uploads\/2025\/01\/zomo_narguiles_site-150x150.png 150w, https:\/\/zomoofficial.com\/wp-content\/uploads\/2025\/01\/zomo_narguiles_site-768x768.png 768w, https:\/\/zomoofficial.com\/wp-content\/uploads\/2025\/01\/zomo_narguiles_site-12x12.png 12w, https:\/\/zomoofficial.com\/wp-content\/uploads\/2025\/01\/zomo_narguiles_site.png 1080w\" sizes=\"(max-width: 800px) 100vw, 800px\" \/>\t\t\t\t\t\t\t\t\t\t\t\t\t\t\t<\/div>\n\t\t\t\t<\/div>\n\t\t\t\t<div class=\"elementor-element elementor-element-35a882a elementor-widget elementor-widget-heading\" data-id=\"35a882a\" data-element_type=\"widget\" data-widget_type=\"heading.default\">\n\t\t\t\t<div class=\"elementor-widget-container\">\n\t\t\t\t\t<h2 class=\"elementor-heading-title elementor-size-default\">Hookahs<\/h2>\t\t\t\t<\/div>\n\t\t\t\t<\/div>\n\t\t\t\t<div class=\"elementor-element elementor-element-7539b44 elementor-widget elementor-widget-text-editor\" data-id=\"7539b44\" data-element_type=\"widget\" data-widget_type=\"text-editor.default\">\n\t\t\t\t<div class=\"elementor-widget-container\">\n\t\t\t\t\t\t\t\t\t<p>Enjoy longer sessions, Zomo hookahs are synonymous with quality and\u2026<\/p>\t\t\t\t\t\t\t\t<\/div>\n\t\t\t\t<\/div>\n\t\t\t\t<div class=\"elementor-element elementor-element-82a8998 elementor-widget elementor-widget-button\" data-id=\"82a8998\" data-element_type=\"widget\" data-widget_type=\"button.default\">\n\t\t\t\t<div class=\"elementor-widget-container\">\n\t\t\t\t\t\t\t\t\t<div class=\"elementor-button-wrapper\">\n\t\t\t\t\t<a class=\"elementor-button elementor-button-link elementor-size-sm\" href=\"#\">\n\t\t\t\t\t\t<span class=\"elementor-button-content-wrapper\">\n\t\t\t\t\t\t<span class=\"elementor-button-icon\">\n\t\t\t\t<svg aria-hidden=\"true\" class=\"e-font-icon-svg e-fas-arrow-alt-circle-right\" viewbox=\"0 0 512 512\" xmlns=\"http:\/\/www.w3.org\/2000\/svg\"><path d=\"M256 8c137 0 248 111 248 248S393 504 256 504 8 393 8 256 119 8 256 8zM140 300h116v70.9c0 10.7 13 16.1 20.5 8.5l114.3-114.9c4.7-4.7 4.7-12.2 0-16.9l-114.3-115c-7.6-7.6-20.5-2.2-20.5 8.5V212H140c-6.6 0-12 5.4-12 12v64c0 6.6 5.4 12 12 12z\"><\/path><\/svg>\t\t\t<\/span>\n\t\t\t\t\t\t\t\t\t<span class=\"elementor-button-text\">SEE MORE<\/span>\n\t\t\t\t\t<\/span>\n\t\t\t\t\t<\/a>\n\t\t\t\t<\/div>\n\t\t\t\t\t\t\t\t<\/div>\n\t\t\t\t<\/div>\n\t\t\t\t<\/div>\n\t\t<div class=\"elementor-element elementor-element-ee054c3 e-con-full e-flex e-con e-child\" data-id=\"ee054c3\" data-element_type=\"container\">\n\t\t\t\t<div class=\"elementor-element elementor-element-914ea9f elementor-widget elementor-widget-image\" data-id=\"914ea9f\" data-element_type=\"widget\" data-widget_type=\"image.default\">\n\t\t\t\t<div class=\"elementor-widget-container\">\n\t\t\t\t\t\t\t\t\t\t\t\t\t\t\t\t<a href=\"https:\/\/zomoofficial.com\/en\/carvao-zomo\/\">\n\t\t\t\t\t\t\t<img decoding=\"async\" width=\"800\" height=\"800\" src=\"https:\/\/zomoofficial.com\/wp-content\/uploads\/2025\/01\/zomo_carvao_site-1024x1024.png\" class=\"attachment-large size-large wp-image-2037\" alt=\"\" srcset=\"https:\/\/zomoofficial.com\/wp-content\/uploads\/2025\/01\/zomo_carvao_site-1024x1024.png 1024w, https:\/\/zomoofficial.com\/wp-content\/uploads\/2025\/01\/zomo_carvao_site-300x300.png 300w, https:\/\/zomoofficial.com\/wp-content\/uploads\/2025\/01\/zomo_carvao_site-150x150.png 150w, https:\/\/zomoofficial.com\/wp-content\/uploads\/2025\/01\/zomo_carvao_site-768x768.png 768w, https:\/\/zomoofficial.com\/wp-content\/uploads\/2025\/01\/zomo_carvao_site-12x12.png 12w, https:\/\/zomoofficial.com\/wp-content\/uploads\/2025\/01\/zomo_carvao_site.png 1080w\" sizes=\"(max-width: 800px) 100vw, 800px\" \/>\t\t\t\t\t\t\t\t<\/a>\n\t\t\t\t\t\t\t\t\t\t\t\t\t\t\t<\/div>\n\t\t\t\t<\/div>\n\t\t\t\t<div class=\"elementor-element elementor-element-f24dcd1 elementor-widget elementor-widget-heading\" data-id=\"f24dcd1\" data-element_type=\"widget\" data-widget_type=\"heading.default\">\n\t\t\t\t<div class=\"elementor-widget-container\">\n\t\t\t\t\t<h2 class=\"elementor-heading-title elementor-size-default\"><a href=\"https:\/\/zomoofficial.com\/en\/carvao-zomo\/\">Coal<\/a><\/h2>\t\t\t\t<\/div>\n\t\t\t\t<\/div>\n\t\t\t\t<div class=\"elementor-element elementor-element-3bee66b elementor-widget elementor-widget-text-editor\" data-id=\"3bee66b\" data-element_type=\"widget\" data-widget_type=\"text-editor.default\">\n\t\t\t\t<div class=\"elementor-widget-container\">\n\t\t\t\t\t\t\t\t\t<p>Carv\u00e3o 100% ecol\u00f3gico, feito de fibra de coco, ultra resistente&#8230;<\/p>\t\t\t\t\t\t\t\t<\/div>\n\t\t\t\t<\/div>\n\t\t\t\t<div class=\"elementor-element elementor-element-deacba2 elementor-widget elementor-widget-button\" data-id=\"deacba2\" data-element_type=\"widget\" data-widget_type=\"button.default\">\n\t\t\t\t<div class=\"elementor-widget-container\">\n\t\t\t\t\t\t\t\t\t<div class=\"elementor-button-wrapper\">\n\t\t\t\t\t<a class=\"elementor-button elementor-button-link elementor-size-sm\" href=\"https:\/\/zomoofficial.com\/en\/carvao-zomo\/\">\n\t\t\t\t\t\t<span class=\"elementor-button-content-wrapper\">\n\t\t\t\t\t\t<span class=\"elementor-button-icon\">\n\t\t\t\t<svg aria-hidden=\"true\" class=\"e-font-icon-svg e-fas-arrow-alt-circle-right\" viewbox=\"0 0 512 512\" xmlns=\"http:\/\/www.w3.org\/2000\/svg\"><path d=\"M256 8c137 0 248 111 248 248S393 504 256 504 8 393 8 256 119 8 256 8zM140 300h116v70.9c0 10.7 13 16.1 20.5 8.5l114.3-114.9c4.7-4.7 4.7-12.2 0-16.9l-114.3-115c-7.6-7.6-20.5-2.2-20.5 8.5V212H140c-6.6 0-12 5.4-12 12v64c0 6.6 5.4 12 12 12z\"><\/path><\/svg>\t\t\t<\/span>\n\t\t\t\t\t\t\t\t\t<span class=\"elementor-button-text\">SEE MORE<\/span>\n\t\t\t\t\t<\/span>\n\t\t\t\t\t<\/a>\n\t\t\t\t<\/div>\n\t\t\t\t\t\t\t\t<\/div>\n\t\t\t\t<\/div>\n\t\t\t\t<\/div>\n\t\t<div class=\"elementor-element elementor-element-3fd53db e-con-full e-flex e-con e-child\" data-id=\"3fd53db\" data-element_type=\"container\">\n\t\t\t\t<div class=\"elementor-element elementor-element-dab7fc7 elementor-widget elementor-widget-image\" data-id=\"dab7fc7\" data-element_type=\"widget\" data-widget_type=\"image.default\">\n\t\t\t\t<div class=\"elementor-widget-container\">\n\t\t\t\t\t\t\t\t\t\t\t\t\t\t\t\t<a href=\"https:\/\/zomoofficial.com\/en\/mangueira-zomo\/\">\n\t\t\t\t\t\t\t<img loading=\"lazy\" decoding=\"async\" width=\"800\" height=\"800\" src=\"https:\/\/zomoofficial.com\/wp-content\/uploads\/2025\/01\/zomo_mangueira_site-1024x1024.png\" class=\"attachment-large size-large wp-image-2035\" alt=\"\" srcset=\"https:\/\/zomoofficial.com\/wp-content\/uploads\/2025\/01\/zomo_mangueira_site-1024x1024.png 1024w, https:\/\/zomoofficial.com\/wp-content\/uploads\/2025\/01\/zomo_mangueira_site-300x300.png 300w, https:\/\/zomoofficial.com\/wp-content\/uploads\/2025\/01\/zomo_mangueira_site-150x150.png 150w, https:\/\/zomoofficial.com\/wp-content\/uploads\/2025\/01\/zomo_mangueira_site-768x768.png 768w, https:\/\/zomoofficial.com\/wp-content\/uploads\/2025\/01\/zomo_mangueira_site-12x12.png 12w, https:\/\/zomoofficial.com\/wp-content\/uploads\/2025\/01\/zomo_mangueira_site.png 1080w\" sizes=\"(max-width: 800px) 100vw, 800px\" \/>\t\t\t\t\t\t\t\t<\/a>\n\t\t\t\t\t\t\t\t\t\t\t\t\t\t\t<\/div>\n\t\t\t\t<\/div>\n\t\t\t\t<div class=\"elementor-element elementor-element-598f057 elementor-widget elementor-widget-heading\" data-id=\"598f057\" data-element_type=\"widget\" data-widget_type=\"heading.default\">\n\t\t\t\t<div class=\"elementor-widget-container\">\n\t\t\t\t\t<h2 class=\"elementor-heading-title elementor-size-default\">Hose<\/h2>\t\t\t\t<\/div>\n\t\t\t\t<\/div>\n\t\t\t\t<div class=\"elementor-element elementor-element-a819c45 elementor-widget elementor-widget-text-editor\" data-id=\"a819c45\" data-element_type=\"widget\" data-widget_type=\"text-editor.default\">\n\t\t\t\t<div class=\"elementor-widget-container\">\n\t\t\t\t\t\t\t\t\t<p>The hose is made of ultra-resistant thermoplastic polymer, easy to clean\u2026<\/p>\t\t\t\t\t\t\t\t<\/div>\n\t\t\t\t<\/div>\n\t\t\t\t<div class=\"elementor-element elementor-element-fca0781 elementor-widget elementor-widget-button\" data-id=\"fca0781\" data-element_type=\"widget\" data-widget_type=\"button.default\">\n\t\t\t\t<div class=\"elementor-widget-container\">\n\t\t\t\t\t\t\t\t\t<div class=\"elementor-button-wrapper\">\n\t\t\t\t\t<a class=\"elementor-button elementor-button-link elementor-size-sm\" href=\"https:\/\/zomoofficial.com\/en\/mangueira-zomo\/\">\n\t\t\t\t\t\t<span class=\"elementor-button-content-wrapper\">\n\t\t\t\t\t\t<span class=\"elementor-button-icon\">\n\t\t\t\t<svg aria-hidden=\"true\" class=\"e-font-icon-svg e-fas-arrow-alt-circle-right\" viewbox=\"0 0 512 512\" xmlns=\"http:\/\/www.w3.org\/2000\/svg\"><path d=\"M256 8c137 0 248 111 248 248S393 504 256 504 8 393 8 256 119 8 256 8zM140 300h116v70.9c0 10.7 13 16.1 20.5 8.5l114.3-114.9c4.7-4.7 4.7-12.2 0-16.9l-114.3-115c-7.6-7.6-20.5-2.2-20.5 8.5V212H140c-6.6 0-12 5.4-12 12v64c0 6.6 5.4 12 12 12z\"><\/path><\/svg>\t\t\t<\/span>\n\t\t\t\t\t\t\t\t\t<span class=\"elementor-button-text\">SEE MORE<\/span>\n\t\t\t\t\t<\/span>\n\t\t\t\t\t<\/a>\n\t\t\t\t<\/div>\n\t\t\t\t\t\t\t\t<\/div>\n\t\t\t\t<\/div>\n\t\t\t\t<\/div>\n\t\t<div class=\"elementor-element elementor-element-b83d6fd e-con-full e-flex e-con e-child\" data-id=\"b83d6fd\" data-element_type=\"container\">\n\t\t\t\t<div class=\"elementor-element elementor-element-07ff888 elementor-widget elementor-widget-image\" data-id=\"07ff888\" data-element_type=\"widget\" data-widget_type=\"image.default\">\n\t\t\t\t<div class=\"elementor-widget-container\">\n\t\t\t\t\t\t\t\t\t\t\t\t\t\t\t\t<a href=\"https:\/\/zomoofficial.com\/en\/papel-aluminio\/\">\n\t\t\t\t\t\t\t<img loading=\"lazy\" decoding=\"async\" width=\"800\" height=\"800\" src=\"https:\/\/zomoofficial.com\/wp-content\/uploads\/2025\/01\/zomo_aluminio_site-1024x1024.png\" class=\"attachment-large size-large wp-image-2038\" alt=\"\" srcset=\"https:\/\/zomoofficial.com\/wp-content\/uploads\/2025\/01\/zomo_aluminio_site-1024x1024.png 1024w, https:\/\/zomoofficial.com\/wp-content\/uploads\/2025\/01\/zomo_aluminio_site-300x300.png 300w, https:\/\/zomoofficial.com\/wp-content\/uploads\/2025\/01\/zomo_aluminio_site-150x150.png 150w, https:\/\/zomoofficial.com\/wp-content\/uploads\/2025\/01\/zomo_aluminio_site-768x768.png 768w, https:\/\/zomoofficial.com\/wp-content\/uploads\/2025\/01\/zomo_aluminio_site-12x12.png 12w, https:\/\/zomoofficial.com\/wp-content\/uploads\/2025\/01\/zomo_aluminio_site.png 1080w\" sizes=\"(max-width: 800px) 100vw, 800px\" \/>\t\t\t\t\t\t\t\t<\/a>\n\t\t\t\t\t\t\t\t\t\t\t\t\t\t\t<\/div>\n\t\t\t\t<\/div>\n\t\t\t\t<div class=\"elementor-element elementor-element-d36b817 elementor-widget elementor-widget-heading\" data-id=\"d36b817\" data-element_type=\"widget\" data-widget_type=\"heading.default\">\n\t\t\t\t<div class=\"elementor-widget-container\">\n\t\t\t\t\t<h2 class=\"elementor-heading-title elementor-size-default\"><a href=\"https:\/\/zomoofficial.com\/en\/papel-aluminio\/\">Aluminum foil<\/a><\/h2>\t\t\t\t<\/div>\n\t\t\t\t<\/div>\n\t\t\t\t<div class=\"elementor-element elementor-element-c526636 elementor-widget elementor-widget-text-editor\" data-id=\"c526636\" data-element_type=\"widget\" data-widget_type=\"text-editor.default\">\n\t\t\t\t<div class=\"elementor-widget-container\">\n\t\t\t\t\t\t\t\t\t<p>Com duas camadas estrategicamente integradas, mant\u00e9m&#8230;<\/p>\t\t\t\t\t\t\t\t<\/div>\n\t\t\t\t<\/div>\n\t\t\t\t<div class=\"elementor-element elementor-element-21f40c6 elementor-widget elementor-widget-button\" data-id=\"21f40c6\" data-element_type=\"widget\" data-widget_type=\"button.default\">\n\t\t\t\t<div class=\"elementor-widget-container\">\n\t\t\t\t\t\t\t\t\t<div class=\"elementor-button-wrapper\">\n\t\t\t\t\t<a class=\"elementor-button elementor-button-link elementor-size-sm\" href=\"https:\/\/zomoofficial.com\/en\/papel-aluminio\/\">\n\t\t\t\t\t\t<span class=\"elementor-button-content-wrapper\">\n\t\t\t\t\t\t<span class=\"elementor-button-icon\">\n\t\t\t\t<svg aria-hidden=\"true\" class=\"e-font-icon-svg e-fas-arrow-alt-circle-right\" viewbox=\"0 0 512 512\" xmlns=\"http:\/\/www.w3.org\/2000\/svg\"><path d=\"M256 8c137 0 248 111 248 248S393 504 256 504 8 393 8 256 119 8 256 8zM140 300h116v70.9c0 10.7 13 16.1 20.5 8.5l114.3-114.9c4.7-4.7 4.7-12.2 0-16.9l-114.3-115c-7.6-7.6-20.5-2.2-20.5 8.5V212H140c-6.6 0-12 5.4-12 12v64c0 6.6 5.4 12 12 12z\"><\/path><\/svg>\t\t\t<\/span>\n\t\t\t\t\t\t\t\t\t<span class=\"elementor-button-text\">SEE MORE<\/span>\n\t\t\t\t\t<\/span>\n\t\t\t\t\t<\/a>\n\t\t\t\t<\/div>\n\t\t\t\t\t\t\t\t<\/div>\n\t\t\t\t<\/div>\n\t\t\t\t<\/div>\n\t\t\t\t\t<\/div>\n\t\t\t\t<\/div>\n\t\t\t\t<\/div>","protected":false},"excerpt":{"rendered":"<p>DUAL SIDE TEC Tecnologia com duas camadas integradas com superf\u00edcie refletiva de 42 micras otimizadas para obter aquecimento mais uniforme. Com precis\u00e3o e engenhosidade, apresentamos o Zomo Max DUAL SIDE TEC. Esta avan\u00e7ada tecnologia \u00e9 projetada para elevar o desempenho t\u00e9rmico a um novo patamar. Com suas duas camadas estrategicamente integradas, mant\u00e9m o calor de [&hellip;]<\/p>","protected":false},"author":3,"featured_media":0,"parent":0,"menu_order":0,"comment_status":"closed","ping_status":"closed","template":"","meta":{"_acf_changed":false,"footnotes":""},"class_list":["post-55","page","type-page","status-publish","hentry"],"acf":[],"_links":{"self":[{"href":"https:\/\/zomoofficial.com\/en\/wp-json\/wp\/v2\/pages\/55","targetHints":{"allow":["GET"]}}],"collection":[{"href":"https:\/\/zomoofficial.com\/en\/wp-json\/wp\/v2\/pages"}],"about":[{"href":"https:\/\/zomoofficial.com\/en\/wp-json\/wp\/v2\/types\/page"}],"author":[{"embeddable":true,"href":"https:\/\/zomoofficial.com\/en\/wp-json\/wp\/v2\/users\/3"}],"replies":[{"embeddable":true,"href":"https:\/\/zomoofficial.com\/en\/wp-json\/wp\/v2\/comments?post=55"}],"version-history":[{"count":43,"href":"https:\/\/zomoofficial.com\/en\/wp-json\/wp\/v2\/pages\/55\/revisions"}],"predecessor-version":[{"id":2966,"href":"https:\/\/zomoofficial.com\/en\/wp-json\/wp\/v2\/pages\/55\/revisions\/2966"}],"wp:attachment":[{"href":"https:\/\/zomoofficial.com\/en\/wp-json\/wp\/v2\/media?parent=55"}],"curies":[{"name":"wp","href":"https:\/\/api.w.org\/{rel}","templated":true}]}}