{"id":53,"date":"2024-08-04T09:16:36","date_gmt":"2024-08-04T12:16:36","guid":{"rendered":"http:\/\/137.116.112.48:8080\/?page_id=53"},"modified":"2025-11-13T15:25:29","modified_gmt":"2025-11-13T18:25:29","slug":"carvao-zomo","status":"publish","type":"page","link":"https:\/\/zomoofficial.com\/en\/carvao-zomo\/","title":{"rendered":"Zomo Coal"},"content":{"rendered":"<div data-elementor-type=\"wp-page\" data-elementor-id=\"53\" class=\"elementor elementor-53\" data-elementor-settings=\"{&quot;element_pack_global_tooltip_width&quot;:{&quot;unit&quot;:&quot;px&quot;,&quot;size&quot;:&quot;&quot;,&quot;sizes&quot;:[]},&quot;element_pack_global_tooltip_width_tablet&quot;:{&quot;unit&quot;:&quot;px&quot;,&quot;size&quot;:&quot;&quot;,&quot;sizes&quot;:[]},&quot;element_pack_global_tooltip_width_mobile&quot;:{&quot;unit&quot;:&quot;px&quot;,&quot;size&quot;:&quot;&quot;,&quot;sizes&quot;:[]},&quot;element_pack_global_tooltip_padding&quot;:{&quot;unit&quot;:&quot;px&quot;,&quot;top&quot;:&quot;&quot;,&quot;right&quot;:&quot;&quot;,&quot;bottom&quot;:&quot;&quot;,&quot;left&quot;:&quot;&quot;,&quot;isLinked&quot;:true},&quot;element_pack_global_tooltip_padding_tablet&quot;:{&quot;unit&quot;:&quot;px&quot;,&quot;top&quot;:&quot;&quot;,&quot;right&quot;:&quot;&quot;,&quot;bottom&quot;:&quot;&quot;,&quot;left&quot;:&quot;&quot;,&quot;isLinked&quot;:true},&quot;element_pack_global_tooltip_padding_mobile&quot;:{&quot;unit&quot;:&quot;px&quot;,&quot;top&quot;:&quot;&quot;,&quot;right&quot;:&quot;&quot;,&quot;bottom&quot;:&quot;&quot;,&quot;left&quot;:&quot;&quot;,&quot;isLinked&quot;:true},&quot;element_pack_global_tooltip_border_radius&quot;:{&quot;unit&quot;:&quot;px&quot;,&quot;top&quot;:&quot;&quot;,&quot;right&quot;:&quot;&quot;,&quot;bottom&quot;:&quot;&quot;,&quot;left&quot;:&quot;&quot;,&quot;isLinked&quot;:true},&quot;element_pack_global_tooltip_border_radius_tablet&quot;:{&quot;unit&quot;:&quot;px&quot;,&quot;top&quot;:&quot;&quot;,&quot;right&quot;:&quot;&quot;,&quot;bottom&quot;:&quot;&quot;,&quot;left&quot;:&quot;&quot;,&quot;isLinked&quot;:true},&quot;element_pack_global_tooltip_border_radius_mobile&quot;:{&quot;unit&quot;:&quot;px&quot;,&quot;top&quot;:&quot;&quot;,&quot;right&quot;:&quot;&quot;,&quot;bottom&quot;:&quot;&quot;,&quot;left&quot;:&quot;&quot;,&quot;isLinked&quot;:true}}\" data-elementor-post-type=\"page\">\n\t\t\t\t<div class=\"elementor-element elementor-element-287a298a e-con-full e-flex e-con e-parent\" data-id=\"287a298a\" data-element_type=\"container\">\n\t\t\t\t<\/div>\n\t\t<div class=\"elementor-element elementor-element-7bbc6a2b e-flex e-con-boxed e-con e-parent\" data-id=\"7bbc6a2b\" data-element_type=\"container\">\n\t\t\t\t\t<div class=\"e-con-inner\">\n\t\t\t\t<div class=\"elementor-element elementor-element-0f17b51 elementor-widget elementor-widget-image\" data-id=\"0f17b51\" data-element_type=\"widget\" data-widget_type=\"image.default\">\n\t\t\t\t<div class=\"elementor-widget-container\">\n\t\t\t\t\t\t\t\t\t\t\t\t\t\t\t<img fetchpriority=\"high\" decoding=\"async\" width=\"1100\" height=\"900\" src=\"https:\/\/zomoofficial.com\/wp-content\/uploads\/2025\/01\/banner_pricipal_lp_carvao.png\" class=\"attachment-full size-full wp-image-2588\" alt=\"Carv\u00e3o de coco zomo\" srcset=\"https:\/\/zomoofficial.com\/wp-content\/uploads\/2025\/01\/banner_pricipal_lp_carvao.png 1100w, https:\/\/zomoofficial.com\/wp-content\/uploads\/2025\/01\/banner_pricipal_lp_carvao-300x245.png 300w, https:\/\/zomoofficial.com\/wp-content\/uploads\/2025\/01\/banner_pricipal_lp_carvao-1024x838.png 1024w, https:\/\/zomoofficial.com\/wp-content\/uploads\/2025\/01\/banner_pricipal_lp_carvao-768x628.png 768w, https:\/\/zomoofficial.com\/wp-content\/uploads\/2025\/01\/banner_pricipal_lp_carvao-15x12.png 15w\" sizes=\"(max-width: 1100px) 100vw, 1100px\" \/>\t\t\t\t\t\t\t\t\t\t\t\t\t\t\t<\/div>\n\t\t\t\t<\/div>\n\t\t\t\t\t<\/div>\n\t\t\t\t<\/div>\n\t\t<div class=\"elementor-element elementor-element-650dd95 e-flex e-con-boxed e-con e-parent\" data-id=\"650dd95\" data-element_type=\"container\">\n\t\t\t\t\t<div class=\"e-con-inner\">\n\t\t\t\t<div class=\"elementor-element elementor-element-f1c3d6a elementor-widget elementor-widget-heading\" data-id=\"f1c3d6a\" data-element_type=\"widget\" data-widget_type=\"heading.default\">\n\t\t\t\t<div class=\"elementor-widget-container\">\n\t\t\t\t\t<h2 class=\"elementor-heading-title elementor-size-default\">Caixas de: 250g, 500g, 1kg e 12kg<\/h2>\t\t\t\t<\/div>\n\t\t\t\t<\/div>\n\t\t\t\t\t<\/div>\n\t\t\t\t<\/div>\n\t\t<div class=\"elementor-element elementor-element-65f46204 e-flex e-con-boxed e-con e-parent\" data-id=\"65f46204\" data-element_type=\"container\">\n\t\t\t\t\t<div class=\"e-con-inner\">\n\t\t<div class=\"elementor-element elementor-element-6d518335 e-con-full e-flex e-con e-child\" data-id=\"6d518335\" data-element_type=\"container\">\n\t\t\t\t<div class=\"elementor-element elementor-element-2683e0b elementor-widget elementor-widget-heading\" data-id=\"2683e0b\" data-element_type=\"widget\" data-widget_type=\"heading.default\">\n\t\t\t\t<div class=\"elementor-widget-container\">\n\t\t\t\t\t<h2 class=\"elementor-heading-title elementor-size-default\">AVAILABLE FORMATS<\/h2>\t\t\t\t<\/div>\n\t\t\t\t<\/div>\n\t\t\t\t<div class=\"elementor-element elementor-element-09c5d3e elementor-widget__width-initial elementor-widget elementor-widget-text-editor\" data-id=\"09c5d3e\" data-element_type=\"widget\" data-widget_type=\"text-editor.default\">\n\t\t\t\t<div class=\"elementor-widget-container\">\n\t\t\t\t\t\t\t\t\tThe perfect shape for that great session. The hexagonal shape provides better handling during the session, preventing the charcoal from suffering accidents. Ideal for having the best time with friends.\t\t\t\t\t\t\t\t<\/div>\n\t\t\t\t<\/div>\n\t\t\t\t<\/div>\n\t\t<div class=\"elementor-element elementor-element-59df6314 e-con-full e-flex e-con e-child\" data-id=\"59df6314\" data-element_type=\"container\">\n\t\t\t\t<div class=\"elementor-element elementor-element-73747287 elementor-widget elementor-widget-image\" data-id=\"73747287\" data-element_type=\"widget\" data-widget_type=\"image.default\">\n\t\t\t\t<div class=\"elementor-widget-container\">\n\t\t\t\t\t\t\t\t\t\t\t\t\t\t\t<img decoding=\"async\" width=\"600\" height=\"252\" src=\"https:\/\/zomoofficial.com\/wp-content\/uploads\/2025\/01\/tpos_de_carvao.png\" class=\"attachment-full size-full wp-image-2587\" alt=\"\" srcset=\"https:\/\/zomoofficial.com\/wp-content\/uploads\/2025\/01\/tpos_de_carvao.png 600w, https:\/\/zomoofficial.com\/wp-content\/uploads\/2025\/01\/tpos_de_carvao-300x126.png 300w, https:\/\/zomoofficial.com\/wp-content\/uploads\/2025\/01\/tpos_de_carvao-18x8.png 18w\" sizes=\"(max-width: 600px) 100vw, 600px\" \/>\t\t\t\t\t\t\t\t\t\t\t\t\t\t\t<\/div>\n\t\t\t\t<\/div>\n\t\t\t\t<\/div>\n\t\t\t\t\t<\/div>\n\t\t\t\t<\/div>\n\t\t<div class=\"elementor-element elementor-element-936eb77 e-flex e-con-boxed e-con e-parent\" data-id=\"936eb77\" data-element_type=\"container\">\n\t\t\t\t\t<div class=\"e-con-inner\">\n\t\t<div class=\"elementor-element elementor-element-511ecdc e-con-full e-flex e-con e-child\" data-id=\"511ecdc\" data-element_type=\"container\">\n\t\t\t\t<div class=\"elementor-element elementor-element-3fc18f5 elementor-widget elementor-widget-image\" data-id=\"3fc18f5\" data-element_type=\"widget\" data-widget_type=\"image.default\">\n\t\t\t\t<div class=\"elementor-widget-container\">\n\t\t\t\t\t\t\t\t\t\t\t\t\t\t\t<img decoding=\"async\" width=\"458\" height=\"160\" src=\"https:\/\/zomoofficial.com\/wp-content\/uploads\/2025\/01\/ultra_carvao.jpg\" class=\"attachment-full size-full wp-image-2590\" alt=\"\" srcset=\"https:\/\/zomoofficial.com\/wp-content\/uploads\/2025\/01\/ultra_carvao.jpg 458w, https:\/\/zomoofficial.com\/wp-content\/uploads\/2025\/01\/ultra_carvao-300x105.jpg 300w, https:\/\/zomoofficial.com\/wp-content\/uploads\/2025\/01\/ultra_carvao-18x6.jpg 18w\" sizes=\"(max-width: 458px) 100vw, 458px\" \/>\t\t\t\t\t\t\t\t\t\t\t\t\t\t\t<\/div>\n\t\t\t\t<\/div>\n\t\t\t\t<\/div>\n\t\t<div class=\"elementor-element elementor-element-0e21873 e-con-full e-flex e-con e-child\" data-id=\"0e21873\" data-element_type=\"container\">\n\t\t\t\t<div class=\"elementor-element elementor-element-4417bf3 elementor-widget elementor-widget-heading\" data-id=\"4417bf3\" data-element_type=\"widget\" data-widget_type=\"heading.default\">\n\t\t\t\t<div class=\"elementor-widget-container\">\n\t\t\t\t\t<h2 class=\"elementor-heading-title elementor-size-default\">ECO FRIENDLY<\/h2>\t\t\t\t<\/div>\n\t\t\t\t<\/div>\n\t\t\t\t<div class=\"elementor-element elementor-element-9a7f75c elementor-widget__width-initial elementor-widget elementor-widget-text-editor\" data-id=\"9a7f75c\" data-element_type=\"widget\" data-widget_type=\"text-editor.default\">\n\t\t\t\t<div class=\"elementor-widget-container\">\n\t\t\t\t\t\t\t\t\tWe think about our environment, after all, this is where we live. That's why our charcoal is produced in compliance with all environmental protection rules. We use coconut shells for manufacturing and use natural materials that do not harm our world.\t\t\t\t\t\t\t\t<\/div>\n\t\t\t\t<\/div>\n\t\t\t\t<\/div>\n\t\t\t\t\t<\/div>\n\t\t\t\t<\/div>\n\t\t<div class=\"elementor-element elementor-element-4b0bacb e-flex e-con-boxed e-con e-parent\" data-id=\"4b0bacb\" data-element_type=\"container\">\n\t\t\t\t\t<div class=\"e-con-inner\">\n\t\t<div class=\"elementor-element elementor-element-09b7593 e-con-full e-flex e-con e-child\" data-id=\"09b7593\" data-element_type=\"container\">\n\t\t\t\t<div class=\"elementor-element elementor-element-6b771c5 elementor-widget__width-initial elementor-widget elementor-widget-heading\" data-id=\"6b771c5\" data-element_type=\"widget\" data-widget_type=\"heading.default\">\n\t\t\t\t<div class=\"elementor-widget-container\">\n\t\t\t\t\t<h2 class=\"elementor-heading-title elementor-size-default\">RESISTANT, NO SMELL\/TASTE<\/h2>\t\t\t\t<\/div>\n\t\t\t\t<\/div>\n\t\t\t\t<div class=\"elementor-element elementor-element-5ffed47 elementor-widget__width-initial elementor-widget elementor-widget-text-editor\" data-id=\"5ffed47\" data-element_type=\"widget\" data-widget_type=\"text-editor.default\">\n\t\t\t\t<div class=\"elementor-widget-container\">\n\t\t\t\t\t\t\t\t\tThe perfect shape for that great session. The hexagonal shape provides better handling during the session, preventing the charcoal from suffering accidents. Ideal for having the best time with friends.\t\t\t\t\t\t\t\t<\/div>\n\t\t\t\t<\/div>\n\t\t\t\t<\/div>\n\t\t<div class=\"elementor-element elementor-element-66273ea e-con-full e-flex e-con e-child\" data-id=\"66273ea\" data-element_type=\"container\">\n\t\t\t\t<div class=\"elementor-element elementor-element-d67a97d elementor-widget elementor-widget-image\" data-id=\"d67a97d\" data-element_type=\"widget\" data-widget_type=\"image.default\">\n\t\t\t\t<div class=\"elementor-widget-container\">\n\t\t\t\t\t\t\t\t\t\t\t\t\t\t\t<img loading=\"lazy\" decoding=\"async\" width=\"412\" height=\"160\" src=\"https:\/\/zomoofficial.com\/wp-content\/uploads\/2025\/01\/dura_90_minutos.jpg\" class=\"attachment-full size-full wp-image-2589\" alt=\"\" srcset=\"https:\/\/zomoofficial.com\/wp-content\/uploads\/2025\/01\/dura_90_minutos.jpg 412w, https:\/\/zomoofficial.com\/wp-content\/uploads\/2025\/01\/dura_90_minutos-300x117.jpg 300w, https:\/\/zomoofficial.com\/wp-content\/uploads\/2025\/01\/dura_90_minutos-18x7.jpg 18w\" sizes=\"(max-width: 412px) 100vw, 412px\" \/>\t\t\t\t\t\t\t\t\t\t\t\t\t\t\t<\/div>\n\t\t\t\t<\/div>\n\t\t\t\t<\/div>\n\t\t\t\t\t<\/div>\n\t\t\t\t<\/div>\n\t\t<div class=\"elementor-element elementor-element-79cdd8be e-flex e-con-boxed e-con e-parent\" data-id=\"79cdd8be\" data-element_type=\"container\" data-settings=\"{&quot;background_background&quot;:&quot;classic&quot;}\">\n\t\t\t\t\t<div class=\"e-con-inner\">\n\t\t\t\t\t<\/div>\n\t\t\t\t<\/div>\n\t\t<div class=\"elementor-element elementor-element-bcbd52d e-flex e-con-boxed e-con e-parent\" data-id=\"bcbd52d\" data-element_type=\"container\">\n\t\t\t\t\t<div class=\"e-con-inner\">\n\t\t\t\t<div class=\"elementor-element elementor-element-bd08cad elementor-widget elementor-widget-heading\" data-id=\"bd08cad\" data-element_type=\"widget\" data-widget_type=\"heading.default\">\n\t\t\t\t<div class=\"elementor-widget-container\">\n\t\t\t\t\t<h2 class=\"elementor-heading-title elementor-size-default\">Related Products<\/h2>\t\t\t\t<\/div>\n\t\t\t\t<\/div>\n\t\t\t\t\t<\/div>\n\t\t\t\t<\/div>\n\t\t<div class=\"elementor-element elementor-element-497c0b23 e-flex e-con-boxed e-con e-parent\" data-id=\"497c0b23\" data-element_type=\"container\">\n\t\t\t\t\t<div class=\"e-con-inner\">\n\t\t<div class=\"elementor-element elementor-element-3d0938f1 e-con-full e-flex e-con e-child\" data-id=\"3d0938f1\" data-element_type=\"container\">\n\t\t\t\t<div class=\"elementor-element elementor-element-5f30777c elementor-widget elementor-widget-image\" data-id=\"5f30777c\" data-element_type=\"widget\" data-widget_type=\"image.default\">\n\t\t\t\t<div class=\"elementor-widget-container\">\n\t\t\t\t\t\t\t\t\t\t\t\t\t\t\t<img loading=\"lazy\" decoding=\"async\" width=\"800\" height=\"800\" src=\"https:\/\/zomoofficial.com\/wp-content\/uploads\/2025\/01\/zomo_narguiles_site-1024x1024.png\" class=\"attachment-large size-large wp-image-2036\" alt=\"\" srcset=\"https:\/\/zomoofficial.com\/wp-content\/uploads\/2025\/01\/zomo_narguiles_site-1024x1024.png 1024w, https:\/\/zomoofficial.com\/wp-content\/uploads\/2025\/01\/zomo_narguiles_site-300x300.png 300w, https:\/\/zomoofficial.com\/wp-content\/uploads\/2025\/01\/zomo_narguiles_site-150x150.png 150w, https:\/\/zomoofficial.com\/wp-content\/uploads\/2025\/01\/zomo_narguiles_site-768x768.png 768w, https:\/\/zomoofficial.com\/wp-content\/uploads\/2025\/01\/zomo_narguiles_site-12x12.png 12w, https:\/\/zomoofficial.com\/wp-content\/uploads\/2025\/01\/zomo_narguiles_site.png 1080w\" sizes=\"(max-width: 800px) 100vw, 800px\" \/>\t\t\t\t\t\t\t\t\t\t\t\t\t\t\t<\/div>\n\t\t\t\t<\/div>\n\t\t\t\t<div class=\"elementor-element elementor-element-338b34ff elementor-widget elementor-widget-heading\" data-id=\"338b34ff\" data-element_type=\"widget\" data-widget_type=\"heading.default\">\n\t\t\t\t<div class=\"elementor-widget-container\">\n\t\t\t\t\t<h2 class=\"elementor-heading-title elementor-size-default\">Hookahs<\/h2>\t\t\t\t<\/div>\n\t\t\t\t<\/div>\n\t\t\t\t<div class=\"elementor-element elementor-element-51a46570 elementor-widget elementor-widget-text-editor\" data-id=\"51a46570\" data-element_type=\"widget\" data-widget_type=\"text-editor.default\">\n\t\t\t\t<div class=\"elementor-widget-container\">\n\t\t\t\t\t\t\t\t\t<p>Enjoy longer sessions, Zomo hookahs are synonymous with quality and\u2026<\/p>\t\t\t\t\t\t\t\t<\/div>\n\t\t\t\t<\/div>\n\t\t\t\t<div class=\"elementor-element elementor-element-5cd2604b elementor-widget elementor-widget-button\" data-id=\"5cd2604b\" data-element_type=\"widget\" data-widget_type=\"button.default\">\n\t\t\t\t<div class=\"elementor-widget-container\">\n\t\t\t\t\t\t\t\t\t<div class=\"elementor-button-wrapper\">\n\t\t\t\t\t<a class=\"elementor-button elementor-button-link elementor-size-sm\" href=\"#\">\n\t\t\t\t\t\t<span class=\"elementor-button-content-wrapper\">\n\t\t\t\t\t\t<span class=\"elementor-button-icon\">\n\t\t\t\t<svg aria-hidden=\"true\" class=\"e-font-icon-svg e-fas-arrow-alt-circle-right\" viewbox=\"0 0 512 512\" xmlns=\"http:\/\/www.w3.org\/2000\/svg\"><path d=\"M256 8c137 0 248 111 248 248S393 504 256 504 8 393 8 256 119 8 256 8zM140 300h116v70.9c0 10.7 13 16.1 20.5 8.5l114.3-114.9c4.7-4.7 4.7-12.2 0-16.9l-114.3-115c-7.6-7.6-20.5-2.2-20.5 8.5V212H140c-6.6 0-12 5.4-12 12v64c0 6.6 5.4 12 12 12z\"><\/path><\/svg>\t\t\t<\/span>\n\t\t\t\t\t\t\t\t\t<span class=\"elementor-button-text\">SEE MORE<\/span>\n\t\t\t\t\t<\/span>\n\t\t\t\t\t<\/a>\n\t\t\t\t<\/div>\n\t\t\t\t\t\t\t\t<\/div>\n\t\t\t\t<\/div>\n\t\t\t\t<\/div>\n\t\t<div class=\"elementor-element elementor-element-302e596f e-con-full e-flex e-con e-child\" data-id=\"302e596f\" data-element_type=\"container\">\n\t\t\t\t<div class=\"elementor-element elementor-element-6e85edb9 elementor-widget elementor-widget-image\" data-id=\"6e85edb9\" data-element_type=\"widget\" data-widget_type=\"image.default\">\n\t\t\t\t<div class=\"elementor-widget-container\">\n\t\t\t\t\t\t\t\t\t\t\t\t\t\t\t\t<a href=\"https:\/\/zomoofficial.com\/en\/carvao-zomo\/\">\n\t\t\t\t\t\t\t<img loading=\"lazy\" decoding=\"async\" width=\"800\" height=\"800\" src=\"https:\/\/zomoofficial.com\/wp-content\/uploads\/2025\/01\/zomo_carvao_site-1024x1024.png\" class=\"attachment-large size-large wp-image-2037\" alt=\"\" srcset=\"https:\/\/zomoofficial.com\/wp-content\/uploads\/2025\/01\/zomo_carvao_site-1024x1024.png 1024w, https:\/\/zomoofficial.com\/wp-content\/uploads\/2025\/01\/zomo_carvao_site-300x300.png 300w, https:\/\/zomoofficial.com\/wp-content\/uploads\/2025\/01\/zomo_carvao_site-150x150.png 150w, https:\/\/zomoofficial.com\/wp-content\/uploads\/2025\/01\/zomo_carvao_site-768x768.png 768w, https:\/\/zomoofficial.com\/wp-content\/uploads\/2025\/01\/zomo_carvao_site-12x12.png 12w, https:\/\/zomoofficial.com\/wp-content\/uploads\/2025\/01\/zomo_carvao_site.png 1080w\" sizes=\"(max-width: 800px) 100vw, 800px\" \/>\t\t\t\t\t\t\t\t<\/a>\n\t\t\t\t\t\t\t\t\t\t\t\t\t\t\t<\/div>\n\t\t\t\t<\/div>\n\t\t\t\t<div class=\"elementor-element elementor-element-13708bff elementor-widget elementor-widget-heading\" data-id=\"13708bff\" data-element_type=\"widget\" data-widget_type=\"heading.default\">\n\t\t\t\t<div class=\"elementor-widget-container\">\n\t\t\t\t\t<h2 class=\"elementor-heading-title elementor-size-default\">Coal<\/h2>\t\t\t\t<\/div>\n\t\t\t\t<\/div>\n\t\t\t\t<div class=\"elementor-element elementor-element-6f6f4381 elementor-widget elementor-widget-text-editor\" data-id=\"6f6f4381\" data-element_type=\"widget\" data-widget_type=\"text-editor.default\">\n\t\t\t\t<div class=\"elementor-widget-container\">\n\t\t\t\t\t\t\t\t\t<p>100% ecological charcoal, made from coconut fiber, ultra-resistant, completely free of\u2026<\/p>\t\t\t\t\t\t\t\t<\/div>\n\t\t\t\t<\/div>\n\t\t\t\t<div class=\"elementor-element elementor-element-517f50ed elementor-widget elementor-widget-button\" data-id=\"517f50ed\" data-element_type=\"widget\" data-widget_type=\"button.default\">\n\t\t\t\t<div class=\"elementor-widget-container\">\n\t\t\t\t\t\t\t\t\t<div class=\"elementor-button-wrapper\">\n\t\t\t\t\t<a class=\"elementor-button elementor-button-link elementor-size-sm\" href=\"https:\/\/zomoofficial.com\/en\/carvao-zomo\/\">\n\t\t\t\t\t\t<span class=\"elementor-button-content-wrapper\">\n\t\t\t\t\t\t<span class=\"elementor-button-icon\">\n\t\t\t\t<svg aria-hidden=\"true\" class=\"e-font-icon-svg e-fas-arrow-alt-circle-right\" viewbox=\"0 0 512 512\" xmlns=\"http:\/\/www.w3.org\/2000\/svg\"><path d=\"M256 8c137 0 248 111 248 248S393 504 256 504 8 393 8 256 119 8 256 8zM140 300h116v70.9c0 10.7 13 16.1 20.5 8.5l114.3-114.9c4.7-4.7 4.7-12.2 0-16.9l-114.3-115c-7.6-7.6-20.5-2.2-20.5 8.5V212H140c-6.6 0-12 5.4-12 12v64c0 6.6 5.4 12 12 12z\"><\/path><\/svg>\t\t\t<\/span>\n\t\t\t\t\t\t\t\t\t<span class=\"elementor-button-text\">SEE MORE<\/span>\n\t\t\t\t\t<\/span>\n\t\t\t\t\t<\/a>\n\t\t\t\t<\/div>\n\t\t\t\t\t\t\t\t<\/div>\n\t\t\t\t<\/div>\n\t\t\t\t<\/div>\n\t\t<div class=\"elementor-element elementor-element-592eebae e-con-full e-flex e-con e-child\" data-id=\"592eebae\" data-element_type=\"container\">\n\t\t\t\t<div class=\"elementor-element elementor-element-4221c6ea elementor-widget elementor-widget-image\" data-id=\"4221c6ea\" data-element_type=\"widget\" data-widget_type=\"image.default\">\n\t\t\t\t<div class=\"elementor-widget-container\">\n\t\t\t\t\t\t\t\t\t\t\t\t\t\t\t\t<a href=\"https:\/\/zomoofficial.com\/en\/mangueira-zomo\/\">\n\t\t\t\t\t\t\t<img loading=\"lazy\" decoding=\"async\" width=\"800\" height=\"800\" src=\"https:\/\/zomoofficial.com\/wp-content\/uploads\/2025\/01\/zomo_mangueira_site-1024x1024.png\" class=\"attachment-large size-large wp-image-2035\" alt=\"\" srcset=\"https:\/\/zomoofficial.com\/wp-content\/uploads\/2025\/01\/zomo_mangueira_site-1024x1024.png 1024w, https:\/\/zomoofficial.com\/wp-content\/uploads\/2025\/01\/zomo_mangueira_site-300x300.png 300w, https:\/\/zomoofficial.com\/wp-content\/uploads\/2025\/01\/zomo_mangueira_site-150x150.png 150w, https:\/\/zomoofficial.com\/wp-content\/uploads\/2025\/01\/zomo_mangueira_site-768x768.png 768w, https:\/\/zomoofficial.com\/wp-content\/uploads\/2025\/01\/zomo_mangueira_site-12x12.png 12w, https:\/\/zomoofficial.com\/wp-content\/uploads\/2025\/01\/zomo_mangueira_site.png 1080w\" sizes=\"(max-width: 800px) 100vw, 800px\" \/>\t\t\t\t\t\t\t\t<\/a>\n\t\t\t\t\t\t\t\t\t\t\t\t\t\t\t<\/div>\n\t\t\t\t<\/div>\n\t\t\t\t<div class=\"elementor-element elementor-element-301106ff elementor-widget elementor-widget-heading\" data-id=\"301106ff\" data-element_type=\"widget\" data-widget_type=\"heading.default\">\n\t\t\t\t<div class=\"elementor-widget-container\">\n\t\t\t\t\t<h2 class=\"elementor-heading-title elementor-size-default\">Hose<\/h2>\t\t\t\t<\/div>\n\t\t\t\t<\/div>\n\t\t\t\t<div class=\"elementor-element elementor-element-63640d6a elementor-widget elementor-widget-text-editor\" data-id=\"63640d6a\" data-element_type=\"widget\" data-widget_type=\"text-editor.default\">\n\t\t\t\t<div class=\"elementor-widget-container\">\n\t\t\t\t\t\t\t\t\t<p>The hose is made of ultra-resistant thermoplastic polymer, easy to clean\u2026<\/p>\t\t\t\t\t\t\t\t<\/div>\n\t\t\t\t<\/div>\n\t\t\t\t<div class=\"elementor-element elementor-element-3b3aea42 elementor-widget elementor-widget-button\" data-id=\"3b3aea42\" data-element_type=\"widget\" data-widget_type=\"button.default\">\n\t\t\t\t<div class=\"elementor-widget-container\">\n\t\t\t\t\t\t\t\t\t<div class=\"elementor-button-wrapper\">\n\t\t\t\t\t<a class=\"elementor-button elementor-button-link elementor-size-sm\" href=\"https:\/\/zomoofficial.com\/en\/mangueira-zomo\/\">\n\t\t\t\t\t\t<span class=\"elementor-button-content-wrapper\">\n\t\t\t\t\t\t<span class=\"elementor-button-icon\">\n\t\t\t\t<svg aria-hidden=\"true\" class=\"e-font-icon-svg e-fas-arrow-alt-circle-right\" viewbox=\"0 0 512 512\" xmlns=\"http:\/\/www.w3.org\/2000\/svg\"><path d=\"M256 8c137 0 248 111 248 248S393 504 256 504 8 393 8 256 119 8 256 8zM140 300h116v70.9c0 10.7 13 16.1 20.5 8.5l114.3-114.9c4.7-4.7 4.7-12.2 0-16.9l-114.3-115c-7.6-7.6-20.5-2.2-20.5 8.5V212H140c-6.6 0-12 5.4-12 12v64c0 6.6 5.4 12 12 12z\"><\/path><\/svg>\t\t\t<\/span>\n\t\t\t\t\t\t\t\t\t<span class=\"elementor-button-text\">SEE MORE<\/span>\n\t\t\t\t\t<\/span>\n\t\t\t\t\t<\/a>\n\t\t\t\t<\/div>\n\t\t\t\t\t\t\t\t<\/div>\n\t\t\t\t<\/div>\n\t\t\t\t<\/div>\n\t\t<div class=\"elementor-element elementor-element-778ce7e2 e-con-full e-flex e-con e-child\" data-id=\"778ce7e2\" data-element_type=\"container\">\n\t\t\t\t<div class=\"elementor-element elementor-element-3c872d13 elementor-widget elementor-widget-image\" data-id=\"3c872d13\" data-element_type=\"widget\" data-widget_type=\"image.default\">\n\t\t\t\t<div class=\"elementor-widget-container\">\n\t\t\t\t\t\t\t\t\t\t\t\t\t\t\t\t<a href=\"https:\/\/zomoofficial.com\/en\/papel-aluminio\/\">\n\t\t\t\t\t\t\t<img loading=\"lazy\" decoding=\"async\" width=\"800\" height=\"800\" src=\"https:\/\/zomoofficial.com\/wp-content\/uploads\/2025\/01\/zomo_aluminio_site-1024x1024.png\" class=\"attachment-large size-large wp-image-2038\" alt=\"\" srcset=\"https:\/\/zomoofficial.com\/wp-content\/uploads\/2025\/01\/zomo_aluminio_site-1024x1024.png 1024w, https:\/\/zomoofficial.com\/wp-content\/uploads\/2025\/01\/zomo_aluminio_site-300x300.png 300w, https:\/\/zomoofficial.com\/wp-content\/uploads\/2025\/01\/zomo_aluminio_site-150x150.png 150w, https:\/\/zomoofficial.com\/wp-content\/uploads\/2025\/01\/zomo_aluminio_site-768x768.png 768w, https:\/\/zomoofficial.com\/wp-content\/uploads\/2025\/01\/zomo_aluminio_site-12x12.png 12w, https:\/\/zomoofficial.com\/wp-content\/uploads\/2025\/01\/zomo_aluminio_site.png 1080w\" sizes=\"(max-width: 800px) 100vw, 800px\" \/>\t\t\t\t\t\t\t\t<\/a>\n\t\t\t\t\t\t\t\t\t\t\t\t\t\t\t<\/div>\n\t\t\t\t<\/div>\n\t\t\t\t<div class=\"elementor-element elementor-element-7920d3e1 elementor-widget elementor-widget-heading\" data-id=\"7920d3e1\" data-element_type=\"widget\" data-widget_type=\"heading.default\">\n\t\t\t\t<div class=\"elementor-widget-container\">\n\t\t\t\t\t<h2 class=\"elementor-heading-title elementor-size-default\">Aluminum foil<\/h2>\t\t\t\t<\/div>\n\t\t\t\t<\/div>\n\t\t\t\t<div class=\"elementor-element elementor-element-ad37577 elementor-widget elementor-widget-text-editor\" data-id=\"ad37577\" data-element_type=\"widget\" data-widget_type=\"text-editor.default\">\n\t\t\t\t<div class=\"elementor-widget-container\">\n\t\t\t\t\t\t\t\t\t<p>With two strategically integrated layers, it maintains heat in a\u2026<\/p>\t\t\t\t\t\t\t\t<\/div>\n\t\t\t\t<\/div>\n\t\t\t\t<div class=\"elementor-element elementor-element-2b40d727 elementor-widget elementor-widget-button\" data-id=\"2b40d727\" data-element_type=\"widget\" data-widget_type=\"button.default\">\n\t\t\t\t<div class=\"elementor-widget-container\">\n\t\t\t\t\t\t\t\t\t<div class=\"elementor-button-wrapper\">\n\t\t\t\t\t<a class=\"elementor-button elementor-button-link elementor-size-sm\" href=\"https:\/\/zomoofficial.com\/en\/papel-aluminio\/\">\n\t\t\t\t\t\t<span class=\"elementor-button-content-wrapper\">\n\t\t\t\t\t\t<span class=\"elementor-button-icon\">\n\t\t\t\t<svg aria-hidden=\"true\" class=\"e-font-icon-svg e-fas-arrow-alt-circle-right\" viewbox=\"0 0 512 512\" xmlns=\"http:\/\/www.w3.org\/2000\/svg\"><path d=\"M256 8c137 0 248 111 248 248S393 504 256 504 8 393 8 256 119 8 256 8zM140 300h116v70.9c0 10.7 13 16.1 20.5 8.5l114.3-114.9c4.7-4.7 4.7-12.2 0-16.9l-114.3-115c-7.6-7.6-20.5-2.2-20.5 8.5V212H140c-6.6 0-12 5.4-12 12v64c0 6.6 5.4 12 12 12z\"><\/path><\/svg>\t\t\t<\/span>\n\t\t\t\t\t\t\t\t\t<span class=\"elementor-button-text\">SEE MORE<\/span>\n\t\t\t\t\t<\/span>\n\t\t\t\t\t<\/a>\n\t\t\t\t<\/div>\n\t\t\t\t\t\t\t\t<\/div>\n\t\t\t\t<\/div>\n\t\t\t\t<\/div>\n\t\t\t\t\t<\/div>\n\t\t\t\t<\/div>\n\t\t\t\t<\/div>","protected":false},"excerpt":{"rendered":"<p>Caixas de: 250g, 500g, 1kg e 12kg FORMATOS DISPON\u00cdVEIS O formato perfeito para aquela sess\u00e3o topzera. O formato hexagonal proporciona um melhor manuseio durante a sess\u00e3o, fazendo com que o carv\u00e3o n\u00e3o sofra acidentes. Ideal para manter o melhor momento com os amigos. ECO FRIENDLY A gente pensa no nosso meio ambiente, afinal \u00e9 aqui [&hellip;]<\/p>","protected":false},"author":3,"featured_media":0,"parent":0,"menu_order":0,"comment_status":"closed","ping_status":"closed","template":"","meta":{"_acf_changed":false,"footnotes":""},"class_list":["post-53","page","type-page","status-publish","hentry"],"acf":[],"_links":{"self":[{"href":"https:\/\/zomoofficial.com\/en\/wp-json\/wp\/v2\/pages\/53","targetHints":{"allow":["GET"]}}],"collection":[{"href":"https:\/\/zomoofficial.com\/en\/wp-json\/wp\/v2\/pages"}],"about":[{"href":"https:\/\/zomoofficial.com\/en\/wp-json\/wp\/v2\/types\/page"}],"author":[{"embeddable":true,"href":"https:\/\/zomoofficial.com\/en\/wp-json\/wp\/v2\/users\/3"}],"replies":[{"embeddable":true,"href":"https:\/\/zomoofficial.com\/en\/wp-json\/wp\/v2\/comments?post=53"}],"version-history":[{"count":34,"href":"https:\/\/zomoofficial.com\/en\/wp-json\/wp\/v2\/pages\/53\/revisions"}],"predecessor-version":[{"id":4298,"href":"https:\/\/zomoofficial.com\/en\/wp-json\/wp\/v2\/pages\/53\/revisions\/4298"}],"wp:attachment":[{"href":"https:\/\/zomoofficial.com\/en\/wp-json\/wp\/v2\/media?parent=53"}],"curies":[{"name":"wp","href":"https:\/\/api.w.org\/{rel}","templated":true}]}}