{"id":37,"date":"2024-08-04T09:15:09","date_gmt":"2024-08-04T12:15:09","guid":{"rendered":"http:\/\/137.116.112.48:8080\/?page_id=37"},"modified":"2025-06-14T21:13:48","modified_gmt":"2025-06-15T00:13:48","slug":"zomo-vivir","status":"publish","type":"page","link":"https:\/\/zomoofficial.com\/en\/zomo-vivir\/","title":{"rendered":"Zomo Vivir"},"content":{"rendered":"<div data-elementor-type=\"wp-page\" data-elementor-id=\"37\" class=\"elementor elementor-37\" data-elementor-settings=\"{&quot;element_pack_global_tooltip_width&quot;:{&quot;unit&quot;:&quot;px&quot;,&quot;size&quot;:&quot;&quot;,&quot;sizes&quot;:[]},&quot;element_pack_global_tooltip_width_tablet&quot;:{&quot;unit&quot;:&quot;px&quot;,&quot;size&quot;:&quot;&quot;,&quot;sizes&quot;:[]},&quot;element_pack_global_tooltip_width_mobile&quot;:{&quot;unit&quot;:&quot;px&quot;,&quot;size&quot;:&quot;&quot;,&quot;sizes&quot;:[]},&quot;element_pack_global_tooltip_padding&quot;:{&quot;unit&quot;:&quot;px&quot;,&quot;top&quot;:&quot;&quot;,&quot;right&quot;:&quot;&quot;,&quot;bottom&quot;:&quot;&quot;,&quot;left&quot;:&quot;&quot;,&quot;isLinked&quot;:true},&quot;element_pack_global_tooltip_padding_tablet&quot;:{&quot;unit&quot;:&quot;px&quot;,&quot;top&quot;:&quot;&quot;,&quot;right&quot;:&quot;&quot;,&quot;bottom&quot;:&quot;&quot;,&quot;left&quot;:&quot;&quot;,&quot;isLinked&quot;:true},&quot;element_pack_global_tooltip_padding_mobile&quot;:{&quot;unit&quot;:&quot;px&quot;,&quot;top&quot;:&quot;&quot;,&quot;right&quot;:&quot;&quot;,&quot;bottom&quot;:&quot;&quot;,&quot;left&quot;:&quot;&quot;,&quot;isLinked&quot;:true},&quot;element_pack_global_tooltip_border_radius&quot;:{&quot;unit&quot;:&quot;px&quot;,&quot;top&quot;:&quot;&quot;,&quot;right&quot;:&quot;&quot;,&quot;bottom&quot;:&quot;&quot;,&quot;left&quot;:&quot;&quot;,&quot;isLinked&quot;:true},&quot;element_pack_global_tooltip_border_radius_tablet&quot;:{&quot;unit&quot;:&quot;px&quot;,&quot;top&quot;:&quot;&quot;,&quot;right&quot;:&quot;&quot;,&quot;bottom&quot;:&quot;&quot;,&quot;left&quot;:&quot;&quot;,&quot;isLinked&quot;:true},&quot;element_pack_global_tooltip_border_radius_mobile&quot;:{&quot;unit&quot;:&quot;px&quot;,&quot;top&quot;:&quot;&quot;,&quot;right&quot;:&quot;&quot;,&quot;bottom&quot;:&quot;&quot;,&quot;left&quot;:&quot;&quot;,&quot;isLinked&quot;:true}}\" data-elementor-post-type=\"page\">\n\t\t\t\t<div class=\"elementor-element elementor-element-1bee0c8 e-con-full e-flex e-con e-parent\" data-id=\"1bee0c8\" data-element_type=\"container\">\n\t\t\t\t<\/div>\n\t\t<div class=\"elementor-element elementor-element-3adc788 e-flex e-con-boxed e-con e-parent\" data-id=\"3adc788\" data-element_type=\"container\">\n\t\t\t\t\t<div class=\"e-con-inner\">\n\t\t\t\t<div class=\"elementor-element elementor-element-ddb1e43 elementor-widget elementor-widget-heading\" data-id=\"ddb1e43\" data-element_type=\"widget\" data-widget_type=\"heading.default\">\n\t\t\t\t<div class=\"elementor-widget-container\">\n\t\t\t\t\t<h1 class=\"elementor-heading-title elementor-size-default\">ZOMO VIVIR<\/h1>\t\t\t\t<\/div>\n\t\t\t\t<\/div>\n\t\t\t\t\t<\/div>\n\t\t\t\t<\/div>\n\t\t<div class=\"elementor-element elementor-element-1b7793e e-flex e-con-boxed e-con e-parent\" data-id=\"1b7793e\" data-element_type=\"container\">\n\t\t\t\t\t<div class=\"e-con-inner\">\n\t\t\t\t<div class=\"elementor-element elementor-element-6a814e5 elementor-widget__width-initial elementor-widget elementor-widget-text-editor\" data-id=\"6a814e5\" data-element_type=\"widget\" data-widget_type=\"text-editor.default\">\n\t\t\t\t<div class=\"elementor-widget-container\">\n\t\t\t\t\t\t\t\t\t<p>Learn about the program that supports social projects with more than 50 children at risk, making a difference in the lives of many.<\/p>\t\t\t\t\t\t\t\t<\/div>\n\t\t\t\t<\/div>\n\t\t\t\t\t<\/div>\n\t\t\t\t<\/div>\n\t\t<div class=\"elementor-element elementor-element-db7f098 e-flex e-con-boxed e-con e-parent\" data-id=\"db7f098\" data-element_type=\"container\">\n\t\t\t\t\t<div class=\"e-con-inner\">\n\t\t<div class=\"elementor-element elementor-element-ff947e3 e-con-full e-flex e-con e-child\" data-id=\"ff947e3\" data-element_type=\"container\">\n\t\t\t\t<div class=\"elementor-element elementor-element-d9045af elementor-widget elementor-widget-text-editor\" data-id=\"d9045af\" data-element_type=\"widget\" data-widget_type=\"text-editor.default\">\n\t\t\t\t<div class=\"elementor-widget-container\">\n\t\t\t\t\t\t\t\t\t<div>\u00a0<\/div><p>One of Zomo's mottos is to bring joy wherever we go. We want everyone to be able to live a happy life. It is from this desire to change the world that Zomo Vivir was born, a program that supports social projects with more than 50 children at risk, making a difference in the lives of these young people.<\/p>\t\t\t\t\t\t\t\t<\/div>\n\t\t\t\t<\/div>\n\t\t\t\t<div class=\"elementor-element elementor-element-1889861 elementor-widget elementor-widget-text-editor\" data-id=\"1889861\" data-element_type=\"widget\" data-widget_type=\"text-editor.default\">\n\t\t\t\t<div class=\"elementor-widget-container\">\n\t\t\t\t\t\t\t\t\t<p>Com esse apoio levamos mais alegria para as crian\u00e7as e trazemos esperan\u00e7a em momentos dif\u00edceis. Por isso, queremos que voc\u00ea conhe\u00e7a a Zomo Vivir e abrace um projeto na sua cidade. Fa\u00e7a sua parte voc\u00ea tamb\u00e9m e ajude uma causa social! O mundo se tornar\u00e1 um lugar mais feliz se cada um fizer sua parte.<\/p>\t\t\t\t\t\t\t\t<\/div>\n\t\t\t\t<\/div>\n\t\t\t\t<\/div>\n\t\t<div class=\"elementor-element elementor-element-74b3107 e-con-full e-flex e-con e-child\" data-id=\"74b3107\" data-element_type=\"container\">\n\t\t\t\t<div class=\"elementor-element elementor-element-cbf2007 elementor-widget elementor-widget-image\" data-id=\"cbf2007\" data-element_type=\"widget\" data-widget_type=\"image.default\">\n\t\t\t\t<div class=\"elementor-widget-container\">\n\t\t\t\t\t\t\t\t\t\t\t\t\t\t\t<img fetchpriority=\"high\" decoding=\"async\" width=\"589\" height=\"368\" src=\"https:\/\/zomoofficial.com\/wp-content\/uploads\/2024\/10\/BANNER-ZOMO-VIVIR.png\" class=\"attachment-large size-large wp-image-997\" alt=\"Banner zomo vivir flavors of americas\" srcset=\"https:\/\/zomoofficial.com\/wp-content\/uploads\/2024\/10\/BANNER-ZOMO-VIVIR.png 589w, https:\/\/zomoofficial.com\/wp-content\/uploads\/2024\/10\/BANNER-ZOMO-VIVIR-300x187.png 300w\" sizes=\"(max-width: 589px) 100vw, 589px\" \/>\t\t\t\t\t\t\t\t\t\t\t\t\t\t\t<\/div>\n\t\t\t\t<\/div>\n\t\t\t\t<\/div>\n\t\t\t\t\t<\/div>\n\t\t\t\t<\/div>\n\t\t<div class=\"elementor-element elementor-element-6f75468 e-flex e-con-boxed e-con e-parent\" data-id=\"6f75468\" data-element_type=\"container\">\n\t\t\t\t\t<div class=\"e-con-inner\">\n\t\t\t\t<div class=\"elementor-element elementor-element-1f460c2 elementor-widget elementor-widget-heading\" data-id=\"1f460c2\" data-element_type=\"widget\" data-widget_type=\"heading.default\">\n\t\t\t\t<div class=\"elementor-widget-container\">\n\t\t\t\t\t<h2 class=\"elementor-heading-title elementor-size-default\">Las Tias Fundation<\/h2>\t\t\t\t<\/div>\n\t\t\t\t<\/div>\n\t\t\t\t\t<\/div>\n\t\t\t\t<\/div>\n\t\t<div class=\"elementor-element elementor-element-2f928a4 e-flex e-con-boxed e-con e-parent\" data-id=\"2f928a4\" data-element_type=\"container\">\n\t\t\t\t\t<div class=\"e-con-inner\">\n\t\t<div class=\"elementor-element elementor-element-cbccfe8 e-con-full e-flex e-con e-child\" data-id=\"cbccfe8\" data-element_type=\"container\">\n\t\t\t\t<div class=\"elementor-element elementor-element-9907ec8 elementor-widget elementor-widget-image\" data-id=\"9907ec8\" data-element_type=\"widget\" data-widget_type=\"image.default\">\n\t\t\t\t<div class=\"elementor-widget-container\">\n\t\t\t\t\t\t\t\t\t\t\t\t\t\t\t<img decoding=\"async\" width=\"589\" height=\"368\" src=\"https:\/\/zomoofficial.com\/wp-content\/uploads\/2024\/10\/fundacao-las-tias.png\" class=\"attachment-large size-large wp-image-998\" alt=\"Imagem de pessoas representando fundacao las tias e zomo\" srcset=\"https:\/\/zomoofficial.com\/wp-content\/uploads\/2024\/10\/fundacao-las-tias.png 589w, https:\/\/zomoofficial.com\/wp-content\/uploads\/2024\/10\/fundacao-las-tias-300x187.png 300w\" sizes=\"(max-width: 589px) 100vw, 589px\" \/>\t\t\t\t\t\t\t\t\t\t\t\t\t\t\t<\/div>\n\t\t\t\t<\/div>\n\t\t\t\t<\/div>\n\t\t<div class=\"elementor-element elementor-element-9d7bea3 e-con-full e-flex e-con e-child\" data-id=\"9d7bea3\" data-element_type=\"container\">\n\t\t\t\t<div class=\"elementor-element elementor-element-b423e05 elementor-widget elementor-widget-text-editor\" data-id=\"b423e05\" data-element_type=\"widget\" data-widget_type=\"text-editor.default\">\n\t\t\t\t<div class=\"elementor-widget-container\">\n\t\t\t\t\t\t\t\t\t<p>From afar, we could already see a colorful house, children laughing everywhere. At the gate, a girl looked out onto the street, saw us, and let us in. This is the Las T\u00edas Foundation, a place for children who have never had the opportunity to be part of a home. The Las T\u00edas Foundation works with abandoned children who were at risk. Right away, we could see the number of girls there. There are 31 girls who, unfortunately, have suffered some type of abuse, mainly from their families.<\/p>\t\t\t\t\t\t\t\t<\/div>\n\t\t\t\t<\/div>\n\t\t\t\t<div class=\"elementor-element elementor-element-f6707d7 elementor-widget elementor-widget-text-editor\" data-id=\"f6707d7\" data-element_type=\"widget\" data-widget_type=\"text-editor.default\">\n\t\t\t\t<div class=\"elementor-widget-container\">\n\t\t\t\t\t\t\t\t\t<p>Aunt Cristina, who is responsible for the house, tells us and shows us what it is like to build a home for these children. They study, do activities around the house, and are taught from an early age to live as a team, each one doing a little bit to keep the house as a family. We can see how happy these children are, and any demonstration of affection from us is enough to make them smile. And what a smile, right? It is so good to see a child happy.<\/p>\t\t\t\t\t\t\t\t<\/div>\n\t\t\t\t<\/div>\n\t\t\t\t<\/div>\n\t\t\t\t\t<\/div>\n\t\t\t\t<\/div>\n\t\t<div class=\"elementor-element elementor-element-c03f466 e-flex e-con-boxed e-con e-parent\" data-id=\"c03f466\" data-element_type=\"container\">\n\t\t\t\t\t<div class=\"e-con-inner\">\n\t\t\t\t<div class=\"elementor-element elementor-element-6248501 elementor-widget elementor-widget-text-editor\" data-id=\"6248501\" data-element_type=\"widget\" data-widget_type=\"text-editor.default\">\n\t\t\t\t<div class=\"elementor-widget-container\">\n\t\t\t\t\t\t\t\t\t<p>The Hogar de Las Tias has 41 children. The young lady who was waiting for us at the gate has autism, and Aunt Cristina takes extra care of her, and she also has the help of 4 other \u201caunts\u201d, as they call themselves. Unfortunately, the government does not help the home, so all the people and companies that can, contribute in some way to its smooth running. Zomo and the Zomo Viver project have been part of this story for 7 years, making Aunt Cristina\u2019s dream come true. This home gives these children who have left an unhappy reality the opportunity to have a family. Some of them have already had contact with drugs and today they can enjoy a true childhood, experiencing moments that only a child has the right to experience.<\/p>\t\t\t\t\t\t\t\t<\/div>\n\t\t\t\t<\/div>\n\t\t\t\t\t<\/div>\n\t\t\t\t<\/div>\n\t\t<div class=\"elementor-element elementor-element-e60f309 e-flex e-con-boxed e-con e-parent\" data-id=\"e60f309\" data-element_type=\"container\">\n\t\t\t\t\t<div class=\"e-con-inner\">\n\t\t<div class=\"elementor-element elementor-element-c86c60d e-con-full e-flex e-con e-child\" data-id=\"c86c60d\" data-element_type=\"container\">\n\t\t\t\t<div class=\"elementor-element elementor-element-fda047e elementor-widget elementor-widget-image\" data-id=\"fda047e\" data-element_type=\"widget\" data-widget_type=\"image.default\">\n\t\t\t\t<div class=\"elementor-widget-container\">\n\t\t\t\t\t\t\t\t\t\t\t\t\t\t\t<img decoding=\"async\" width=\"589\" height=\"368\" src=\"https:\/\/zomoofficial.com\/wp-content\/uploads\/2024\/10\/menino-chupando-picole-zomo-vivir.png\" class=\"attachment-full size-full wp-image-1002\" alt=\"\" srcset=\"https:\/\/zomoofficial.com\/wp-content\/uploads\/2024\/10\/menino-chupando-picole-zomo-vivir.png 589w, https:\/\/zomoofficial.com\/wp-content\/uploads\/2024\/10\/menino-chupando-picole-zomo-vivir-300x187.png 300w\" sizes=\"(max-width: 589px) 100vw, 589px\" \/>\t\t\t\t\t\t\t\t\t\t\t\t\t\t\t<\/div>\n\t\t\t\t<\/div>\n\t\t\t\t<\/div>\n\t\t<div class=\"elementor-element elementor-element-5d3ba34 e-con-full e-flex e-con e-child\" data-id=\"5d3ba34\" data-element_type=\"container\">\n\t\t\t\t<div class=\"elementor-element elementor-element-f65f5ba elementor-widget elementor-widget-image\" data-id=\"f65f5ba\" data-element_type=\"widget\" data-widget_type=\"image.default\">\n\t\t\t\t<div class=\"elementor-widget-container\">\n\t\t\t\t\t\t\t\t\t\t\t\t\t\t\t<img loading=\"lazy\" decoding=\"async\" width=\"589\" height=\"368\" src=\"https:\/\/zomoofficial.com\/wp-content\/uploads\/2024\/10\/menina-sentada-na-cadeira-zomo-vivir.png\" class=\"attachment-full size-full wp-image-1001\" alt=\"\" srcset=\"https:\/\/zomoofficial.com\/wp-content\/uploads\/2024\/10\/menina-sentada-na-cadeira-zomo-vivir.png 589w, https:\/\/zomoofficial.com\/wp-content\/uploads\/2024\/10\/menina-sentada-na-cadeira-zomo-vivir-300x187.png 300w\" sizes=\"(max-width: 589px) 100vw, 589px\" \/>\t\t\t\t\t\t\t\t\t\t\t\t\t\t\t<\/div>\n\t\t\t\t<\/div>\n\t\t\t\t<\/div>\n\t\t\t\t\t<\/div>\n\t\t\t\t<\/div>\n\t\t<div class=\"elementor-element elementor-element-47cd36a e-flex e-con-boxed e-con e-parent\" data-id=\"47cd36a\" data-element_type=\"container\">\n\t\t\t\t\t<div class=\"e-con-inner\">\n\t\t\t\t<div class=\"elementor-element elementor-element-a532a79 elementor-widget elementor-widget-heading\" data-id=\"a532a79\" data-element_type=\"widget\" data-widget_type=\"heading.default\">\n\t\t\t\t<div class=\"elementor-widget-container\">\n\t\t\t\t\t<p class=\"elementor-heading-title elementor-size-default\">Check out the video below telling the story of Lar Fundaci\u00f3n Las Tias:<\/p>\t\t\t\t<\/div>\n\t\t\t\t<\/div>\n\t\t\t\t\t<\/div>\n\t\t\t\t<\/div>\n\t\t<div class=\"elementor-element elementor-element-e81eb4b e-flex e-con-boxed e-con e-parent\" data-id=\"e81eb4b\" data-element_type=\"container\">\n\t\t\t\t\t<div class=\"e-con-inner\">\n\t\t\t\t<div class=\"elementor-element elementor-element-3df770a elementor-widget elementor-widget-video\" data-id=\"3df770a\" data-element_type=\"widget\" data-settings=\"{&quot;youtube_url&quot;:&quot;https:\\\/\\\/www.youtube.com\\\/watch?v=c6_s5CAgiZk&quot;,&quot;show_image_overlay&quot;:&quot;yes&quot;,&quot;image_overlay&quot;:{&quot;url&quot;:&quot;https:\\\/\\\/zomoofficial.com\\\/wp-content\\\/uploads\\\/2024\\\/10\\\/capa-do-video-zomo-vivir.png&quot;,&quot;id&quot;:1003,&quot;size&quot;:&quot;&quot;,&quot;alt&quot;:&quot;&quot;,&quot;source&quot;:&quot;library&quot;},&quot;video_type&quot;:&quot;youtube&quot;,&quot;controls&quot;:&quot;yes&quot;}\" data-widget_type=\"video.default\">\n\t\t\t\t<div class=\"elementor-widget-container\">\n\t\t\t\t\t\t\t<div class=\"elementor-wrapper elementor-open-inline\">\n\t\t\t<div class=\"elementor-video\"><\/div>\t\t\t\t<div class=\"elementor-custom-embed-image-overlay\" style=\"background-image: url(https:\/\/zomoofficial.com\/wp-content\/uploads\/2024\/10\/capa-do-video-zomo-vivir.png);\">\n\t\t\t\t\t\t\t\t\t\t\t\t\t\t<\/div>\n\t\t\t\t\t<\/div>\n\t\t\t\t\t\t<\/div>\n\t\t\t\t<\/div>\n\t\t\t\t\t<\/div>\n\t\t\t\t<\/div>\n\t\t<div class=\"elementor-element elementor-element-2e95fde e-flex e-con-boxed e-con e-parent\" data-id=\"2e95fde\" data-element_type=\"container\">\n\t\t\t\t\t<div class=\"e-con-inner\">\n\t\t\t\t<div class=\"elementor-element elementor-element-0cd2806 elementor-widget elementor-widget-heading\" data-id=\"0cd2806\" data-element_type=\"widget\" data-widget_type=\"heading.default\">\n\t\t\t\t<div class=\"elementor-widget-container\">\n\t\t\t\t\t<h2 class=\"elementor-heading-title elementor-size-default\">Las Tias Fundation<\/h2>\t\t\t\t<\/div>\n\t\t\t\t<\/div>\n\t\t\t\t\t<\/div>\n\t\t\t\t<\/div>\n\t\t<div class=\"elementor-element elementor-element-24a60c9 e-flex e-con-boxed e-con e-parent\" data-id=\"24a60c9\" data-element_type=\"container\">\n\t\t\t\t\t<div class=\"e-con-inner\">\n\t\t<div class=\"elementor-element elementor-element-53df634 e-con-full e-flex e-con e-child\" data-id=\"53df634\" data-element_type=\"container\">\n\t\t\t\t<div class=\"elementor-element elementor-element-ddd4e23 elementor-widget elementor-widget-text-editor\" data-id=\"ddd4e23\" data-element_type=\"widget\" data-widget_type=\"text-editor.default\">\n\t\t\t\t<div class=\"elementor-widget-container\">\n\t\t\t\t\t\t\t\t\t<p>HOGAR REVIVIR is also a place for abandoned children, but with a difference: these children live with HIV. A disease that today allows those with HIV to have a normal life. Unfortunately, what is not normal is the prejudice it causes.<\/p>\t\t\t\t\t\t\t\t<\/div>\n\t\t\t\t<\/div>\n\t\t\t\t<div class=\"elementor-element elementor-element-183d803 elementor-widget elementor-widget-text-editor\" data-id=\"183d803\" data-element_type=\"widget\" data-widget_type=\"text-editor.default\">\n\t\t\t\t<div class=\"elementor-widget-container\">\n\t\t\t\t\t\t\t\t\t<p>This house is made up of 13 children, cared for by a family consisting of Elimar (father), Nilda (mother) and Camila (daughter), but, as Camila herself says, they are all family here. If they go out to eat, everyone goes. If they go on a trip, everyone goes. They fight, they are happy, they have lunch on Sundays, they are a family like everyone else.<\/p>\t\t\t\t\t\t\t\t<\/div>\n\t\t\t\t<\/div>\n\t\t\t\t<div class=\"elementor-element elementor-element-9d34ca4 elementor-widget elementor-widget-text-editor\" data-id=\"9d34ca4\" data-element_type=\"widget\" data-widget_type=\"text-editor.default\">\n\t\t\t\t<div class=\"elementor-widget-container\">\n\t\t\t\t\t\t\t\t\t<p>Camila told us her story. The children have been to several schools, trying to remain anonymous because the lack of information from the parents of the other students makes living together horrible, bringing bullying into their lives. Liz, who is now 15, was the first girl to arrive when she was just 5 years old. Today Camila says she has the difficult task of explaining the issue of relationships, because they haven\u2019t even had their first kiss, and she asks herself \u201cWhy should I have this disease and other children don\u2019t?\u201d<\/p>\t\t\t\t\t\t\t\t<\/div>\n\t\t\t\t<\/div>\n\t\t\t\t<\/div>\n\t\t<div class=\"elementor-element elementor-element-dddf0ca e-con-full e-flex e-con e-child\" data-id=\"dddf0ca\" data-element_type=\"container\">\n\t\t\t\t<div class=\"elementor-element elementor-element-da321d5 elementor-widget elementor-widget-image\" data-id=\"da321d5\" data-element_type=\"widget\" data-widget_type=\"image.default\">\n\t\t\t\t<div class=\"elementor-widget-container\">\n\t\t\t\t\t\t\t\t\t\t\t\t\t\t\t<img loading=\"lazy\" decoding=\"async\" width=\"589\" height=\"368\" src=\"https:\/\/zomoofficial.com\/wp-content\/uploads\/2024\/10\/crianca-comendo-zomo-vivir.png\" class=\"attachment-large size-large wp-image-1011\" alt=\"\" srcset=\"https:\/\/zomoofficial.com\/wp-content\/uploads\/2024\/10\/crianca-comendo-zomo-vivir.png 589w, https:\/\/zomoofficial.com\/wp-content\/uploads\/2024\/10\/crianca-comendo-zomo-vivir-300x187.png 300w\" sizes=\"(max-width: 589px) 100vw, 589px\" \/>\t\t\t\t\t\t\t\t\t\t\t\t\t\t\t<\/div>\n\t\t\t\t<\/div>\n\t\t\t\t<\/div>\n\t\t\t\t\t<\/div>\n\t\t\t\t<\/div>\n\t\t<div class=\"elementor-element elementor-element-d96de53 e-flex e-con-boxed e-con e-parent\" data-id=\"d96de53\" data-element_type=\"container\">\n\t\t\t\t\t<div class=\"e-con-inner\">\n\t\t\t\t<div class=\"elementor-element elementor-element-5a6a15b elementor-widget elementor-widget-text-editor\" data-id=\"5a6a15b\" data-element_type=\"widget\" data-widget_type=\"text-editor.default\">\n\t\t\t\t<div class=\"elementor-widget-container\">\n\t\t\t\t\t\t\t\t\t<p>The work that the family does is even more important: they get university visitors to tell them the story and a little about the disease and show them that it is possible to have a normal life with the right treatment. The government pays for the medicines for these children, which allows their viral load to be undetectable, meaning it is impossible for them to transmit the virus to other people in risky situations.\u00a0<br \/><br \/>The vibe of this family is immeasurable. The love and affection we can feel, in the eyes of everyone, not just the children, is inspiring. The care that the older children have for their younger siblings shows us the true meaning of a family, and Mother Nilda says: \u201cThey are all my children.\u201d<\/p>\t\t\t\t\t\t\t\t<\/div>\n\t\t\t\t<\/div>\n\t\t\t\t\t<\/div>\n\t\t\t\t<\/div>\n\t\t<div class=\"elementor-element elementor-element-c92d246 e-flex e-con-boxed e-con e-parent\" data-id=\"c92d246\" data-element_type=\"container\">\n\t\t\t\t\t<div class=\"e-con-inner\">\n\t\t<div class=\"elementor-element elementor-element-67a8032 e-con-full e-flex e-con e-child\" data-id=\"67a8032\" data-element_type=\"container\">\n\t\t\t\t<div class=\"elementor-element elementor-element-aa9a540 elementor-widget elementor-widget-image\" data-id=\"aa9a540\" data-element_type=\"widget\" data-widget_type=\"image.default\">\n\t\t\t\t<div class=\"elementor-widget-container\">\n\t\t\t\t\t\t\t\t\t\t\t\t\t\t\t<img loading=\"lazy\" decoding=\"async\" width=\"589\" height=\"368\" src=\"https:\/\/zomoofficial.com\/wp-content\/uploads\/2024\/10\/criancas-na-comunidade-zomo-vivir.png\" class=\"attachment-full size-full wp-image-1014\" alt=\"\" srcset=\"https:\/\/zomoofficial.com\/wp-content\/uploads\/2024\/10\/criancas-na-comunidade-zomo-vivir.png 589w, https:\/\/zomoofficial.com\/wp-content\/uploads\/2024\/10\/criancas-na-comunidade-zomo-vivir-300x187.png 300w\" sizes=\"(max-width: 589px) 100vw, 589px\" \/>\t\t\t\t\t\t\t\t\t\t\t\t\t\t\t<\/div>\n\t\t\t\t<\/div>\n\t\t\t\t<\/div>\n\t\t<div class=\"elementor-element elementor-element-f701f27 e-con-full e-flex e-con e-child\" data-id=\"f701f27\" data-element_type=\"container\">\n\t\t\t\t<div class=\"elementor-element elementor-element-49a4f22 elementor-widget elementor-widget-image\" data-id=\"49a4f22\" data-element_type=\"widget\" data-widget_type=\"image.default\">\n\t\t\t\t<div class=\"elementor-widget-container\">\n\t\t\t\t\t\t\t\t\t\t\t\t\t\t\t<img loading=\"lazy\" decoding=\"async\" width=\"589\" height=\"368\" src=\"https:\/\/zomoofficial.com\/wp-content\/uploads\/2024\/10\/criancas-na-comunidade-zomo-vivir-2-1.png\" class=\"attachment-full size-full wp-image-1015\" alt=\"\" srcset=\"https:\/\/zomoofficial.com\/wp-content\/uploads\/2024\/10\/criancas-na-comunidade-zomo-vivir-2-1.png 589w, https:\/\/zomoofficial.com\/wp-content\/uploads\/2024\/10\/criancas-na-comunidade-zomo-vivir-2-1-300x187.png 300w\" sizes=\"(max-width: 589px) 100vw, 589px\" \/>\t\t\t\t\t\t\t\t\t\t\t\t\t\t\t<\/div>\n\t\t\t\t<\/div>\n\t\t\t\t<\/div>\n\t\t\t\t\t<\/div>\n\t\t\t\t<\/div>\n\t\t\t\t<\/div>","protected":false},"excerpt":{"rendered":"<p>ZOMO VIVIR Conhe\u00e7a o programa que apoia projetos sociais com mais de 50 crian\u00e7as em situa\u00e7\u00e3o de risco, fazendo a diferen\u00e7a na vida de muitos. \u00a0 Um dos lemas da Zomo \u00e9 trazer alegria por onde for. Queremos que todos possam viver com muita felicidade. \u00c9 dessa vontade de mudar o mundo que nasceu o [&hellip;]<\/p>","protected":false},"author":3,"featured_media":0,"parent":0,"menu_order":0,"comment_status":"closed","ping_status":"closed","template":"","meta":{"_acf_changed":false,"footnotes":""},"class_list":["post-37","page","type-page","status-publish","hentry"],"acf":[],"_links":{"self":[{"href":"https:\/\/zomoofficial.com\/en\/wp-json\/wp\/v2\/pages\/37","targetHints":{"allow":["GET"]}}],"collection":[{"href":"https:\/\/zomoofficial.com\/en\/wp-json\/wp\/v2\/pages"}],"about":[{"href":"https:\/\/zomoofficial.com\/en\/wp-json\/wp\/v2\/types\/page"}],"author":[{"embeddable":true,"href":"https:\/\/zomoofficial.com\/en\/wp-json\/wp\/v2\/users\/3"}],"replies":[{"embeddable":true,"href":"https:\/\/zomoofficial.com\/en\/wp-json\/wp\/v2\/comments?post=37"}],"version-history":[{"count":22,"href":"https:\/\/zomoofficial.com\/en\/wp-json\/wp\/v2\/pages\/37\/revisions"}],"predecessor-version":[{"id":3465,"href":"https:\/\/zomoofficial.com\/en\/wp-json\/wp\/v2\/pages\/37\/revisions\/3465"}],"wp:attachment":[{"href":"https:\/\/zomoofficial.com\/en\/wp-json\/wp\/v2\/media?parent=37"}],"curies":[{"name":"wp","href":"https:\/\/api.w.org\/{rel}","templated":true}]}}