{"id":2883,"date":"2025-04-14T20:40:47","date_gmt":"2025-04-14T23:40:47","guid":{"rendered":"http:\/\/137.116.112.48:8080\/?page_id=2883"},"modified":"2025-06-12T11:57:17","modified_gmt":"2025-06-12T14:57:17","slug":"acessorios","status":"publish","type":"page","link":"https:\/\/zomoofficial.com\/en\/acessorios\/","title":{"rendered":"Accessories"},"content":{"rendered":"<div data-elementor-type=\"wp-page\" data-elementor-id=\"2883\" class=\"elementor elementor-2883\" data-elementor-settings=\"{&quot;element_pack_global_tooltip_width&quot;:{&quot;unit&quot;:&quot;px&quot;,&quot;size&quot;:&quot;&quot;,&quot;sizes&quot;:[]},&quot;element_pack_global_tooltip_width_tablet&quot;:{&quot;unit&quot;:&quot;px&quot;,&quot;size&quot;:&quot;&quot;,&quot;sizes&quot;:[]},&quot;element_pack_global_tooltip_width_mobile&quot;:{&quot;unit&quot;:&quot;px&quot;,&quot;size&quot;:&quot;&quot;,&quot;sizes&quot;:[]},&quot;element_pack_global_tooltip_padding&quot;:{&quot;unit&quot;:&quot;px&quot;,&quot;top&quot;:&quot;&quot;,&quot;right&quot;:&quot;&quot;,&quot;bottom&quot;:&quot;&quot;,&quot;left&quot;:&quot;&quot;,&quot;isLinked&quot;:true},&quot;element_pack_global_tooltip_padding_tablet&quot;:{&quot;unit&quot;:&quot;px&quot;,&quot;top&quot;:&quot;&quot;,&quot;right&quot;:&quot;&quot;,&quot;bottom&quot;:&quot;&quot;,&quot;left&quot;:&quot;&quot;,&quot;isLinked&quot;:true},&quot;element_pack_global_tooltip_padding_mobile&quot;:{&quot;unit&quot;:&quot;px&quot;,&quot;top&quot;:&quot;&quot;,&quot;right&quot;:&quot;&quot;,&quot;bottom&quot;:&quot;&quot;,&quot;left&quot;:&quot;&quot;,&quot;isLinked&quot;:true},&quot;element_pack_global_tooltip_border_radius&quot;:{&quot;unit&quot;:&quot;px&quot;,&quot;top&quot;:&quot;&quot;,&quot;right&quot;:&quot;&quot;,&quot;bottom&quot;:&quot;&quot;,&quot;left&quot;:&quot;&quot;,&quot;isLinked&quot;:true},&quot;element_pack_global_tooltip_border_radius_tablet&quot;:{&quot;unit&quot;:&quot;px&quot;,&quot;top&quot;:&quot;&quot;,&quot;right&quot;:&quot;&quot;,&quot;bottom&quot;:&quot;&quot;,&quot;left&quot;:&quot;&quot;,&quot;isLinked&quot;:true},&quot;element_pack_global_tooltip_border_radius_mobile&quot;:{&quot;unit&quot;:&quot;px&quot;,&quot;top&quot;:&quot;&quot;,&quot;right&quot;:&quot;&quot;,&quot;bottom&quot;:&quot;&quot;,&quot;left&quot;:&quot;&quot;,&quot;isLinked&quot;:true}}\" data-elementor-post-type=\"page\">\n\t\t\t\t<div class=\"elementor-element elementor-element-fc0df71 e-con-full e-flex e-con e-parent\" data-id=\"fc0df71\" data-element_type=\"container\">\n\t\t\t\t<\/div>\n\t\t<div class=\"elementor-element elementor-element-67d6f32 e-flex e-con-boxed e-con e-parent\" data-id=\"67d6f32\" data-element_type=\"container\">\n\t\t\t\t\t<div class=\"e-con-inner\">\n\t\t\t\t<div class=\"elementor-element elementor-element-9210eed elementor-widget elementor-widget-heading\" data-id=\"9210eed\" data-element_type=\"widget\" data-widget_type=\"heading.default\">\n\t\t\t\t<div class=\"elementor-widget-container\">\n\t\t\t\t\t<h2 class=\"elementor-heading-title elementor-size-default\">ACCESSORIES<\/h2>\t\t\t\t<\/div>\n\t\t\t\t<\/div>\n\t\t\t\t\t<\/div>\n\t\t\t\t<\/div>\n\t\t<div class=\"elementor-element elementor-element-9009d03 e-flex e-con-boxed e-con e-parent\" data-id=\"9009d03\" data-element_type=\"container\">\n\t\t\t\t\t<div class=\"e-con-inner\">\n\t\t<div class=\"elementor-element elementor-element-2e610b4 e-con-full e-flex e-con e-child\" data-id=\"2e610b4\" data-element_type=\"container\">\n\t\t\t\t<div class=\"elementor-element elementor-element-52154d1 elementor-widget__width-initial elementor-widget elementor-widget-text-editor\" data-id=\"52154d1\" data-element_type=\"widget\" data-widget_type=\"text-editor.default\">\n\t\t\t\t<div class=\"elementor-widget-container\">\n\t\t\t\t\t\t\t\t\t<p>Zomo accessories are perfect for those who enjoy quality and style when smoking. Not to mention that they are super easy to clean and guarantee a sinister hookah experience. If you enjoy that respectable roll, the accessories <strong>Zomo<\/strong> are the right choice to complete the vibe!<\/p>\t\t\t\t\t\t\t\t<\/div>\n\t\t\t\t<\/div>\n\t\t\t\t<\/div>\n\t\t<div class=\"elementor-element elementor-element-f25061d e-con-full e-flex e-con e-child\" data-id=\"f25061d\" data-element_type=\"container\">\n\t\t\t\t<div class=\"elementor-element elementor-element-c3f9d6c elementor-hidden-tablet elementor-hidden-mobile elementor-arrows-position-inside elementor-widget elementor-widget-image-carousel\" data-id=\"c3f9d6c\" data-element_type=\"widget\" data-settings=\"{&quot;slides_to_show&quot;:&quot;1&quot;,&quot;navigation&quot;:&quot;arrows&quot;,&quot;autoplay_speed&quot;:4000,&quot;speed&quot;:1200,&quot;effect&quot;:&quot;fade&quot;,&quot;autoplay&quot;:&quot;yes&quot;,&quot;pause_on_hover&quot;:&quot;yes&quot;,&quot;pause_on_interaction&quot;:&quot;yes&quot;,&quot;infinite&quot;:&quot;yes&quot;}\" data-widget_type=\"image-carousel.default\">\n\t\t\t\t<div class=\"elementor-widget-container\">\n\t\t\t\t\t\t\t<div class=\"elementor-image-carousel-wrapper swiper\" role=\"region\" aria-roledescription=\"carousel\" aria-label=\"Carrossel de imagens\" dir=\"rtl\">\n\t\t\t<div class=\"elementor-image-carousel swiper-wrapper swiper-image-stretch\" aria-live=\"off\">\n\t\t\t\t\t\t\t\t<div class=\"swiper-slide\" role=\"group\" aria-roledescription=\"slide\" aria-label=\"1 de 1\"><figure class=\"swiper-slide-inner\"><img decoding=\"async\" class=\"swiper-slide-image\" src=\"https:\/\/zomoofficial.com\/wp-content\/uploads\/2024\/11\/NEW-BANNER_MANGUEIRA_ZOMO.jpg\" alt=\"NEW-BANNER_MANGUEIRA_ZOMO\" \/><\/figure><\/div>\t\t\t<\/div>\n\t\t\t\t\t<\/div>\n\t\t\t\t\t\t<\/div>\n\t\t\t\t<\/div>\n\t\t\t\t<\/div>\n\t\t\t\t\t<\/div>\n\t\t\t\t<\/div>\n\t\t<div class=\"elementor-element elementor-element-e1db39d e-flex e-con-boxed e-con e-parent\" data-id=\"e1db39d\" data-element_type=\"container\">\n\t\t\t\t\t<div class=\"e-con-inner\">\n\t\t<div class=\"elementor-element elementor-element-95f2717 e-con-full e-flex e-con e-child\" data-id=\"95f2717\" data-element_type=\"container\">\n\t\t\t\t<div class=\"elementor-element elementor-element-c4baed6 elementor-widget elementor-widget-image\" data-id=\"c4baed6\" data-element_type=\"widget\" data-widget_type=\"image.default\">\n\t\t\t\t<div class=\"elementor-widget-container\">\n\t\t\t\t\t\t\t\t\t\t\t\t\t\t\t\t<a href=\"https:\/\/zomoofficial.com\/en\/zomo-zona-narguiles\/\">\n\t\t\t\t\t\t\t<img fetchpriority=\"high\" decoding=\"async\" width=\"800\" height=\"800\" src=\"https:\/\/zomoofficial.com\/wp-content\/uploads\/2025\/01\/zomo_narguiles_site-1024x1024.png\" class=\"attachment-large size-large wp-image-2036\" alt=\"\" srcset=\"https:\/\/zomoofficial.com\/wp-content\/uploads\/2025\/01\/zomo_narguiles_site-1024x1024.png 1024w, https:\/\/zomoofficial.com\/wp-content\/uploads\/2025\/01\/zomo_narguiles_site-300x300.png 300w, https:\/\/zomoofficial.com\/wp-content\/uploads\/2025\/01\/zomo_narguiles_site-150x150.png 150w, https:\/\/zomoofficial.com\/wp-content\/uploads\/2025\/01\/zomo_narguiles_site-768x768.png 768w, https:\/\/zomoofficial.com\/wp-content\/uploads\/2025\/01\/zomo_narguiles_site-12x12.png 12w, https:\/\/zomoofficial.com\/wp-content\/uploads\/2025\/01\/zomo_narguiles_site.png 1080w\" sizes=\"(max-width: 800px) 100vw, 800px\" \/>\t\t\t\t\t\t\t\t<\/a>\n\t\t\t\t\t\t\t\t\t\t\t\t\t\t\t<\/div>\n\t\t\t\t<\/div>\n\t\t\t\t<div class=\"elementor-element elementor-element-7a5dfc5 elementor-widget elementor-widget-heading\" data-id=\"7a5dfc5\" data-element_type=\"widget\" data-widget_type=\"heading.default\">\n\t\t\t\t<div class=\"elementor-widget-container\">\n\t\t\t\t\t<h2 class=\"elementor-heading-title elementor-size-default\">Hookahs<\/h2>\t\t\t\t<\/div>\n\t\t\t\t<\/div>\n\t\t\t\t<div class=\"elementor-element elementor-element-83f2b07 elementor-widget elementor-widget-text-editor\" data-id=\"83f2b07\" data-element_type=\"widget\" data-widget_type=\"text-editor.default\">\n\t\t\t\t<div class=\"elementor-widget-container\">\n\t\t\t\t\t\t\t\t\t<p>Enjoy longer sessions, Zomo hookahs are synonymous with quality and\u2026<\/p>\t\t\t\t\t\t\t\t<\/div>\n\t\t\t\t<\/div>\n\t\t\t\t<div class=\"elementor-element elementor-element-83ad26f elementor-widget elementor-widget-button\" data-id=\"83ad26f\" data-element_type=\"widget\" data-widget_type=\"button.default\">\n\t\t\t\t<div class=\"elementor-widget-container\">\n\t\t\t\t\t\t\t\t\t<div class=\"elementor-button-wrapper\">\n\t\t\t\t\t<a class=\"elementor-button elementor-button-link elementor-size-sm\" href=\"https:\/\/zomoofficial.com\/en\/zomo-zona-narguiles\/\">\n\t\t\t\t\t\t<span class=\"elementor-button-content-wrapper\">\n\t\t\t\t\t\t<span class=\"elementor-button-icon\">\n\t\t\t\t<svg aria-hidden=\"true\" class=\"e-font-icon-svg e-fas-arrow-alt-circle-right\" viewbox=\"0 0 512 512\" xmlns=\"http:\/\/www.w3.org\/2000\/svg\"><path d=\"M256 8c137 0 248 111 248 248S393 504 256 504 8 393 8 256 119 8 256 8zM140 300h116v70.9c0 10.7 13 16.1 20.5 8.5l114.3-114.9c4.7-4.7 4.7-12.2 0-16.9l-114.3-115c-7.6-7.6-20.5-2.2-20.5 8.5V212H140c-6.6 0-12 5.4-12 12v64c0 6.6 5.4 12 12 12z\"><\/path><\/svg>\t\t\t<\/span>\n\t\t\t\t\t\t\t\t\t<span class=\"elementor-button-text\">SEE MORE<\/span>\n\t\t\t\t\t<\/span>\n\t\t\t\t\t<\/a>\n\t\t\t\t<\/div>\n\t\t\t\t\t\t\t\t<\/div>\n\t\t\t\t<\/div>\n\t\t\t\t<\/div>\n\t\t<div class=\"elementor-element elementor-element-09d8fa1 e-con-full e-flex e-con e-child\" data-id=\"09d8fa1\" data-element_type=\"container\">\n\t\t\t\t<div class=\"elementor-element elementor-element-6c298bc elementor-widget elementor-widget-image\" data-id=\"6c298bc\" data-element_type=\"widget\" data-widget_type=\"image.default\">\n\t\t\t\t<div class=\"elementor-widget-container\">\n\t\t\t\t\t\t\t\t\t\t\t\t\t\t\t\t<a href=\"https:\/\/137.116.112.48:8080\/carvao-zomo\/\">\n\t\t\t\t\t\t\t<img decoding=\"async\" width=\"800\" height=\"800\" src=\"https:\/\/zomoofficial.com\/wp-content\/uploads\/2025\/01\/zomo_carvao_site-1024x1024.png\" class=\"attachment-large size-large wp-image-2037\" alt=\"\" srcset=\"https:\/\/zomoofficial.com\/wp-content\/uploads\/2025\/01\/zomo_carvao_site-1024x1024.png 1024w, https:\/\/zomoofficial.com\/wp-content\/uploads\/2025\/01\/zomo_carvao_site-300x300.png 300w, https:\/\/zomoofficial.com\/wp-content\/uploads\/2025\/01\/zomo_carvao_site-150x150.png 150w, https:\/\/zomoofficial.com\/wp-content\/uploads\/2025\/01\/zomo_carvao_site-768x768.png 768w, https:\/\/zomoofficial.com\/wp-content\/uploads\/2025\/01\/zomo_carvao_site-12x12.png 12w, https:\/\/zomoofficial.com\/wp-content\/uploads\/2025\/01\/zomo_carvao_site.png 1080w\" sizes=\"(max-width: 800px) 100vw, 800px\" \/>\t\t\t\t\t\t\t\t<\/a>\n\t\t\t\t\t\t\t\t\t\t\t\t\t\t\t<\/div>\n\t\t\t\t<\/div>\n\t\t\t\t<div class=\"elementor-element elementor-element-8410c3c elementor-widget elementor-widget-heading\" data-id=\"8410c3c\" data-element_type=\"widget\" data-widget_type=\"heading.default\">\n\t\t\t\t<div class=\"elementor-widget-container\">\n\t\t\t\t\t<h2 class=\"elementor-heading-title elementor-size-default\"><a href=\"https:\/\/137.116.112.48:8080\/carvao-zomo\/\">Coal<\/a><\/h2>\t\t\t\t<\/div>\n\t\t\t\t<\/div>\n\t\t\t\t<div class=\"elementor-element elementor-element-e73f3a1 elementor-widget elementor-widget-text-editor\" data-id=\"e73f3a1\" data-element_type=\"widget\" data-widget_type=\"text-editor.default\">\n\t\t\t\t<div class=\"elementor-widget-container\">\n\t\t\t\t\t\t\t\t\t<p>100% ecological charcoal, made from coconut fiber, ultra-resistant, completely free of\u2026<\/p>\t\t\t\t\t\t\t\t<\/div>\n\t\t\t\t<\/div>\n\t\t\t\t<div class=\"elementor-element elementor-element-ee3bb51 elementor-widget elementor-widget-button\" data-id=\"ee3bb51\" data-element_type=\"widget\" data-widget_type=\"button.default\">\n\t\t\t\t<div class=\"elementor-widget-container\">\n\t\t\t\t\t\t\t\t\t<div class=\"elementor-button-wrapper\">\n\t\t\t\t\t<a class=\"elementor-button elementor-button-link elementor-size-sm\" href=\"https:\/\/137.116.112.48:8080\/carvao-zomo\/\">\n\t\t\t\t\t\t<span class=\"elementor-button-content-wrapper\">\n\t\t\t\t\t\t<span class=\"elementor-button-icon\">\n\t\t\t\t<svg aria-hidden=\"true\" class=\"e-font-icon-svg e-fas-arrow-alt-circle-right\" viewbox=\"0 0 512 512\" xmlns=\"http:\/\/www.w3.org\/2000\/svg\"><path d=\"M256 8c137 0 248 111 248 248S393 504 256 504 8 393 8 256 119 8 256 8zM140 300h116v70.9c0 10.7 13 16.1 20.5 8.5l114.3-114.9c4.7-4.7 4.7-12.2 0-16.9l-114.3-115c-7.6-7.6-20.5-2.2-20.5 8.5V212H140c-6.6 0-12 5.4-12 12v64c0 6.6 5.4 12 12 12z\"><\/path><\/svg>\t\t\t<\/span>\n\t\t\t\t\t\t\t\t\t<span class=\"elementor-button-text\">SEE MORE<\/span>\n\t\t\t\t\t<\/span>\n\t\t\t\t\t<\/a>\n\t\t\t\t<\/div>\n\t\t\t\t\t\t\t\t<\/div>\n\t\t\t\t<\/div>\n\t\t\t\t<\/div>\n\t\t<div class=\"elementor-element elementor-element-9939e92 e-con-full e-flex e-con e-child\" data-id=\"9939e92\" data-element_type=\"container\">\n\t\t\t\t<div class=\"elementor-element elementor-element-744fe20 elementor-widget elementor-widget-image\" data-id=\"744fe20\" data-element_type=\"widget\" data-widget_type=\"image.default\">\n\t\t\t\t<div class=\"elementor-widget-container\">\n\t\t\t\t\t\t\t\t\t\t\t\t\t\t\t\t<a href=\"https:\/\/zomoofficial.com\/en\/mangueira-zomo\/\">\n\t\t\t\t\t\t\t<img decoding=\"async\" width=\"800\" height=\"800\" src=\"https:\/\/zomoofficial.com\/wp-content\/uploads\/2025\/01\/zomo_mangueira_site-1024x1024.png\" class=\"attachment-large size-large wp-image-2035\" alt=\"\" srcset=\"https:\/\/zomoofficial.com\/wp-content\/uploads\/2025\/01\/zomo_mangueira_site-1024x1024.png 1024w, https:\/\/zomoofficial.com\/wp-content\/uploads\/2025\/01\/zomo_mangueira_site-300x300.png 300w, https:\/\/zomoofficial.com\/wp-content\/uploads\/2025\/01\/zomo_mangueira_site-150x150.png 150w, https:\/\/zomoofficial.com\/wp-content\/uploads\/2025\/01\/zomo_mangueira_site-768x768.png 768w, https:\/\/zomoofficial.com\/wp-content\/uploads\/2025\/01\/zomo_mangueira_site-12x12.png 12w, https:\/\/zomoofficial.com\/wp-content\/uploads\/2025\/01\/zomo_mangueira_site.png 1080w\" sizes=\"(max-width: 800px) 100vw, 800px\" \/>\t\t\t\t\t\t\t\t<\/a>\n\t\t\t\t\t\t\t\t\t\t\t\t\t\t\t<\/div>\n\t\t\t\t<\/div>\n\t\t\t\t<div class=\"elementor-element elementor-element-97f786f elementor-widget elementor-widget-heading\" data-id=\"97f786f\" data-element_type=\"widget\" data-widget_type=\"heading.default\">\n\t\t\t\t<div class=\"elementor-widget-container\">\n\t\t\t\t\t<h2 class=\"elementor-heading-title elementor-size-default\">Hose<\/h2>\t\t\t\t<\/div>\n\t\t\t\t<\/div>\n\t\t\t\t<div class=\"elementor-element elementor-element-331119a elementor-widget elementor-widget-text-editor\" data-id=\"331119a\" data-element_type=\"widget\" data-widget_type=\"text-editor.default\">\n\t\t\t\t<div class=\"elementor-widget-container\">\n\t\t\t\t\t\t\t\t\t<p>The hose is made of ultra-resistant thermoplastic polymer, easy to clean\u2026<\/p>\t\t\t\t\t\t\t\t<\/div>\n\t\t\t\t<\/div>\n\t\t\t\t<div class=\"elementor-element elementor-element-3a14933 elementor-widget elementor-widget-button\" data-id=\"3a14933\" data-element_type=\"widget\" data-widget_type=\"button.default\">\n\t\t\t\t<div class=\"elementor-widget-container\">\n\t\t\t\t\t\t\t\t\t<div class=\"elementor-button-wrapper\">\n\t\t\t\t\t<a class=\"elementor-button elementor-button-link elementor-size-sm\" href=\"https:\/\/zomoofficial.com\/en\/mangueira-zomo\/\">\n\t\t\t\t\t\t<span class=\"elementor-button-content-wrapper\">\n\t\t\t\t\t\t<span class=\"elementor-button-icon\">\n\t\t\t\t<svg aria-hidden=\"true\" class=\"e-font-icon-svg e-fas-arrow-alt-circle-right\" viewbox=\"0 0 512 512\" xmlns=\"http:\/\/www.w3.org\/2000\/svg\"><path d=\"M256 8c137 0 248 111 248 248S393 504 256 504 8 393 8 256 119 8 256 8zM140 300h116v70.9c0 10.7 13 16.1 20.5 8.5l114.3-114.9c4.7-4.7 4.7-12.2 0-16.9l-114.3-115c-7.6-7.6-20.5-2.2-20.5 8.5V212H140c-6.6 0-12 5.4-12 12v64c0 6.6 5.4 12 12 12z\"><\/path><\/svg>\t\t\t<\/span>\n\t\t\t\t\t\t\t\t\t<span class=\"elementor-button-text\">SEE MORE<\/span>\n\t\t\t\t\t<\/span>\n\t\t\t\t\t<\/a>\n\t\t\t\t<\/div>\n\t\t\t\t\t\t\t\t<\/div>\n\t\t\t\t<\/div>\n\t\t\t\t<\/div>\n\t\t<div class=\"elementor-element elementor-element-72a58af e-con-full e-flex e-con e-child\" data-id=\"72a58af\" data-element_type=\"container\">\n\t\t\t\t<div class=\"elementor-element elementor-element-8a3f358 elementor-widget elementor-widget-image\" data-id=\"8a3f358\" data-element_type=\"widget\" data-widget_type=\"image.default\">\n\t\t\t\t<div class=\"elementor-widget-container\">\n\t\t\t\t\t\t\t\t\t\t\t\t\t\t\t\t<a href=\"https:\/\/zomoofficial.com\/en\/papel-aluminio\/\">\n\t\t\t\t\t\t\t<img loading=\"lazy\" decoding=\"async\" width=\"800\" height=\"800\" src=\"https:\/\/zomoofficial.com\/wp-content\/uploads\/2025\/01\/zomo_aluminio_site-1024x1024.png\" class=\"attachment-large size-large wp-image-2038\" alt=\"\" srcset=\"https:\/\/zomoofficial.com\/wp-content\/uploads\/2025\/01\/zomo_aluminio_site-1024x1024.png 1024w, https:\/\/zomoofficial.com\/wp-content\/uploads\/2025\/01\/zomo_aluminio_site-300x300.png 300w, https:\/\/zomoofficial.com\/wp-content\/uploads\/2025\/01\/zomo_aluminio_site-150x150.png 150w, https:\/\/zomoofficial.com\/wp-content\/uploads\/2025\/01\/zomo_aluminio_site-768x768.png 768w, https:\/\/zomoofficial.com\/wp-content\/uploads\/2025\/01\/zomo_aluminio_site-12x12.png 12w, https:\/\/zomoofficial.com\/wp-content\/uploads\/2025\/01\/zomo_aluminio_site.png 1080w\" sizes=\"(max-width: 800px) 100vw, 800px\" \/>\t\t\t\t\t\t\t\t<\/a>\n\t\t\t\t\t\t\t\t\t\t\t\t\t\t\t<\/div>\n\t\t\t\t<\/div>\n\t\t\t\t<div class=\"elementor-element elementor-element-ee44ae2 elementor-widget elementor-widget-heading\" data-id=\"ee44ae2\" data-element_type=\"widget\" data-widget_type=\"heading.default\">\n\t\t\t\t<div class=\"elementor-widget-container\">\n\t\t\t\t\t<h2 class=\"elementor-heading-title elementor-size-default\">Aluminum foil<\/h2>\t\t\t\t<\/div>\n\t\t\t\t<\/div>\n\t\t\t\t<div class=\"elementor-element elementor-element-10b4f2e elementor-widget elementor-widget-text-editor\" data-id=\"10b4f2e\" data-element_type=\"widget\" data-widget_type=\"text-editor.default\">\n\t\t\t\t<div class=\"elementor-widget-container\">\n\t\t\t\t\t\t\t\t\t<p>With two strategically integrated layers, it maintains heat in a\u2026<\/p>\t\t\t\t\t\t\t\t<\/div>\n\t\t\t\t<\/div>\n\t\t\t\t<div class=\"elementor-element elementor-element-88f801e elementor-widget elementor-widget-button\" data-id=\"88f801e\" data-element_type=\"widget\" data-widget_type=\"button.default\">\n\t\t\t\t<div class=\"elementor-widget-container\">\n\t\t\t\t\t\t\t\t\t<div class=\"elementor-button-wrapper\">\n\t\t\t\t\t<a class=\"elementor-button elementor-button-link elementor-size-sm\" href=\"https:\/\/zomoofficial.com\/en\/papel-aluminio\/\">\n\t\t\t\t\t\t<span class=\"elementor-button-content-wrapper\">\n\t\t\t\t\t\t<span class=\"elementor-button-icon\">\n\t\t\t\t<svg aria-hidden=\"true\" class=\"e-font-icon-svg e-fas-arrow-alt-circle-right\" viewbox=\"0 0 512 512\" xmlns=\"http:\/\/www.w3.org\/2000\/svg\"><path d=\"M256 8c137 0 248 111 248 248S393 504 256 504 8 393 8 256 119 8 256 8zM140 300h116v70.9c0 10.7 13 16.1 20.5 8.5l114.3-114.9c4.7-4.7 4.7-12.2 0-16.9l-114.3-115c-7.6-7.6-20.5-2.2-20.5 8.5V212H140c-6.6 0-12 5.4-12 12v64c0 6.6 5.4 12 12 12z\"><\/path><\/svg>\t\t\t<\/span>\n\t\t\t\t\t\t\t\t\t<span class=\"elementor-button-text\">SEE MORE<\/span>\n\t\t\t\t\t<\/span>\n\t\t\t\t\t<\/a>\n\t\t\t\t<\/div>\n\t\t\t\t\t\t\t\t<\/div>\n\t\t\t\t<\/div>\n\t\t\t\t<\/div>\n\t\t\t\t\t<\/div>\n\t\t\t\t<\/div>\n\t\t\t\t<\/div>","protected":false},"excerpt":{"rendered":"<p>ACESS\u00d3RIOS Os acess\u00f3rios Zomo s\u00e3o perfeitos pra quem curte qualidade e estilo na hora de fumar. Sem contar que s\u00e3o super f\u00e1ceis de limpar e garantir uma experi\u00eancia de narguile sinistra. Se voc\u00ea curte aquele rol\u00ea de respeito, os acess\u00f3rios Zomo s\u00e3o a escolha certa pra completar a vibe! Narguiles Desfrute de sess\u00f5es mais longas, [&hellip;]<\/p>","protected":false},"author":3,"featured_media":0,"parent":0,"menu_order":0,"comment_status":"closed","ping_status":"closed","template":"","meta":{"_acf_changed":false,"footnotes":""},"class_list":["post-2883","page","type-page","status-publish","hentry"],"acf":[],"_links":{"self":[{"href":"https:\/\/zomoofficial.com\/en\/wp-json\/wp\/v2\/pages\/2883","targetHints":{"allow":["GET"]}}],"collection":[{"href":"https:\/\/zomoofficial.com\/en\/wp-json\/wp\/v2\/pages"}],"about":[{"href":"https:\/\/zomoofficial.com\/en\/wp-json\/wp\/v2\/types\/page"}],"author":[{"embeddable":true,"href":"https:\/\/zomoofficial.com\/en\/wp-json\/wp\/v2\/users\/3"}],"replies":[{"embeddable":true,"href":"https:\/\/zomoofficial.com\/en\/wp-json\/wp\/v2\/comments?post=2883"}],"version-history":[{"count":22,"href":"https:\/\/zomoofficial.com\/en\/wp-json\/wp\/v2\/pages\/2883\/revisions"}],"predecessor-version":[{"id":3386,"href":"https:\/\/zomoofficial.com\/en\/wp-json\/wp\/v2\/pages\/2883\/revisions\/3386"}],"wp:attachment":[{"href":"https:\/\/zomoofficial.com\/en\/wp-json\/wp\/v2\/media?parent=2883"}],"curies":[{"name":"wp","href":"https:\/\/api.w.org\/{rel}","templated":true}]}}